{"id":186,"date":"2022-10-14T06:33:52","date_gmt":"2022-10-14T10:33:52","guid":{"rendered":"https:\/\/pruebas.michollo.to\/?page_id=186"},"modified":"2023-03-01T14:15:59","modified_gmt":"2023-03-01T13:15:59","slug":"terminos-y-condiciones","status":"publish","type":"page","link":"https:\/\/bitcube.es\/en\/terms-and-conditions\/","title":{"rendered":"Terms and Conditions"},"content":{"rendered":"<p>LEGAL CONDITIONS OF SALE<br><br>Bitcube<br><br>1. GENERAL INFORMATION<br>The ownership of this website, Bitcube, corresponds to the company HREF DIGITAL SL, registered in the Mercantile Registry of La Coru\u00f1a, with CIF B70533013; with the following contact details:<br>Direcci\u00f3n: C. de Canarias, 40, Arganzuela, 28045 Madrid<br>Contact telephone number: +34 665995234<br>E-mail: contacto@bitcube.es<br>This document regulates the legal terms and conditions of sale governing<br>Bitcube.<br>Compliance with the privacy policy (available at the<br>web) and the cookies policy (available on the web).<br>You may be redirected from Bitcube to other web pages, Bitcube does not<br>is responsible for the operation, security and availability of these web sites because<br>has no control over them and are subject to their own terms and conditions.<br>conditions.<br>2. THE USER<br>Hereinafter, any reference to \"user\" shall refer to any individual or legal entity with<br>capacity to contract, who contracts or purchases any of the services and supplies<br>offered by Bitcube.<br>Users\" are considered to be consumers over the age of 18 (over 18 years of age).<br>and legal persons; and accept the present legal conditions of sale.<br>Among users, there are two different ways to carry out the process<br>purchase.<br>The registered user is the one who has created a customer account on the website.<br>Bitcube.<br><br>To become a registered user you must provide the following information: first name, last name,<br>e-mail address and password. Once created, you will be able to access and<br>to make the purchase process as a registered user.<br>On the other hand, the purchase can be made as an unregistered user, so that,<br>provides the e-mail address and data at the time of purchase.<br>3. PURCHASING PROCESS<br>All information concerning the products offered by Bitcube will be observed.<br>on the web site (https:\/\/bitcube.es\/), indicating on each product the information<br>necessary:<br>\uf0a7 Product brand<br>\uf0a7 Product model<br>\uf0a7 Product images<br>\uf0a7 Product description<br>\uf0a7 Product price<br>\uf0a7 Product technical specifications<br>\uf0a7 Product availability<br>\uf0a7 Other related and recommended products<br>In case of adding new products, these will be governed by the general conditions here<br>exposed.<br>The purchasing process is divided into a series of phases, which are as follows:<br>Step 1: Basket validation<br>There are two possibilities to make the purchase. Either you add the product to the cart<br>and validating the shopping cart by clicking on the \"Checkout\" button.<br>button, all the selected products will be displayed in the shopping basket, the<br>quantity of each product and the price of each product and total price. Either you<br>select directly on the product the buy button.<br>Step 2: Provide billing and shipping data<br>After clicking on the buy button, the identification data will be provided.<br>an e-mail identification (if you do not have a registered user).<br><br>After providing the data, the type of shipment must be selected, indicating the<br>estimated delivery time and cost of service.<br>Step 3: Select payment method<br>The user must select the desired payment method. The possible methods of<br>Current payment methods are: via credit or debit card, or via PayPal.<br>Once selected, in order to execute the payment, the following will be considered as accepted<br>\"Legal terms and conditions of sale\" described herein.<br>Step 4: Payment of the economic amount<br>Once you have selected the payment method, you will proceed to the payment of the economic amount.<br>purchased.<br>Step 5: Confirmation of purchase<br>An informative e-mail will be provided shortly thereafter, with the<br>confirmation of the purchase and the summary of the purchase. This email will be considered as<br>\"proof of purchase\".<br>4. PRICES AND PAYMENTS<br>All Bitcube products show the final price of the product.<br>Within the price of each product, it is outlined what is included within that price,<br>including, in general:<br>\uf0b7 The installation and configuration of the product: this will be done only through<br>specific demand from the user to Bitcube and previous<br>approval of the cost proposal submitted by Bitcube.<br>\uf0b7 The support and follow-up during 6 months, in case of any incidence<br>\uf0b7 All products are subject to a warranty (the terms and conditions are specified in the<br>section \"WARRANTIES\")<br>\uf0b7 VAT<br>Product prices are shown in euros.<br><br>Bitcube reserves the right to modify prices at any time.<br>without prior notice. Even so, the current prices will apply.<br>indicated at the time of placing the corresponding order.<br>To proceed with the payment, the customer must follow the steps indicated in the payment process.<br>purchase, and use one of the payment methods allowed on Bitcube.<br>The charge will be made from the moment the order is placed.<br>Bitcube will not store any data relating to credit cards.<br>credit\/debit card or other forms of payment (PayPal). These data will be kept only<br>during the purchase process and for the duration of the withdrawal period.<br>5. SHIPPING<br>Bitcube ships to all of Spain (including island areas and<br>autonomous cities).<br>To calculate the shipping cost, it will be based on the price of the product; and time<br>The estimated delivery time will be the same for all shipments, according to the following table:<br>Product weight Shipping time Shipping price<br>0kg-5kg 10 working days 6,50\u20ac 6,50<br>5.1kg-10kg 10 working days 10,00\u20ac 10,00<br>10.1kg-15kg 10 working days 13,60\u20ac 13,60<br>Estimated delivery time is calculated from the time of shipment, not from the date of delivery.<br>must necessarily coincide with the placement of the order.<br>If the package is returned due to an incorrect or incomplete address, it will be the<br>user who must assume the cost of shipping the purchased product again.<br>Estimated shipping times may be subject to change depending on stock availability.<br>product and the country of origin from which the products are shipped.<br>Bitcube is not responsible for lost or stolen packets once they have been<br>delivery confirmed by the courier.<br>6. RETURNS<br>a. Right of withdrawal<br><br>The user has a recognized right of withdrawal, by which he\/she may return the goods.<br>product within a maximum of 14 calendar days after you have acquired possession of it<br>of the product.<br>You can cancel your order at any time and free of charge if you wish to do so.<br>you communicate before the order has been placed at the disposal of the carrier in order to<br>your shipment. Otherwise, you must wait until you receive the order to exercise your right of withdrawal.<br>of withdrawal.<br>The channel through which you can exercise the right of withdrawal is by contacting the<br>customer service, through the telephone number (+34 605 46 64 69) or through the<br>e-mail (contacto@bitcube.es).<br>In any case, you must indicate to us your express decision to withdraw from the contract. You will have to<br>return the order together with the delivery note and, where applicable, the invoice issued by<br>HREF.<br>The refund will include the final cost of the product and the cost of delivery. The following will be deducted<br>the return costs. The economic refund will be made in the method of payment.<br>employee to make the purchase.<br>The user is obliged to return the goods without undue delay and must<br>the products are in the same condition in which they were delivered.<br>If you exercise your right of withdrawal, we will refund all payments received in<br>maximum 14 calendar days from the date you inform us of your decision.<br>We will reimburse you using the same method of payment you used for<br>the initial transaction, unless you expressly state otherwise.<br>You may return any item you have purchased on Bitcube provided that<br>when the products retain their original seal or packaging and manuals,<br>accessories or promotional gifts included if applicable. In addition, always according to<br>the list of exceptions to the right of withdrawal established in the applicable regulations,<br>below.<br>You shall only be liable for the diminution in value of the property resulting from a<br>manipulation of them other than that necessary to establish their nature, their<br>characteristics or their operation.<br><br>On the other hand, if by mistake you were delivered a product other than the one you ordered, you will be<br>will deliver the correct product, picking up the first one, at no additional charge to the customer.<br>ti.<br><br>Finally, if a product has arrived to you broken, damaged or in poor condition, HREF will<br>will pick it up at your home, replacing it with another one in good condition and without<br>additional charges.<br>These are legal exceptions to the right of withdrawal:<br>-The supply of goods or the rendering of services whose price depends on<br>fluctuations in the financial market that the businessman cannot control and that<br>may occur during the withdrawal period.<br>-The supply of goods manufactured in accordance with the specifications of the<br>consumer and user or clearly personalized.<br>-The supply of goods that may deteriorate or expire rapidly.<br>-The supply of sealed goods that are not suitable to be returned by<br>for reasons of health protection or hygiene and that have been unsealed<br>after delivery.<br>-The supply of goods which, after delivery and taking into account their<br>The nature of the property has been inseparably mixed with other property.<br>b. Return of defective products or error in shipment<br><br>In any case, it will be possible, within the established time limit, to return the products<br>defective or incorrectly shipped.<br>7. WARRANTIES<br>All Bitcube web products come with a warranty period. A<br>With the exception of Asics products, which are exempt, all other products will be exempted.<br>a 2-year warranty.<br>For Asics products, the applicable deadlines will be as follows:<br>  - Asics miners sold as \"reconditioned\" will have a period of 6<br>months warranty.<br><br>  - Asics miners sold as new will have a 1-year warranty period.<br>warranty.<br>In accordance with the General Law for the defense of Consumers and Users, if the<br>products did not conform to the description, type of good, quantity and quality, and possessing the<br>functionality, compatibility, interoperability and other characteristics that are<br>the contract of sale, the user shall be entitled to the right to the write-off or<br>adequacy of the acquired asset.<br>The user should indicate the reason why the product needs sanitation.<br>Likewise, according to the applicable legislation, the user has the right to sanitation.<br>of the property in accordance with the rules of article 118 and subsequent articles of the Consolidated Text of the Law.<br>General for the Defense of Consumers and Users.<br>8. INTELLECTUAL PROPERTY<br>With the sale of Bitcube products, the company HREF DIGITAL SL will not<br>transfers any intellectual property rights of its products and services. All<br>ownership of intellectual property rights and other rights protected by copyright and other intellectual property<br>products and services remain the exclusive property of HREF.<br>DIGITAL SL.<br>9. CUSTOMER SERVICE<br>There is a frequently asked questions section on our Bitcube website, through the<br>which may solve some of your doubts. In case you still need help, you can<br>contact our Customer Service Department.<br>Any inquiry, suggestion, complaint or claim related to the online sale of the products of the<br>Bitcube products, can be made through the telephone number (+34 605 466 468).<br>64 69) or via e-mail (contacto@bitcube.es).<br>10. RULES OF USE AND LIMITATION OF LIABILITY<br>Bitcube is not responsible for technical failures or interruptions of the service.<br>web. Nor can it guarantee the absence of viruses or other harmful components on the<br>Web site or on the server from which it is provided.<br><br>Users shall govern their use of the Bitcube website in accordance with the following terms and conditions.<br>the general terms and conditions of sale described herein, and the privacy and cookies policy, available at<br>website.<br>11. APPLICABLE LAW AND JURISDICTION<br>In order to simplify the resolution of civil claims and reduce costs,<br>we do not exclude the possibility of submitting to an Arbitration in Equity of the Court of Arbitration.<br>Arbitration of the Chambers of Commerce and Industry.<br>In this regard, and in accordance with the applicable regulations, HREF informs of the existence of a<br>European online dispute resolution platform that facilitates the settlement of disputes<br>of such disputes for contracts also entered into online between the parties.<br>consumers and Internet service providers. This platform may be accessed by<br>access through the following web page: http:\/\/ec.europa.eu\/odr<\/p>\n\n\n\n<p><strong>RECOMMENDATIONS FOR LOSS OF WARRANTY<\/strong>:<\/p>\n\n\n\n<p>- The equipment cannot be in a place with an ambient temperature of more than 16 degrees Celsius, this would cause overheating of the machine, which impairs the proper operation of the equipment.<\/p>\n\n\n\n<p>- The place of operation of the equipment cannot be a humid place, due to the low tolerance level of the plate to water.<\/p>\n\n\n\n<p>- The amperage with which the power is supplied to the equipment must be verified because it can cause a short in the ASIC which would lead to the breakdown of the machine.<\/p>\n\n\n\n<p>- Any configuration or modification of the ASIC must be verified and approved by Bitcube technical service, we will not be responsible for modifications made by another company or by the customer.<\/p>\n\n\n\n<p>- The equipment must not be knocked or dropped, as this would void the warranty due to customer negligence.<\/p>\n\n\n\n<p>- In the event of any ASIC malfunction, you should contact the service team and do not undertake the repair yourself, as disassembling, tampering with or removing the ASIC case will result in immediate loss of warranty.<\/p>\n\n\n\n<p>- In case the machine has suffered any damage in transport, or any component has stopped working due to factory failure of the machine, Bitcube would be responsible for such repair (always within the warranty period). The customer must send the machine in good packaging conditions, safe and with protections. If the machine arrives without protections and with bad packaging, Bitcube will not be responsible for the repairs.<\/p>\n\n\n\n<p>- The equipment needs a prolonged maintenance in time (recommended 2 to 3 times a year). If any component is damaged by not performing such maintenance, it is stipulated as OUT OF WARRANTY.&nbsp;<em><strong>Remember we are here to help you contact us for professional advice and not to make any of the above mentioned mistakes.<\/strong><\/em><\/p>\n\n\n\n<ul class=\"wp-block-list\">\n<li>The amperage with which the power is supplied to the equipment must be verified because it can cause a short in the IGR which would lead to the failure of the machine.<\/li>\n\n\n\n<li>Any configuration or modification of the RIG must be verified and approved by Bitcube technical support, we will not be responsible for modifications made by another company or by the customer.<\/li>\n\n\n\n<li>The equipment must not be knocked or dropped, as this would void the warranty due to customer negligence.<\/li>\n\n\n\n<li>If the RIG has any malfunction, you should contact the technical service team and do not undertake the repair yourself, as disassembling, manipulating or editing the overclocks of the cards or any other factor that affects their operation will result in immediate loss of warranty.<\/li>\n\n\n\n<li>In the event that the machine has suffered any damage in transport, or any component has stopped working due to factory failure of the machine, Bitcube would be responsible for such repair (always within the warranty period).<\/li>\n\n\n\n<li>The customer must send the machine in good packaging conditions, safe and with protections. If the machine arrives without protections and with bad packaging, Bitcube will not be responsible for repairs.<\/li>\n\n\n\n<li>The equipment needs a prolonged maintenance in the time, recommended to clean the dust of the fans once a month and thermal paste when necessary (in case of RIG). If any component is damaged by not performing such cleaning or maintenance, it is stipulated as OUT OF WARRANTY. Maintenance not included in the price.<\/li>\n<\/ul>","protected":false},"excerpt":{"rendered":"<p>CONDICIONES LEGALES DE VENTA Bitcube 1. INFORMACI\u00d3N GENERALLa titularidad de este sitio web, Bitcube, corresponde a la empresa HREF DIGITAL SL, inscrita en el Registro Mercantil de La Coru\u00f1a, con CIF B70533013; con los siguientes datos de contacto:Direcci\u00f3n: Tel\u00e9fono de contacto: Correo electr\u00f3nico: En este documento se regulan las condiciones legales de venta por las [&hellip;]<\/p>","protected":false},"author":44,"featured_media":0,"parent":0,"menu_order":0,"comment_status":"closed","ping_status":"closed","template":"","meta":{"footnotes":""},"class_list":["post-186","page","type-page","status-publish","hentry"],"rttpg_featured_image_url":null,"rttpg_author":{"display_name":"BitCube","author_link":"https:\/\/bitcube.es\/en\/author\/omar\/"},"rttpg_comment":0,"rttpg_category":null,"rttpg_excerpt":"CONDICIONES LEGALES DE VENTA Bitcube 1. INFORMACI\u00d3N GENERALLa titularidad de este sitio web, Bitcube, corresponde a la empresa HREF DIGITAL SL, inscrita en el Registro Mercantil de La Coru\u00f1a, con CIF B70533013; con los siguientes datos de contacto:Direcci\u00f3n: Tel\u00e9fono de contacto: Correo electr\u00f3nico: En este documento se regulan las condiciones legales de venta por las&hellip;","_links":{"self":[{"href":"https:\/\/bitcube.es\/en\/wp-json\/wp\/v2\/pages\/186","targetHints":{"allow":["GET"]}}],"collection":[{"href":"https:\/\/bitcube.es\/en\/wp-json\/wp\/v2\/pages"}],"about":[{"href":"https:\/\/bitcube.es\/en\/wp-json\/wp\/v2\/types\/page"}],"author":[{"embeddable":true,"href":"https:\/\/bitcube.es\/en\/wp-json\/wp\/v2\/users\/44"}],"replies":[{"embeddable":true,"href":"https:\/\/bitcube.es\/en\/wp-json\/wp\/v2\/comments?post=186"}],"version-history":[{"count":2,"href":"https:\/\/bitcube.es\/en\/wp-json\/wp\/v2\/pages\/186\/revisions"}],"predecessor-version":[{"id":1447,"href":"https:\/\/bitcube.es\/en\/wp-json\/wp\/v2\/pages\/186\/revisions\/1447"}],"wp:attachment":[{"href":"https:\/\/bitcube.es\/en\/wp-json\/wp\/v2\/media?parent=186"}],"curies":[{"name":"wp","href":"https:\/\/api.w.org\/{rel}","templated":true}]}}