{"id":30630,"date":"2025-10-17T23:19:55","date_gmt":"2025-10-17T23:19:55","guid":{"rendered":"https:\/\/bitcube.es\/?post_type=product&#038;p=30630"},"modified":"2025-10-17T23:20:01","modified_gmt":"2025-10-17T23:20:01","slug":"ipollo-v1-mini-classic-plus-280mh","status":"publish","type":"product","link":"https:\/\/bitcube.es\/en\/product\/ipollo-v1-mini-classic-plus-280mh\/","title":{"rendered":"Ipollo V1 MINI CLASSIC PLUS 280Mh"},"content":{"rendered":"<p><strong><span style=\"vertical-align: inherit;\"><span style=\"vertical-align: inherit;\">\u00a1El ASIC iPollo V1 MINI de 280Mhs de potencia de minado explota el algoritmo ETHASH con un consumo de tan solo 270w. <\/span><span style=\"vertical-align: inherit;\">\u00bfPreparados para el Proof Of Stake? <\/span><span style=\"vertical-align: inherit;\">\u00a1Nosotros si!<\/span><\/span><\/strong><\/p>\n<p><strong><img loading=\"lazy\" decoding=\"async\" style=\"display: block; margin-left: auto; margin-right: auto;\" src=\"https:\/\/cdn.shopify.com\/s\/files\/1\/0531\/4877\/8652\/files\/7657A11B-552E-4C09-A7B7-4F979F4C4B4A_480x480.gif?v=1659968093\" alt=\"\" width=\"430\" height=\"215\" \/><\/strong><\/p>\n<p>\u00a1\u00bfConoces la m\u00e1quina iPollo V1? \u00a1Si la conoces no la dejar\u00e1s escapar! Se trata de un ASIC fabricando por la empresa iPollo, es el modelo V1 con una potencia de 280Mhs y un consumo de 270w\/hora.<\/p>\n<p>Mina el algoritmo\u00a0<a href=\"https:\/\/www.minandovoy.com\/categoria\/mineros\/?algoritmos=ethash\" target=\"_blank\" rel=\"noopener\">ETHASH<\/a>, y es que aunque ETHEREUM no se pueda minar por el Merge tenemos muchas otras alternativas para minar con esta m\u00e1quina entre ellas se encuentra: Ethereum Classic.<br \/>\nEs una gran competencia para los RIGs de Miner\u00eda de<a href=\"https:\/\/coinmarketcap.com\/currencies\/ethereum-classic\/\" target=\"_blank\" rel=\"noopener\">\u00a0Ethereum Classic<\/a>, ya que tiene 280Mhs de potencia de minado con un consumo baj\u00edsimo para el poder de c\u00e1lculo de la m\u00e1quina.<\/p>\n<p>&nbsp;<\/p>\n<h3><strong>LET'S TALK ABOUT IPOLLO<\/strong><\/h3>\n<p>Ipollo es una empresa que dise\u00f1a equipos electr\u00f3nicos, m\u00e1s orientado, quiz\u00e1s al \u00e1mbito de las criptomonedas. Esta empresa ha creado diferentes m\u00e1quinas para la miner\u00eda de criptomonedas como pueden ser:<br \/>\n\u2013 Ethereum: Ipollo V1<br \/>\n\u2013 Bitcoin: Ipollo B1L<br \/>\n\u2013 Grin: Ipollo G1<br \/>\nAunque tambi\u00e9n disponen de equipos para FileCoin, Chia, Swarm\u2026 Ipollo est\u00e1 tratando de aumentar la potencia de c\u00e1lculo y reducir el consumo de energ\u00eda, y todo esto gracias a su crecimiento y acogida en el mercado.<\/p>\n<p>&nbsp;<\/p>\n<h3><strong>ETHEREUM CLASSIC vs ETHEREUM:<\/strong><\/h3>\n<p>Esta criptomoneda se lanz\u00f3 en julio de 2016, cuya funci\u00f3n principal es la de red de contratos inteligentes, con capacidad para almacenar y dar soporte a Dapps.<br \/>\nDesde que se lanz\u00f3 esta Cripto, ha tratado de diferenciarse de su hermano mayor, ya que este se propuso preservar la integridad de la cadena de bloques de ETH existente.<\/p>","protected":false},"excerpt":{"rendered":"<p>\u00a1El ASIC iPollo V1 MINI de 280Mhs de potencia de minado explota el algoritmo ETHASH con un consumo de tan solo 270w. \u00bfPreparados para el Proof Of Stake? \u00a1Nosotros si! \u00a1\u00bfConoces la m\u00e1quina iPollo V1? \u00a1Si la conoces no la dejar\u00e1s escapar! Se trata de un ASIC fabricando por la empresa iPollo, es el modelo [&hellip;]<\/p>","protected":false},"featured_media":30173,"comment_status":"open","ping_status":"closed","template":"","meta":[],"product_brand":[],"product_cat":[19],"product_tag":[52,282,138,137],"class_list":{"0":"post-30630","1":"product","2":"type-product","3":"status-publish","4":"has-post-thumbnail","6":"product_cat-mineros","7":"product_tag-asic","8":"product_tag-gme","9":"product_tag-mineros-para-avanzados","10":"product_tag-mineros-para-principiantes","12":"first","13":"outofstock","14":"shipping-taxable","15":"purchasable","16":"product-type-simple"},"_links":{"self":[{"href":"https:\/\/bitcube.es\/en\/wp-json\/wp\/v2\/product\/30630","targetHints":{"allow":["GET"]}}],"collection":[{"href":"https:\/\/bitcube.es\/en\/wp-json\/wp\/v2\/product"}],"about":[{"href":"https:\/\/bitcube.es\/en\/wp-json\/wp\/v2\/types\/product"}],"replies":[{"embeddable":true,"href":"https:\/\/bitcube.es\/en\/wp-json\/wp\/v2\/comments?post=30630"}],"wp:featuredmedia":[{"embeddable":true,"href":"https:\/\/bitcube.es\/en\/wp-json\/wp\/v2\/media\/30173"}],"wp:attachment":[{"href":"https:\/\/bitcube.es\/en\/wp-json\/wp\/v2\/media?parent=30630"}],"wp:term":[{"taxonomy":"product_brand","embeddable":true,"href":"https:\/\/bitcube.es\/en\/wp-json\/wp\/v2\/product_brand?post=30630"},{"taxonomy":"product_cat","embeddable":true,"href":"https:\/\/bitcube.es\/en\/wp-json\/wp\/v2\/product_cat?post=30630"},{"taxonomy":"product_tag","embeddable":true,"href":"https:\/\/bitcube.es\/en\/wp-json\/wp\/v2\/product_tag?post=30630"}],"curies":[{"name":"wp","href":"https:\/\/api.w.org\/{rel}","templated":true}]}}