{"id":30640,"date":"2025-10-17T23:19:57","date_gmt":"2025-10-17T23:19:57","guid":{"rendered":"https:\/\/bitcube.es\/?post_type=product&#038;p=30640"},"modified":"2025-10-17T23:20:04","modified_gmt":"2025-10-17T23:20:04","slug":"s19j-pro-96t","status":"publish","type":"product","link":"https:\/\/bitcube.es\/en\/product\/s19j-pro-96t\/","title":{"rendered":"S19J PRO 96T"},"content":{"rendered":"<div style=\"text-align: center;\">\n<p><em>WHEN WE SAY BITCOIN, WHAT COMES TO YOUR MIND? A RELIABLE CURRENCY WITH WHICH YOU CAN GENERATE AN EXTRA INCOME PER MONTH.<\/em><\/p>\n<p>&nbsp;<\/p>\n<p><img decoding=\"async\" src=\"https:\/\/cdn.shopify.com\/s\/files\/1\/0531\/4877\/8652\/files\/21ac9370933f172fd4eca7e0b8841d4e_480x480.gif?v=1664198795\" alt=\"\" \/><\/p>\n<p>&nbsp;<\/p>\n<p>This model, Antminer S19J PRO (96T) was created by Bitmain in 2021 and is still in production due to its great reception in the market.<\/p>\n<\/div>","protected":false},"excerpt":{"rendered":"<p>\u00bfCUANDO OS DECIMOS BITCOIN, QUE OS VIENE A LA MENTE? MONEDA FIABLE Y CON LA QUE PUEDES GENERAR UN INGRESO EXTRA AL MES. &nbsp; &nbsp; Este modelo, Antminer S19J PRO (96T) fue creado por Bitmain en el a\u00f1o 2021 y todav\u00eda sigue en producci\u00f3n debido a su gran acogida en el mercado.<\/p>","protected":false},"featured_media":30193,"comment_status":"open","ping_status":"closed","template":"","meta":[],"product_brand":[],"product_cat":[19],"product_tag":[52,282,138,137],"class_list":{"0":"post-30640","1":"product","2":"type-product","3":"status-publish","4":"has-post-thumbnail","6":"product_cat-mineros","7":"product_tag-asic","8":"product_tag-gme","9":"product_tag-mineros-para-avanzados","10":"product_tag-mineros-para-principiantes","12":"first","13":"outofstock","14":"shipping-taxable","15":"purchasable","16":"product-type-simple"},"_links":{"self":[{"href":"https:\/\/bitcube.es\/en\/wp-json\/wp\/v2\/product\/30640","targetHints":{"allow":["GET"]}}],"collection":[{"href":"https:\/\/bitcube.es\/en\/wp-json\/wp\/v2\/product"}],"about":[{"href":"https:\/\/bitcube.es\/en\/wp-json\/wp\/v2\/types\/product"}],"replies":[{"embeddable":true,"href":"https:\/\/bitcube.es\/en\/wp-json\/wp\/v2\/comments?post=30640"}],"wp:featuredmedia":[{"embeddable":true,"href":"https:\/\/bitcube.es\/en\/wp-json\/wp\/v2\/media\/30193"}],"wp:attachment":[{"href":"https:\/\/bitcube.es\/en\/wp-json\/wp\/v2\/media?parent=30640"}],"wp:term":[{"taxonomy":"product_brand","embeddable":true,"href":"https:\/\/bitcube.es\/en\/wp-json\/wp\/v2\/product_brand?post=30640"},{"taxonomy":"product_cat","embeddable":true,"href":"https:\/\/bitcube.es\/en\/wp-json\/wp\/v2\/product_cat?post=30640"},{"taxonomy":"product_tag","embeddable":true,"href":"https:\/\/bitcube.es\/en\/wp-json\/wp\/v2\/product_tag?post=30640"}],"curies":[{"name":"wp","href":"https:\/\/api.w.org\/{rel}","templated":true}]}}