{"id":30642,"date":"2025-10-17T23:19:57","date_gmt":"2025-10-17T23:19:57","guid":{"rendered":"https:\/\/bitcube.es\/?post_type=product&#038;p=30642"},"modified":"2025-10-17T23:20:05","modified_gmt":"2025-10-17T23:20:05","slug":"ipollo-v1-mini-130mhs","status":"publish","type":"product","link":"https:\/\/bitcube.es\/en\/product\/ipollo-v1-mini-130mhs\/","title":{"rendered":"Ipollo V1 mini 130mhs"},"content":{"rendered":"<h3><strong>Ipollo v1 mini 130mhs<\/strong><\/h3>\n<p><span style=\"color: #000000;\"><strong><span style=\"vertical-align: inherit;\"><span style=\"vertical-align: inherit;\">\u00a1El ASIC iPollo V1 MINI 130Mhs de potencia de minado explota el algoritmo ETHASH con un consumo de tan solo 104w. <\/span><span style=\"vertical-align: inherit;\">\u00bfPreparados para el Proof Of Stake? <\/span><span style=\"vertical-align: inherit;\">\u00a1Nosotros si!<\/span><\/span><\/strong><\/span><\/p>\n<p>La ipollo v1 mini 130mhs de <b>Ipollo<\/b>, especializado en minar Ethereum Classic, tiene un rendimiento similar a una <a href=\"https:\/\/www.minandovoy.com\/categoria\/rigs-de-gpu\/\" target=\"_blank\" rel=\"noopener\">GPU<\/a>.\u00a0<b>\u00a0<\/b>Este ASIC dedicado a la miner\u00eda de <a href=\"https:\/\/www.minandovoy.com\/categoria\/mineros\/?algoritmos=ethash\" target=\"_blank\" rel=\"noopener\">Ethash<\/a>, tiene una potencia de minado de 130MHs y un consumo de 104w\/h.<\/p>\n<p>Mina el algoritmo <a href=\"https:\/\/www.minandovoy.com\/categoria\/mineros\/?algoritmos=ethash\" target=\"_blank\" rel=\"noopener\">ETHASH<\/a>, y es que aunque ETHEREUM no se pueda minar por el Merge tenemos muchas otras alternativas para minar con esta m\u00e1quina entre ellas se encuentra: Ethereum Classic.<\/p>\n<div class=\"jnews_inline_related_post_wrapper right\">\n<div class=\"jnews_inline_related_post\">\n<div class=\"jeg_postblock_21 jeg_postblock jeg_module_hook jeg_pagination_disable jeg_col_2o3 jnews_module_337080_0_6385e584c0f23\" data-unique=\"jnews_module_337080_0_6385e584c0f23\">\n<div class=\"jeg_block_heading jeg_block_heading_5 jeg_subcat_right\"><\/div>\n<\/div>\n<\/div>\n<\/div>\n<p style=\"text-align: left;\"><strong>LET'S TALK ABOUT IPOLLO<\/strong><\/p>\n<p style=\"text-align: left;\">Ipollo es una empresa que dise\u00f1a equipos electr\u00f3nicos, m\u00e1s orientado, quiz\u00e1s al \u00e1mbito de las criptomonedas.<br \/>\nEsta empresa ha creado diferentes m\u00e1quinas para la miner\u00eda de criptomonedas como pueden ser:<br \/>\n- Ethereum: Ipollo V1<br \/>\n- Bitcoin: Ipollo B1L<br \/>\n- Grin: Ipollo G1<br \/>\nAunque tambi\u00e9n disponen de equipos para FileCoin, Chia, Swarm\u2026 Ipollo est\u00e1 tratando de aumentar la potencia de c\u00e1lculo y reducir el consumo de energ\u00eda, y todo esto gracias a su crecimiento y acogida en el mercado.<\/p>\n<p>&nbsp;<\/p>\n<h3><strong><a href=\"https:\/\/coinmarketcap.com\/es\/currencies\/ethereum-classic\/\" target=\"_blank\" rel=\"noopener\">Ethereum classic<\/a> vs Ethereum:<\/strong><\/h3>\n<p>This cryptocurrency was launched in July 2016, whose primary function is as a network of<br \/>\nsmart contracts, with the ability to store and support Dapps.<br \/>\nSince the launch of this Crypto, it has been trying to differentiate itself from its big brother, as it<br \/>\nthat this set out to preserve the integrity of the existing ETH blockchain.<\/p>\n<p>&nbsp;<\/p>\n<p>Click here <a href=\"https:\/\/www.youtube.com\/watch?v=BtF49i6Glnc\" target=\"_blank\" rel=\"noopener\">here<\/a> to know the difference between an ASIC and a RIG.<\/p>","protected":false},"excerpt":{"rendered":"<p>Ipollo v1 mini 130mhs \u00a1El ASIC iPollo V1 MINI 130Mhs de potencia de minado explota el algoritmo ETHASH con un consumo de tan solo 104w. \u00bfPreparados para el Proof Of Stake? \u00a1Nosotros si! La ipollo v1 mini 130mhs de Ipollo, especializado en minar Ethereum Classic, tiene un rendimiento similar a una GPU.\u00a0\u00a0Este ASIC dedicado a [&hellip;]<\/p>","protected":false},"featured_media":30203,"comment_status":"open","ping_status":"closed","template":"","meta":[],"product_brand":[],"product_cat":[19],"product_tag":[52,282,138,137],"class_list":{"0":"post-30642","1":"product","2":"type-product","3":"status-publish","4":"has-post-thumbnail","6":"product_cat-mineros","7":"product_tag-asic","8":"product_tag-gme","9":"product_tag-mineros-para-avanzados","10":"product_tag-mineros-para-principiantes","12":"first","13":"outofstock","14":"shipping-taxable","15":"purchasable","16":"product-type-simple"},"_links":{"self":[{"href":"https:\/\/bitcube.es\/en\/wp-json\/wp\/v2\/product\/30642","targetHints":{"allow":["GET"]}}],"collection":[{"href":"https:\/\/bitcube.es\/en\/wp-json\/wp\/v2\/product"}],"about":[{"href":"https:\/\/bitcube.es\/en\/wp-json\/wp\/v2\/types\/product"}],"replies":[{"embeddable":true,"href":"https:\/\/bitcube.es\/en\/wp-json\/wp\/v2\/comments?post=30642"}],"wp:featuredmedia":[{"embeddable":true,"href":"https:\/\/bitcube.es\/en\/wp-json\/wp\/v2\/media\/30203"}],"wp:attachment":[{"href":"https:\/\/bitcube.es\/en\/wp-json\/wp\/v2\/media?parent=30642"}],"wp:term":[{"taxonomy":"product_brand","embeddable":true,"href":"https:\/\/bitcube.es\/en\/wp-json\/wp\/v2\/product_brand?post=30642"},{"taxonomy":"product_cat","embeddable":true,"href":"https:\/\/bitcube.es\/en\/wp-json\/wp\/v2\/product_cat?post=30642"},{"taxonomy":"product_tag","embeddable":true,"href":"https:\/\/bitcube.es\/en\/wp-json\/wp\/v2\/product_tag?post=30642"}],"curies":[{"name":"wp","href":"https:\/\/api.w.org\/{rel}","templated":true}]}}