{"id":30648,"date":"2025-10-17T23:19:58","date_gmt":"2025-10-17T23:19:58","guid":{"rendered":"https:\/\/bitcube.es\/?post_type=product&#038;p=30648"},"modified":"2025-10-17T23:20:07","modified_gmt":"2025-10-17T23:20:07","slug":"innosilicon-a11-pro-1500mhs","status":"publish","type":"product","link":"https:\/\/bitcube.es\/en\/product\/innosilicon-a11-pro-1500mhs\/","title":{"rendered":"Innosilicon A11 pro 1500mhs"},"content":{"rendered":"<div style=\"text-align: left;\">Innosilicon es uno de los mejores mineros ETH ASIC del mercado. El Innosilicon A11 pro 1500mhs 8G es el \u00faltimo y m\u00e1s avanzado minero ASIC. En comparaci\u00f3n con las plataformas de <a href=\"https:\/\/www.minandovoy.com\/es_es\/categoria\/mineros\/?algoritmos=ethash\" target=\"_blank\" rel=\"noopener\">miner\u00eda ETH<\/a> equipadas con GPU, Innosilicon A11 es m\u00e1s eficiente energ\u00e9ticamente y compacto.<\/div>\n<div style=\"text-align: left;\"><\/div>\n<div style=\"text-align: left;\">With a Hashrate of 1500M makes it one of the most cost-effective mining models. Considering the increasing size of ETH DAG files, the Innosilicon A11 has a flash capacity of 8GB.<\/div>\n<div style=\"text-align: left;\"><\/div>\n<div style=\"text-align: left;\">Beginner miners should first check for ETH2.0 before purchasing this mining equipment. The A11 will be able to mine ETC with firmware updates. The firmware will be released after the release of EPF 2.0.<\/div>\n<div style=\"text-align: center;\"><strong><img decoding=\"async\" src=\"https:\/\/c.tenor.com\/gON6g6pAbsgAAAAC\/ethereum.gif\" alt=\"Ethereum GIF - Ethereum - Discover &amp; Share GIFs\" \/><\/strong><\/div>\n<div style=\"text-align: center;\"><\/div>\n<h2><b>Monedas que se pueden minar con Innosilicon A11 pro 1500mhs<\/b><\/h2>\n<p><span style=\"font-weight: 400;\">We put it in a clear way so that you can understand it without complications. Below you can see the most important coins for the EtHash algorithm of the Innosilicon A11 miner.<\/span><\/p>\n<ul>\n<li style=\"font-weight: 400;\"><a href=\"https:\/\/coinmarketcap.com\/es\/currencies\/ethereum-classic\/\" target=\"_blank\" rel=\"noopener\"><span style=\"font-weight: 400;\">Ethereum Classic (ETC)<\/span><\/a><\/li>\n<li style=\"font-weight: 400;\"><span style=\"font-weight: 400;\">Musicoin (MUSIC)<\/span><\/li>\n<li style=\"font-weight: 400;\"><span style=\"font-weight: 400;\">Ubiq (UBQ)<\/span><\/li>\n<\/ul>\n<h3><b><i>Features\u00a0<\/i><\/b><\/h3>\n<ul>\n<li style=\"font-weight: 400;\"><span style=\"font-weight: 400;\">Fabricante Innosilicion<\/span><\/li>\n<li style=\"font-weight: 400;\"><span style=\"font-weight: 400;\">Model A11 Pro ETH (1500Mh)<\/span><\/li>\n<li style=\"font-weight: 400;\"><span style=\"font-weight: 400;\">Also known as A11 Pro ETHMiner 8G 1500Mh<\/span><\/li>\n<li style=\"font-weight: 400;\"><span style=\"font-weight: 400;\">Release<\/span> <span style=\"font-weight: 400;\">November 2021<\/span><\/li>\n<li style=\"font-weight: 400;\"><span style=\"font-weight: 400;\">Noise level 75 db<\/span><\/li>\n<li style=\"font-weight: 400;\"><span style=\"font-weight: 400;\">Fan(s) 4<\/span><\/li>\n<li style=\"font-weight: 400;\"><span style=\"font-weight: 400;\">Power 2350 W<\/span><\/li>\n<li style=\"font-weight: 400;\"><span style=\"font-weight: 400;\">Voltage 12 V<\/span><\/li>\n<li style=\"font-weight: 400;\"><span style=\"font-weight: 400;\">Ethernet interface<\/span><\/li>\n<li style=\"font-weight: 400;\"><span style=\"font-weight: 400;\">Memory 8 GB<\/span><\/li>\n<li style=\"font-weight: 400;\"><span style=\"font-weight: 400;\">Temperature 5 - 45 \u00b0C.<\/span><\/li>\n<li style=\"font-weight: 400;\"><span style=\"font-weight: 400;\">Humidity 5 - 95 %<\/span><\/li>\n<\/ul>\n<h3><b><i>Product specifications<\/i><\/b><\/h3>\n<ul>\n<li style=\"font-weight: 400;\"><span style=\"font-weight: 400;\">Product name A11 Pro ETH<\/span><\/li>\n<li style=\"font-weight: 400;\"><span style=\"font-weight: 400;\">Hashrate 1500MH\/s \u00b15% 25 \u00b0C.<\/span><\/li>\n<li style=\"font-weight: 400;\"><span style=\"font-weight: 400;\">2000MH\/s \u00b15% 25 \u00b0C.<\/span><\/li>\n<li style=\"font-weight: 400;\"><span style=\"font-weight: 400;\">Energy efficiency at the wall 1.25 J\/MH 25 \u00b0C.<\/span><\/li>\n<li style=\"font-weight: 400;\"><span style=\"font-weight: 400;\">1,567 J\/MH 25 \u00b0C.<\/span><\/li>\n<li style=\"font-weight: 400;\"><span style=\"font-weight: 400;\">Power at the wall 2000MH\/s \u00b15% 25 \u00b0C.<\/span><\/li>\n<li style=\"font-weight: 400;\"><span style=\"font-weight: 400;\">1500MH\/s \u00b15% 25 \u00b0C.<\/span><\/li>\n<li style=\"font-weight: 400;\"><span style=\"font-weight: 400;\">Also knoen as ETH King 11 Pro miner<\/span><\/li>\n<li style=\"font-weight: 400;\"><span style=\"font-weight: 400;\">Working temperature<\/span> <span style=\"font-weight: 400;\">5-40 \u00b0C<\/span><\/li>\n<li style=\"font-weight: 400;\"><span style=\"font-weight: 400;\">8 GB memory 8 Gb<\/span><\/li>\n<li style=\"font-weight: 400;\"><span style=\"font-weight: 400;\">10\/100M RJ45 Ethernet 10\/100M network interface<\/span><\/li>\n<li style=\"font-weight: 400;\"><span style=\"font-weight: 400;\">Storage temperature 5-45 \u00b0C<\/span><\/li>\n<li style=\"font-weight: 400;\"><span style=\"font-weight: 400;\">Operating humidity (non-condensing), DCH. The 5%~95%<\/span><\/li>\n<\/ul>\n<h3><b><i>\u00a0Note<\/i><\/b> <b><i>\u00a0<\/i><\/b><\/h3>\n<ol>\n<li style=\"font-weight: 400;\"><span style=\"font-weight: 400;\">Including power supply size<\/span><\/li>\n<li style=\"font-weight: 400;\"><span style=\"font-weight: 400;\">Including PSU weight<\/span><\/li>\n<\/ol>\n<h2><b>About Innosilicon<\/b><\/h2>\n<p><span style=\"font-weight: 400;\">Innosilicon is a company with 15 years of experience in IP development, high-performance computing, cryptography, low-power AI and IoT cloud, broadband enhancement and, of course, next-generation ASIC products.<\/span><\/p>\n<p><span style=\"font-weight: 400;\">It is the only Chinese technology company that has access to Samsung and TMSC's 5nm processors. They have also worked with well-known companies such as Amazon, Google, Microchip, Micron, Microsoft and OnSemi.<\/span><\/p>\n<p><span style=\"font-weight: 400;\">The forward-looking company continues to work on improving IP and ASIC technologies. What makes the company an expert in this field is its own achievements:<\/span><\/p>\n<ul>\n<li style=\"font-weight: 400;\"><span style=\"font-weight: 400;\">In 2018, Innosilicon was the first company to overcome key technical hurdles for high-bandwidth GDDR6 memory and achieve mass production of GPUs for high-performance computing.<\/span><\/li>\n<li style=\"font-weight: 400;\"><span style=\"font-weight: 400;\">In 2019, Innosilicon announced the availability of HDMI 2.1 IP with support for 4K\/8K displays and SerDes IP with 32 Gbps high speed.<\/span><\/li>\n<li style=\"font-weight: 400;\"><span style=\"font-weight: 400;\">In 2020, they introduced HBM2e and INNOLINK Chiplet, the Chinese standard platform for high-performance computing (CPU\/GPU\/NPU).<\/span><\/li>\n<li style=\"font-weight: 400;\"><span style=\"font-weight: 400;\">In 2021, Innosilicon will launch the first GDDR6X IP controller and the first in-silicon validated PHY based on Micron's GDDR6X memory chips.<\/span><\/li>\n<\/ul>\n<p><span style=\"font-weight: 400;\">Their years of experience have helped empower millions of people using cutting-edge technologies.<\/span><\/p>","protected":false},"excerpt":{"rendered":"<p>Innosilicon es uno de los mejores mineros ETH ASIC del mercado. El Innosilicon A11 pro 1500mhs 8G es el \u00faltimo y m\u00e1s avanzado minero ASIC. En comparaci\u00f3n con las plataformas de miner\u00eda ETH equipadas con GPU, Innosilicon A11 es m\u00e1s eficiente energ\u00e9ticamente y compacto. Con un Hashrate de 1500M lo convierte en uno de los [&hellip;]<\/p>","protected":false},"featured_media":30215,"comment_status":"open","ping_status":"closed","template":"","meta":[],"product_brand":[],"product_cat":[19],"product_tag":[138,139],"class_list":{"0":"post-30648","1":"product","2":"type-product","3":"status-publish","4":"has-post-thumbnail","6":"product_cat-mineros","7":"product_tag-mineros-para-avanzados","8":"product_tag-mineros-para-expertos","10":"first","11":"outofstock","12":"shipping-taxable","13":"purchasable","14":"product-type-simple"},"_links":{"self":[{"href":"https:\/\/bitcube.es\/en\/wp-json\/wp\/v2\/product\/30648","targetHints":{"allow":["GET"]}}],"collection":[{"href":"https:\/\/bitcube.es\/en\/wp-json\/wp\/v2\/product"}],"about":[{"href":"https:\/\/bitcube.es\/en\/wp-json\/wp\/v2\/types\/product"}],"replies":[{"embeddable":true,"href":"https:\/\/bitcube.es\/en\/wp-json\/wp\/v2\/comments?post=30648"}],"wp:featuredmedia":[{"embeddable":true,"href":"https:\/\/bitcube.es\/en\/wp-json\/wp\/v2\/media\/30215"}],"wp:attachment":[{"href":"https:\/\/bitcube.es\/en\/wp-json\/wp\/v2\/media?parent=30648"}],"wp:term":[{"taxonomy":"product_brand","embeddable":true,"href":"https:\/\/bitcube.es\/en\/wp-json\/wp\/v2\/product_brand?post=30648"},{"taxonomy":"product_cat","embeddable":true,"href":"https:\/\/bitcube.es\/en\/wp-json\/wp\/v2\/product_cat?post=30648"},{"taxonomy":"product_tag","embeddable":true,"href":"https:\/\/bitcube.es\/en\/wp-json\/wp\/v2\/product_tag?post=30648"}],"curies":[{"name":"wp","href":"https:\/\/api.w.org\/{rel}","templated":true}]}}