{"id":30649,"date":"2025-10-17T23:19:59","date_gmt":"2025-10-17T23:19:59","guid":{"rendered":"https:\/\/bitcube.es\/?post_type=product&#038;p=30649"},"modified":"2025-10-17T23:20:07","modified_gmt":"2025-10-17T23:20:07","slug":"whatsminer-m30s-112t","status":"publish","type":"product","link":"https:\/\/bitcube.es\/en\/product\/whatsminer-m30s-112t\/","title":{"rendered":"Whatsminer M30S++ 112T"},"content":{"rendered":"<div style=\"text-align: center;\">\n<p style=\"text-align: left;\">Whatsminer M30s++ 112T\u00a0 la nueva m\u00e1quina para la <a href=\"https:\/\/www.minandovoy.com\/es_es\/categoria\/mineros\/?algoritmos=sha-256\" target=\"_blank\" rel=\"noopener\">Bitcoin mining<\/a> (SHA-256) con un poder computacional de 112T y un consumo el\u00e9ctrico de\u00a0 3470W\/Hora.<\/p>\n<div class=\"currency-container d-inline-block\" style=\"text-align: left;\"><\/div>\n<h4 style=\"text-align: left;\"><strong>A LITTLE ABOUT <a href=\"https:\/\/coinmarketcap.com\/es\/currencies\/bitcoin\/\" target=\"_blank\" rel=\"noopener\">BITCOIN<\/a><\/strong><\/h4>\n<p style=\"text-align: left;\">It is the first cryptocurrency developed and therefore, the one that has paved the way for all the others that came later using its technology called blockchain or Blockchain.<\/p>\n<p style=\"text-align: left;\">There is an amount of Bitcoins that are issued each year and this amount is determined by its algorithm, every 4 years its production is reduced by two, so that only a total of 21 million Bitcoins are issued.<\/p>\n<p style=\"text-align: left;\">Here we have the big difference with conventional currencies, since banks modify the value. This offers the cryptocurrency, in this case the Bitcoin can offer more stability while the conventional one is devalued.<\/p>\n<p style=\"text-align: left;\">Nowadays, cryptocurrencies are used as a payment method in many platforms, the currency of exchange in most cases is Bitcoin, since they are secure and private.<\/p>\n<h4 style=\"text-align: left;\"><strong>MAIN ADVANTAGES OF BITCOIN<\/strong><\/h4>\n<ol style=\"text-align: left;\">\n<li>Speed: Send money regardless of the amount and destination, in a matter of minutes.<\/li>\n<li>Economic: When making a transfer through your bank it can cost you a lot of money, through Bitcoin the cost is free or just a few cents.<\/li>\n<li>Global: You can send anywhere in the world, it has no borders.<\/li>\n<li>Decentralized: No government\/bank can control it, neither in its creation nor in its distribution.<\/li>\n<li>Ownership: The money belongs to you at 100%, it cannot be tapped by anyone, you are your own bank.<\/li>\n<li>Transparent:  All transactions are public, but always under pseudonyms.<\/li>\n<li>Limited issuance: No one can generate thousands of Bitcoins just because they feel like it, they appear thanks to mining.<\/li>\n<li>Private: Bitcoin tries to preserve privacy, to a very high degree, although it is not completely anonymous it works to be so.<\/li>\n<\/ol>\n<\/div>\n<div style=\"text-align: left;\"><\/div>","protected":false},"excerpt":{"rendered":"<p>Whatsminer M30s++ 112T\u00a0 la nueva m\u00e1quina para la miner\u00eda de Bitcoin (SHA-256) con un poder computacional de 112T y un consumo el\u00e9ctrico de\u00a0 3470W\/Hora. UN POCO SOBRE BITCOIN Es la primera criptomoneda desarrollada y por lo tanto, la que ha marcado camino a todas las dem\u00e1s que llegaron despu\u00e9s utilizando su tecnolog\u00eda llamada cadena de [&hellip;]<\/p>","protected":false},"featured_media":30216,"comment_status":"open","ping_status":"closed","template":"","meta":[],"product_brand":[],"product_cat":[19],"product_tag":[52,138,137],"class_list":{"0":"post-30649","1":"product","2":"type-product","3":"status-publish","4":"has-post-thumbnail","6":"product_cat-mineros","7":"product_tag-asic","8":"product_tag-mineros-para-avanzados","9":"product_tag-mineros-para-principiantes","11":"first","12":"outofstock","13":"shipping-taxable","14":"purchasable","15":"product-type-simple"},"_links":{"self":[{"href":"https:\/\/bitcube.es\/en\/wp-json\/wp\/v2\/product\/30649","targetHints":{"allow":["GET"]}}],"collection":[{"href":"https:\/\/bitcube.es\/en\/wp-json\/wp\/v2\/product"}],"about":[{"href":"https:\/\/bitcube.es\/en\/wp-json\/wp\/v2\/types\/product"}],"replies":[{"embeddable":true,"href":"https:\/\/bitcube.es\/en\/wp-json\/wp\/v2\/comments?post=30649"}],"wp:featuredmedia":[{"embeddable":true,"href":"https:\/\/bitcube.es\/en\/wp-json\/wp\/v2\/media\/30216"}],"wp:attachment":[{"href":"https:\/\/bitcube.es\/en\/wp-json\/wp\/v2\/media?parent=30649"}],"wp:term":[{"taxonomy":"product_brand","embeddable":true,"href":"https:\/\/bitcube.es\/en\/wp-json\/wp\/v2\/product_brand?post=30649"},{"taxonomy":"product_cat","embeddable":true,"href":"https:\/\/bitcube.es\/en\/wp-json\/wp\/v2\/product_cat?post=30649"},{"taxonomy":"product_tag","embeddable":true,"href":"https:\/\/bitcube.es\/en\/wp-json\/wp\/v2\/product_tag?post=30649"}],"curies":[{"name":"wp","href":"https:\/\/api.w.org\/{rel}","templated":true}]}}