{"id":30664,"date":"2025-10-17T23:20:13","date_gmt":"2025-10-17T23:20:13","guid":{"rendered":"https:\/\/bitcube.es\/?post_type=product&#038;p=30664"},"modified":"2025-10-17T23:23:44","modified_gmt":"2025-10-17T23:23:44","slug":"antminer-s19-pro-96-104th","status":"publish","type":"product","link":"https:\/\/bitcube.es\/en\/product\/antminer-s19-pro-96-104th\/","title":{"rendered":"ANTMINER S19 PRO 96-104TH"},"content":{"rendered":"<h3>ANTMINER S19 PRO<\/h3>\n<h3><b>What is Bitmain?<\/b><\/h3>\n<p><em>Bitmain<\/em>\u00a0is a company based in Beijing, China. It is considered one of the most important companies in the cryptocurrency industry by generating high quality mining hardware, with huge mining capabilities and for its technological advances. It is the world's largest designer of cryptocurrency mining equipment.\u00a0<em>ASIC<\/em>\u00a0for mining\u00a0<em>Bitcoin<\/em>.<\/p>\n<p>Bitmain, es mayormente reconocido por el hardware de Bitcoin..<\/p>\n<p>&nbsp;<\/p>\n<h3><strong>A BIT ABOUT BITCOIN<\/strong><\/h3>\n<p>It is the first cryptocurrency developed and therefore, the one that has paved the way for all the others that came later using its technology called blockchain or Blockchain.<\/p>\n<p>There is an amount of Bitcoins that are issued each year and this amount is determined by its algorithm, every 4 years its production is reduced by two, so that only a total of 21 million Bitcoins are issued.<\/p>\n<p>Here we have the big difference with conventional currencies, since banks modify the value. This offers the cryptocurrency, in this case the Bitcoin can offer more stability while the conventional one is devalued.<\/p>\n<p>Nowadays, cryptocurrencies are used as a payment method in many platforms, the currency of exchange in most cases is Bitcoin, since they are secure and private.<\/p>\n<p>&nbsp;<\/p>\n<h3><strong>PRINCIPALES VENTAJAS DE <a href=\"https:\/\/coinmarketcap.com\/es\/currencies\/bitcoin\/\" target=\"_blank\" rel=\"noopener\">BITCOIN<\/a><\/strong><\/h3>\n<ol>\n<li>Speed: Send money regardless of the amount and destination, in a matter of minutes.<\/li>\n<li>Economic: When making a transfer through your bank it can cost you a lot of money, through Bitcoin the cost is free or just a few cents.<\/li>\n<li>Global: You can send anywhere in the world, it has no borders.<\/li>\n<li>Decentralized: No government\/bank can control it, neither in its creation nor in its distribution.<\/li>\n<li>Ownership: The money belongs to you at 100%, it cannot be tapped by anyone, you are your own bank.<\/li>\n<li>Transparent:  All transactions are public, but always under pseudonyms.<\/li>\n<li>Limited issuance: No one can generate thousands of Bitcoins just because they feel like it, they appear thanks to mining.<\/li>\n<li>Private: Bitcoin tries to preserve privacy, to a very high degree, although it is not completely anonymous it works to be so.<\/li>\n<\/ol>\n<p>&nbsp;<\/p>","protected":false},"excerpt":{"rendered":"<p>ANTMINER S19 PRO \u00bfQu\u00e9 es Bitmain? Bitmain\u00a0es una compa\u00f1\u00eda con sede en Beijing, China. Es considerada una de las compa\u00f1\u00edas m\u00e1s importantes en la industria de criptomonedas al generar hardware de miner\u00eda\u00a0de alta calidad, con enormes capacidades mineras y por sus avances tecnol\u00f3gicos. Es la dise\u00f1adora\u00a0m\u00e1s grande del mundo\u00a0de equipos\u00a0ASIC\u00a0para la miner\u00eda\u00a0Bitcoin. Bitmain, es mayormente [&hellip;]<\/p>","protected":false},"featured_media":30247,"comment_status":"open","ping_status":"closed","template":"","meta":[],"product_brand":[],"product_cat":[19],"product_tag":[282,138,137],"class_list":{"0":"post-30664","1":"product","2":"type-product","3":"status-publish","4":"has-post-thumbnail","6":"product_cat-mineros","7":"product_tag-gme","8":"product_tag-mineros-para-avanzados","9":"product_tag-mineros-para-principiantes","11":"first","12":"outofstock","13":"featured","14":"shipping-taxable","15":"purchasable","16":"product-type-variable","17":"has-default-attributes"},"_links":{"self":[{"href":"https:\/\/bitcube.es\/en\/wp-json\/wp\/v2\/product\/30664","targetHints":{"allow":["GET"]}}],"collection":[{"href":"https:\/\/bitcube.es\/en\/wp-json\/wp\/v2\/product"}],"about":[{"href":"https:\/\/bitcube.es\/en\/wp-json\/wp\/v2\/types\/product"}],"replies":[{"embeddable":true,"href":"https:\/\/bitcube.es\/en\/wp-json\/wp\/v2\/comments?post=30664"}],"wp:featuredmedia":[{"embeddable":true,"href":"https:\/\/bitcube.es\/en\/wp-json\/wp\/v2\/media\/30247"}],"wp:attachment":[{"href":"https:\/\/bitcube.es\/en\/wp-json\/wp\/v2\/media?parent=30664"}],"wp:term":[{"taxonomy":"product_brand","embeddable":true,"href":"https:\/\/bitcube.es\/en\/wp-json\/wp\/v2\/product_brand?post=30664"},{"taxonomy":"product_cat","embeddable":true,"href":"https:\/\/bitcube.es\/en\/wp-json\/wp\/v2\/product_cat?post=30664"},{"taxonomy":"product_tag","embeddable":true,"href":"https:\/\/bitcube.es\/en\/wp-json\/wp\/v2\/product_tag?post=30664"}],"curies":[{"name":"wp","href":"https:\/\/api.w.org\/{rel}","templated":true}]}}