{"id":30671,"date":"2025-10-17T23:20:14","date_gmt":"2025-10-17T23:20:14","guid":{"rendered":"https:\/\/bitcube.es\/?post_type=product&#038;p=30671"},"modified":"2025-10-17T23:20:23","modified_gmt":"2025-10-17T23:20:23","slug":"cable-alimentacion-para-cpu-inferior-1-500w","status":"publish","type":"product","link":"https:\/\/bitcube.es\/en\/product\/cable-power-cable-for-lower-cpu-1-500w\/","title":{"rendered":"Power cable for lower CPU 1,500W"},"content":{"rendered":"<p>Power cable compatible with ASICs and RIGs power supplies.<\/p>\n<p><strong>Specifications<\/strong><\/p>\n<ul>\n<li>Connector A: Male power connector<\/li>\n<li>Connector B: IEC-320-C13<\/li>\n<li>Cable design: Round<\/li>\n<li>Connector material: PVC<\/li>\n<li>Conductor material: Copper<\/li>\n<li>Cable length: 2.00 m<\/li>\n<li>Color: Black<\/li>\n<li>Cable sheath size: 6.5 mm<\/li>\n<li>Conductor diameter: 3x 0.75 mm<\/li>\n<\/ul>","protected":false},"excerpt":{"rendered":"<p>Cable de alimentaci\u00f3n compatible con Fuentes de ASICs y fuente de RIGs. Especificaciones Conector A: Conector alimentaci\u00f3n macho Conector B: IEC-320-C13 Dise\u00f1o del cable: Redondo Material del conector: PVC Material del conductor: Cobre Longitud del cable: 2.00 m Color: Negro Tama\u00f1o de la envoltura de cable: 6.5 mm Di\u00e1metro de conductor: 3x 0.75 mm<\/p>","protected":false},"featured_media":30265,"comment_status":"open","ping_status":"closed","template":"","meta":[],"product_brand":[],"product_cat":[20],"product_tag":[],"class_list":{"0":"post-30671","1":"product","2":"type-product","3":"status-publish","4":"has-post-thumbnail","6":"product_cat-componentes","8":"first","9":"instock","10":"shipping-taxable","11":"purchasable","12":"product-type-simple"},"_links":{"self":[{"href":"https:\/\/bitcube.es\/en\/wp-json\/wp\/v2\/product\/30671","targetHints":{"allow":["GET"]}}],"collection":[{"href":"https:\/\/bitcube.es\/en\/wp-json\/wp\/v2\/product"}],"about":[{"href":"https:\/\/bitcube.es\/en\/wp-json\/wp\/v2\/types\/product"}],"replies":[{"embeddable":true,"href":"https:\/\/bitcube.es\/en\/wp-json\/wp\/v2\/comments?post=30671"}],"wp:featuredmedia":[{"embeddable":true,"href":"https:\/\/bitcube.es\/en\/wp-json\/wp\/v2\/media\/30265"}],"wp:attachment":[{"href":"https:\/\/bitcube.es\/en\/wp-json\/wp\/v2\/media?parent=30671"}],"wp:term":[{"taxonomy":"product_brand","embeddable":true,"href":"https:\/\/bitcube.es\/en\/wp-json\/wp\/v2\/product_brand?post=30671"},{"taxonomy":"product_cat","embeddable":true,"href":"https:\/\/bitcube.es\/en\/wp-json\/wp\/v2\/product_cat?post=30671"},{"taxonomy":"product_tag","embeddable":true,"href":"https:\/\/bitcube.es\/en\/wp-json\/wp\/v2\/product_tag?post=30671"}],"curies":[{"name":"wp","href":"https:\/\/api.w.org\/{rel}","templated":true}]}}