{"id":30672,"date":"2025-10-17T23:20:15","date_gmt":"2025-10-17T23:20:15","guid":{"rendered":"https:\/\/bitcube.es\/?post_type=product&#038;p=30672"},"modified":"2025-10-17T23:20:24","modified_gmt":"2025-10-17T23:20:24","slug":"cable-alimentacion-para-cpu-superior-a-1-500w","status":"publish","type":"product","link":"https:\/\/bitcube.es\/en\/product\/cable-alimentacion-para-cpu-superior-a-1-500w\/","title":{"rendered":"Power supply cable for CPU over 1,500W"},"content":{"rendered":"<p>Cable de alimentaci\u00f3n compatible con Fuentes de ASICs y fuente de RIGs, de gran potencia.<\/p>\n<p><strong>Specifications:<\/strong><\/p>\n<ul>\n<li>Conexi\u00f3n A: Schuko Macho<\/li>\n<li>Conexi\u00f3n B: IEC-320-C19<\/li>\n<li>Di\u00e1metro de conductor 3x 1.00 mm\u00b2<\/li>\n<li>Dise\u00f1o del conector &#8211; lado A: Angular<\/li>\n<li>Dise\u00f1o del conector &#8211; lado B: Recto<\/li>\n<li>Longitud de cable: 2.0 m<\/li>\n<li>Conductor material: Copper<\/li>\n<li>Material exterior: PVC<\/li>\n<\/ul>","protected":false},"excerpt":{"rendered":"<p>Cable de alimentaci\u00f3n compatible con Fuentes de ASICs y fuente de RIGs, de gran potencia. Especificaciones: Conexi\u00f3n A: Schuko Macho Conexi\u00f3n B: IEC-320-C19 Di\u00e1metro de conductor 3x 1.00 mm\u00b2 Dise\u00f1o del conector &#8211; lado A: Angular Dise\u00f1o del conector &#8211; lado B: Recto Longitud de cable: 2.0 m Material del conductor: Cobre Material exterior: PVC<\/p>","protected":false},"featured_media":30266,"comment_status":"open","ping_status":"closed","template":"","meta":[],"product_brand":[],"product_cat":[20],"product_tag":[52,135],"class_list":{"0":"post-30672","1":"product","2":"type-product","3":"status-publish","4":"has-post-thumbnail","6":"product_cat-componentes","7":"product_tag-asic","8":"product_tag-rig","10":"first","11":"instock","12":"shipping-taxable","13":"purchasable","14":"product-type-simple"},"_links":{"self":[{"href":"https:\/\/bitcube.es\/en\/wp-json\/wp\/v2\/product\/30672","targetHints":{"allow":["GET"]}}],"collection":[{"href":"https:\/\/bitcube.es\/en\/wp-json\/wp\/v2\/product"}],"about":[{"href":"https:\/\/bitcube.es\/en\/wp-json\/wp\/v2\/types\/product"}],"replies":[{"embeddable":true,"href":"https:\/\/bitcube.es\/en\/wp-json\/wp\/v2\/comments?post=30672"}],"wp:featuredmedia":[{"embeddable":true,"href":"https:\/\/bitcube.es\/en\/wp-json\/wp\/v2\/media\/30266"}],"wp:attachment":[{"href":"https:\/\/bitcube.es\/en\/wp-json\/wp\/v2\/media?parent=30672"}],"wp:term":[{"taxonomy":"product_brand","embeddable":true,"href":"https:\/\/bitcube.es\/en\/wp-json\/wp\/v2\/product_brand?post=30672"},{"taxonomy":"product_cat","embeddable":true,"href":"https:\/\/bitcube.es\/en\/wp-json\/wp\/v2\/product_cat?post=30672"},{"taxonomy":"product_tag","embeddable":true,"href":"https:\/\/bitcube.es\/en\/wp-json\/wp\/v2\/product_tag?post=30672"}],"curies":[{"name":"wp","href":"https:\/\/api.w.org\/{rel}","templated":true}]}}