{"id":30676,"date":"2025-10-17T23:20:15","date_gmt":"2025-10-17T23:20:15","guid":{"rendered":"https:\/\/bitcube.es\/?post_type=product&#038;p=30676"},"modified":"2025-10-17T23:20:25","modified_gmt":"2025-10-17T23:20:25","slug":"boton-on-rig","status":"publish","type":"product","link":"https:\/\/bitcube.es\/en\/product\/boton-on-rig\/","title":{"rendered":"ON RIG button"},"content":{"rendered":"<p>Muchas veces, cuando montamos un RIG de miner\u00eda precisamos de un bot\u00f3n de encendido para que este arranque, por lo que te ayudamos a cumplir esa funci\u00f3n con este bot\u00f3n ON RIG.<\/p>\n<ul>\n<li>Material:ABS<\/li>\n<li>Longitud: 50 CM aproximadamente<\/li>\n<li>Peso neto: 15-45gr<\/li>\n<\/ul>","protected":false},"excerpt":{"rendered":"<p>Muchas veces, cuando montamos un RIG de miner\u00eda precisamos de un bot\u00f3n de encendido para que este arranque, por lo que te ayudamos a cumplir esa funci\u00f3n con este bot\u00f3n ON RIG. Material:ABS Longitud: 50 CM aproximadamente Peso neto: 15-45gr<\/p>","protected":false},"featured_media":30275,"comment_status":"open","ping_status":"closed","template":"","meta":[],"product_brand":[],"product_cat":[20],"product_tag":[],"class_list":{"0":"post-30676","1":"product","2":"type-product","3":"status-publish","4":"has-post-thumbnail","6":"product_cat-componentes","8":"first","9":"outofstock","10":"shipping-taxable","11":"purchasable","12":"product-type-simple"},"_links":{"self":[{"href":"https:\/\/bitcube.es\/en\/wp-json\/wp\/v2\/product\/30676","targetHints":{"allow":["GET"]}}],"collection":[{"href":"https:\/\/bitcube.es\/en\/wp-json\/wp\/v2\/product"}],"about":[{"href":"https:\/\/bitcube.es\/en\/wp-json\/wp\/v2\/types\/product"}],"replies":[{"embeddable":true,"href":"https:\/\/bitcube.es\/en\/wp-json\/wp\/v2\/comments?post=30676"}],"wp:featuredmedia":[{"embeddable":true,"href":"https:\/\/bitcube.es\/en\/wp-json\/wp\/v2\/media\/30275"}],"wp:attachment":[{"href":"https:\/\/bitcube.es\/en\/wp-json\/wp\/v2\/media?parent=30676"}],"wp:term":[{"taxonomy":"product_brand","embeddable":true,"href":"https:\/\/bitcube.es\/en\/wp-json\/wp\/v2\/product_brand?post=30676"},{"taxonomy":"product_cat","embeddable":true,"href":"https:\/\/bitcube.es\/en\/wp-json\/wp\/v2\/product_cat?post=30676"},{"taxonomy":"product_tag","embeddable":true,"href":"https:\/\/bitcube.es\/en\/wp-json\/wp\/v2\/product_tag?post=30676"}],"curies":[{"name":"wp","href":"https:\/\/api.w.org\/{rel}","templated":true}]}}