{"id":30693,"date":"2025-10-17T23:20:30","date_gmt":"2025-10-17T23:20:30","guid":{"rendered":"https:\/\/bitcube.es\/?post_type=product&#038;p=30693"},"modified":"2025-10-17T23:20:40","modified_gmt":"2025-10-17T23:20:40","slug":"bluestar-blackminer-l1","status":"publish","type":"product","link":"https:\/\/bitcube.es\/en\/product\/bluestar-blackminer-l1\/","title":{"rendered":"Bluestar Blackminer L1"},"content":{"rendered":"<p>Esta m\u00e1quina, se encuentra dentro del <a href=\"https:\/\/www.asicminervalue.com\/\" target=\"_blank\" rel=\"noopener\">TOP 10<\/a> de m\u00e1quinas m\u00e1s rentables, ocupando de<br \/>\nthe number 9 position corresponding to the Blackminer L1 of 4.3 Gh Above it is the Antminer S19 Pro Hyd 177Th Bitcoin, so we can say that<br \/>\nThis machine is in the TOP 10.<br \/>\nLet's talk in general about the features of the Blackminer L1.<br \/>\nFor now, it is one of the most powerful combo mining ASICs on the market, we are talking about.<br \/>\nLITECOIN + DOGECOIN.<\/p>\n<h4><em><strong>We all know Bitcoin, don't we? Well, you might be interested in this.<\/strong><\/em><\/h4>\n<p>LiteCoin was originally a fork of Bitcoin, and is one of the most popular forks of Bitcoin.<br \/>\ncryptocurrencies that, through mining with ASICs, can guarantee profitability to the<br \/>\noperator.<\/p>\n<h3><strong>SCRYPT MINING:<\/strong><\/h3>\n<p><a href=\"https:\/\/www.minandovoy.com\/categoria\/mineros\/?algoritmos=scrypt\" target=\"_blank\" rel=\"noopener\">Scrypt<\/a> realiza un hash utilizado un clave y una serie de puntos marcados en el algoritmo,<br \/>\nadding a lot of noise. The noise is random numbers generated by the<br \/>\nalgorithm and stored in memory.<br \/>\nThe purpose of these numbers is to camouflage key data in order to make it more difficult to break down<br \/>\nhash blocks. Ultimately, it is a protective measure that prevents people from<br \/>\nmalicious attackers can access Scrypt-protected data.<\/p>\n<h3><strong>LITECOIN:<\/strong><\/h3>\n<p>LiteCoin is a crypto created to provide secure, cheap and fast payments,<br \/>\nthanks to blockchain technology.<br \/>\nWhen we say that it is a fork of Bitcoin, it is that it was literally intended, as follows.<br \/>\nas a \"lite\", small, version of the big cryptocurrency.<br \/>\nThis network was launched on October 13, 2011.<br \/>\nWith 11 years of trajectory, it has achieved acceptance among retailers and<br \/>\nhas been listed among the top ten cryptocurrencies by market capitalization<br \/>\nfor most of its existence.<\/p>\n<h3><strong>DOGECOIN:<\/strong><\/h3>\n<p>This cryptocurrency was born on the market as part of a meme in 2013, but more<br \/>\nlater his community made the decision to change the network to AUXPOW, thus merging the AUXPOW network with the AUXPOW network.<br \/>\nwith the LTC network in September 2014. This move meant that the value of Dogecoin<br \/>\nincreased by more than 180% in just a few weeks.<br \/>\nLiteCoin is the 7th most used cryptocurrency by market capitalization,<br \/>\nThis has enabled Doge to significantly improve its security, as it has a<br \/>\nmuch higher computational power.<\/p>\n<p>BLACKMINER L1 4.3GH:<br \/>\nThe 4.3GH model mines the Scrypt algorithm, with a power consumption of 3,450W\/Hour.<br \/>\nIn addition, it is considered to be of industrial category due to its noise level exceeding 70 db.<br \/>\n10\/18\/22 Currently generating per day: 0.06443292 LTC + 112.6541 DOGE<\/p>\n<p><iframe loading=\"lazy\" title=\"YouTube video player\" src=\"https:\/\/www.youtube.com\/embed\/RbVABNdXT1c\" width=\"560\" height=\"315\" frameborder=\"0\" allowfullscreen=\"allowfullscreen\"><\/iframe><\/p>","protected":false},"excerpt":{"rendered":"<p>Esta m\u00e1quina, se encuentra dentro del TOP 10 de m\u00e1quinas m\u00e1s rentables, ocupando de el puesto n\u00famero 9 siendo este puesto correspondiente a la Blackminer L1\u00a0 de 4.3 Gh Por encima est\u00e1 la Antminer S19 Pro Hyd\u00a0 177Th de Bitcoin, por lo que podemos decir que dentro del TOP 10 se encuentra esta m\u00e1quina. Vamos [&hellip;]<\/p>","protected":false},"featured_media":30305,"comment_status":"open","ping_status":"closed","template":"","meta":[],"product_brand":[],"product_cat":[19],"product_tag":[138],"class_list":{"0":"post-30693","1":"product","2":"type-product","3":"status-publish","4":"has-post-thumbnail","6":"product_cat-mineros","7":"product_tag-mineros-para-avanzados","9":"first","10":"outofstock","11":"sold-individually","12":"shipping-taxable","13":"purchasable","14":"product-type-simple"},"_links":{"self":[{"href":"https:\/\/bitcube.es\/en\/wp-json\/wp\/v2\/product\/30693","targetHints":{"allow":["GET"]}}],"collection":[{"href":"https:\/\/bitcube.es\/en\/wp-json\/wp\/v2\/product"}],"about":[{"href":"https:\/\/bitcube.es\/en\/wp-json\/wp\/v2\/types\/product"}],"replies":[{"embeddable":true,"href":"https:\/\/bitcube.es\/en\/wp-json\/wp\/v2\/comments?post=30693"}],"wp:featuredmedia":[{"embeddable":true,"href":"https:\/\/bitcube.es\/en\/wp-json\/wp\/v2\/media\/30305"}],"wp:attachment":[{"href":"https:\/\/bitcube.es\/en\/wp-json\/wp\/v2\/media?parent=30693"}],"wp:term":[{"taxonomy":"product_brand","embeddable":true,"href":"https:\/\/bitcube.es\/en\/wp-json\/wp\/v2\/product_brand?post=30693"},{"taxonomy":"product_cat","embeddable":true,"href":"https:\/\/bitcube.es\/en\/wp-json\/wp\/v2\/product_cat?post=30693"},{"taxonomy":"product_tag","embeddable":true,"href":"https:\/\/bitcube.es\/en\/wp-json\/wp\/v2\/product_tag?post=30693"}],"curies":[{"name":"wp","href":"https:\/\/api.w.org\/{rel}","templated":true}]}}