{"id":30730,"date":"2025-10-17T23:20:49","date_gmt":"2025-10-17T23:20:49","guid":{"rendered":"https:\/\/bitcube.es\/?post_type=product&#038;p=30730"},"modified":"2025-10-17T23:20:55","modified_gmt":"2025-10-17T23:20:55","slug":"veddha-minercase-t3-6gpus","status":"publish","type":"product","link":"https:\/\/bitcube.es\/en\/product\/veddha-minercase-t3-6gpus\/","title":{"rendered":"Veddha Minercase t3 6gpus"},"content":{"rendered":"<p>Estructura ideal para montar rigs de miner\u00eda o equipos para diferentes aplicaciones con varias tarjetas gr\u00e1ficas.<\/p>\n<p><img loading=\"lazy\" decoding=\"async\" class=\"alignnone wp-image-1637\" src=\"https:\/\/www.minandovoy.com\/wp-content\/uploads\/2023\/03\/faef.jpg\" alt=\"\" width=\"387\" height=\"330\" \/><\/p>\n<p>Characteristics:<br \/>\nSoporte para 6 GPU<br \/>\nSoporte para 4 Ventiladores de 120mm<br \/>\nSoporte para Doble Fuente de Alimentaci\u00f3n<br \/>\nATX\/MATX<br \/>\nBot\u00f3n de Encendido<br \/>\nTama\u00f1o: 55cm x 38cm x 37cm<br \/>\nPeso: 3kg<\/p>\n<p>-Incluye tornillos para ajustar placas gr\u00e1ficas.<br \/>\n-Incluye tacos antideslizante.<br \/>\n-Incluye tornillos motherboard.<br \/>\n-Incluye agujeros para ubicar cada una de las partes seg\u00fan se indica en el manual<br \/>\n-Adaptable a 2 fuentes<br \/>\n&#8211; Incluye Adaptadores y tornillos para los ventiladores<br \/>\n&#8211; No Incluye los ventiladores.<\/p>","protected":false},"excerpt":{"rendered":"<p>Estructura ideal para montar rigs de miner\u00eda o equipos para diferentes aplicaciones con varias tarjetas gr\u00e1ficas. Caracter\u00edsticas: Soporte para 6 GPU Soporte para 4 Ventiladores de 120mm Soporte para Doble Fuente de Alimentaci\u00f3n ATX\/MATX Bot\u00f3n de Encendido Tama\u00f1o: 55cm x 38cm x 37cm Peso: 3kg -Incluye tornillos para ajustar placas gr\u00e1ficas. -Incluye tacos antideslizante. -Incluye [&hellip;]<\/p>","protected":false},"featured_media":30368,"comment_status":"open","ping_status":"closed","template":"","meta":[],"product_brand":[],"product_cat":[15,20,18],"product_tag":[],"class_list":{"0":"post-30730","1":"product","2":"type-product","3":"status-publish","4":"has-post-thumbnail","6":"product_cat-sin-categorizar","7":"product_cat-componentes","8":"product_cat-rigs-de-gpu","10":"first","11":"outofstock","12":"sale","13":"shipping-taxable","14":"purchasable","15":"product-type-simple"},"_links":{"self":[{"href":"https:\/\/bitcube.es\/en\/wp-json\/wp\/v2\/product\/30730","targetHints":{"allow":["GET"]}}],"collection":[{"href":"https:\/\/bitcube.es\/en\/wp-json\/wp\/v2\/product"}],"about":[{"href":"https:\/\/bitcube.es\/en\/wp-json\/wp\/v2\/types\/product"}],"replies":[{"embeddable":true,"href":"https:\/\/bitcube.es\/en\/wp-json\/wp\/v2\/comments?post=30730"}],"wp:featuredmedia":[{"embeddable":true,"href":"https:\/\/bitcube.es\/en\/wp-json\/wp\/v2\/media\/30368"}],"wp:attachment":[{"href":"https:\/\/bitcube.es\/en\/wp-json\/wp\/v2\/media?parent=30730"}],"wp:term":[{"taxonomy":"product_brand","embeddable":true,"href":"https:\/\/bitcube.es\/en\/wp-json\/wp\/v2\/product_brand?post=30730"},{"taxonomy":"product_cat","embeddable":true,"href":"https:\/\/bitcube.es\/en\/wp-json\/wp\/v2\/product_cat?post=30730"},{"taxonomy":"product_tag","embeddable":true,"href":"https:\/\/bitcube.es\/en\/wp-json\/wp\/v2\/product_tag?post=30730"}],"curies":[{"name":"wp","href":"https:\/\/api.w.org\/{rel}","templated":true}]}}