{"id":30736,"date":"2025-10-17T23:20:50","date_gmt":"2025-10-17T23:20:50","guid":{"rendered":"https:\/\/bitcube.es\/?post_type=product&#038;p=30736"},"modified":"2025-10-17T23:20:56","modified_gmt":"2025-10-17T23:20:56","slug":"sapphire-pulse-amd-radeon-rx-7900-xtx-gaming-oc-24gb-gddr6-dual-hdmi-dual-dp","status":"publish","type":"product","link":"https:\/\/bitcube.es\/en\/product\/sapphire-pulse-amd-radeon-rx-7900-xtx-gaming-oc-24gb-gddr6-dual-hdmi-dual-dp\/","title":{"rendered":"Sapphire Pulse AMD Radeon RX 7900 XTX Gaming OC 24GB GDDR6 DUAL HDMI \/ DUAL DP"},"content":{"rendered":"<p>La tarjeta gr\u00e1fica Sapphire Pulse AMD Radeon RX 7900 XTX Gaming OC con 24GB de memoria GDDR6 es una verdadera bestia en t\u00e9rminos de rendimiento y capacidad de juego. Dise\u00f1ada para los jugadores m\u00e1s exigentes y los profesionales creativos, esta tarjeta gr\u00e1fica ofrece un nivel excepcional de poder y rendimiento visual.<\/p>\n<p>La RX 7900 XTX cuenta con 20GB de memoria GDDR6 de alta velocidad, que permite cargar r\u00e1pidamente texturas y datos gr\u00e1ficos para una experiencia de juego fluida y sin problemas. Adem\u00e1s, la generosa cantidad de memoria asegura un amplio espacio para trabajar con proyectos creativos intensivos y aplicaciones de edici\u00f3n de video.<\/p>\n<p>Equipada con la \u00faltima arquitectura AMD RDNA 3, esta tarjeta gr\u00e1fica ofrece un rendimiento excepcional y una calidad visual impresionante. Los efectos visuales y la fidelidad de los detalles se mejoran gracias a la tecnolog\u00eda AMD FidelityFX y la compatibilidad con DirectX 12 Ultimate.<\/p>\n<p>El dise\u00f1o de enfriamiento avanzado de SAPPHIRE PULSE garantiza que la tarjeta gr\u00e1fica funcione de manera \u00f3ptima incluso en las condiciones m\u00e1s exigentes. Sus ventiladores duales y el sistema de disipaci\u00f3n de calor eficiente mantienen las temperaturas bajo control, evitando el sobrecalentamiento y garantizando un rendimiento constante.<\/p>\n<p>Con dos puertos HDMI y dos puertos DP, la RX 7900 XTX te brinda la flexibilidad necesaria para conectar m\u00faltiples monitores y disfrutar de una experiencia de juego inmersiva y envolvente.<\/p>\n<p>En resumen, la 20G SAPPHIRE PULSE AMD RADEON RX 7900 XTX GAMING OC con 24GB de memoria GDDR6 es una tarjeta gr\u00e1fica de alta gama que ofrece un rendimiento excepcional y una calidad visual impresionante. Si buscas lo \u00faltimo en rendimiento gr\u00e1fico y est\u00e1s dispuesto a llevar tu experiencia de juego y tus proyectos creativos al siguiente nivel, esta tarjeta gr\u00e1fica es la elecci\u00f3n perfecta.<\/p>\n<h2>Characteristics:<\/h2>\n<ul>\n<li>GPU: reloj de impulso: hasta 2525 MHz<\/li>\n<li>GPU: reloj del juego: hasta 2330 MHz<\/li>\n<li>Memoria: 24 GB\/384 bits DDR6. 20 Gbps efectivo<\/li>\n<li>Procesadores de flujo: 6144<\/li>\n<li>Arquitectura RDNA\u2122 3<\/li>\n<li>Acelerador de rayos: 96<\/li>\n<\/ul>\n<h2>Specifications<\/h2>\n<ul>\n<li>GPU<\/li>\n<li>Tarjeta gr\u00e1fica AMD Radeon\u2122 RX 7900 XTX<\/li>\n<li>GPU de 5nm<\/li>\n<li>Arquitectura AMD RDNA\u2122 3<\/li>\n<li>Reloj del motor\n<ul>\n<li>Reloj de impulso: hasta 2525 MHz<\/li>\n<li>Reloj de juego: hasta 2330 MHz<\/li>\n<li>Boost Clock es la frecuencia m\u00e1xima alcanzable en la GPU que ejecuta una carga de trabajo en r\u00e1fagas. La capacidad de consecuci\u00f3n, la frecuencia y la sostenibilidad del reloj Boost variar\u00e1n en funci\u00f3n de varios factores, incluidos, entre otros, las condiciones t\u00e9rmicas y la variaci\u00f3n en la aplicaci\u00f3n y las cargas de trabajo.<\/li>\n<li>Game Clock es el reloj GPU esperado cuando se ejecutan aplicaciones de juegos t\u00edpicas, configurado en TGP (Potencia gr\u00e1fica total) t\u00edpica. Los resultados reales del reloj de juego individual pueden variar.<\/li>\n<\/ul>\n<\/li>\n<li>Procesadores de flujo 6144<\/li>\n<li>Unidades de c\u00f3mputo 96 CU (con aceleradores RT+AI)<\/li>\n<li>Cach\u00e9 infinito 96MB<\/li>\n<li>Aceleradores de rayos 96<\/li>\n<li>Tama\u00f1o de memoria\/Bus 24 GB\/384 bits GDDR6<\/li>\n<li>Reloj de la memoria 20 Gbps efectivo<\/li>\n<li>pantallas M\u00e1ximo 4 pantallas<\/li>\n<li>Resoluci\u00f3n\n<ul>\n<li>HDMI\u2122: 7680\u00d74320<\/li>\n<li>DisplayPort 2.1: 7680 \u00d7 4320<\/li>\n<\/ul>\n<\/li>\n<li>Interfaz PCI Express 4.0 x16<\/li>\n<li>Producci\u00f3n\n<ul>\n<li>2xHDMI<\/li>\n<li>2x displayport<\/li>\n<\/ul>\n<\/li>\n<li>Compatibilidad con BIOS Doble UEFI<\/li>\n<li>\u00cdndice de juegos 4K<\/li>\n<li>Caracter\u00edsticas de sapphire\n<ul>\n<li>Dise\u00f1o de energ\u00eda digital premium<\/li>\n<li>Capacitores de aluminio de pol\u00edmero conductivo de ultra alto rendimiento<\/li>\n<li>Protecci\u00f3n de fusibles<\/li>\n<li>PCB de cobre de alto TG<\/li>\n<li>Heatpipe compuesto optimizado<\/li>\n<li>Tecnolog\u00eda Tri-X<\/li>\n<li>Control de ventilador inteligente<\/li>\n<li>Control de ventilador de precisi\u00f3n<\/li>\n<li>Placa posterior de metal<\/li>\n<li>Ventiladores con dos rodamientos de bolas<\/li>\n<li>Aspa del ventilador de velocidad angular<\/li>\n<li>Compatible con TriXX<\/li>\n<li>Impulso TriXX<\/li>\n<li>Partidario de la tarjeta gr\u00e1fica<\/li>\n<\/ul>\n<\/li>\n<li>Caracter\u00edsticas de AMD\n<ul>\n<li>Arquitectura de juegos AMD RDNA\u2122 3<\/li>\n<li>96 unidades de c\u00f3mputo AMD RDNA\u2122 3 (con aceleradores RT+AI)<\/li>\n<li>Tecnolog\u00eda AMD Infinity Cache\u2122 de 96 MB<\/li>\n<li>DisplayPort\u2122 2.1<\/li>\n<li>Motor AMD Radiance Display\u2122<\/li>\n<li>Tecnolog\u00eda AMD Radeon\u2122 Boost<\/li>\n<li>Tecnolog\u00eda AMD Radeon\u2122 Anti-Lag<\/li>\n<li>24 GB GDDR6 en bus de memoria de 384 bits<\/li>\n<li>Preparado para PCI\u00ae Express 4.0<\/li>\n<li>Tecnolog\u00edas AMD FidelityFX\u2122*<\/li>\n<li>Tecnolog\u00eda de superresoluci\u00f3n AMD FidelityFX\u2122<\/li>\n<li>Microsoft\u00ae DirectX\u00ae 12 \u00faltimo<\/li>\n<li>Almacenamiento directo de Microsoft\u00ae<\/li>\n<li>Vulkan\u00ae optimizado<\/li>\n<li>Tecnolog\u00edas inteligentes de AMD<\/li>\n<li>Software AMD: aplicaci\u00f3n Adrenalin Edition\u2122<\/li>\n<li>Supresi\u00f3n de ruido AMD<\/li>\n<li>Vista de privacidad de AMD<\/li>\n<li>Tecnolog\u00eda de superresoluci\u00f3n AMD Radeon\u2122<\/li>\n<li>Enlace AMD<\/li>\n<li>Tecnolog\u00eda AMD Freesync\u2122<\/li>\n<\/ul>\n<\/li>\n<li>Enfriamiento 3 ventiladores<\/li>\n<li>Factor de forma\n<ul>\n<li>Ranura 2.7, ATX<\/li>\n<\/ul>\n<\/li>\n<li>Dimensiones: 313 (largo) x 133,75 (ancho) x 52,67 (alto) mm<\/li>\n<li>El consumo de energ\u00eda\n<ul>\n<li>Potencia total de la placa de 370 W<\/li>\n<\/ul>\n<\/li>\n<li>sistema operativo\n<ul>\n<li>Linux\u00ae, Windows\u00ae 10 y Windows 11. Se requiere un sistema operativo de 64 bits<\/li>\n<\/ul>\n<\/li>\n<li>System requirements\n<ul>\n<li>Fuente de alimentaci\u00f3n m\u00ednima de 800 vatios<\/li>\n<li>3 conectores de alimentaci\u00f3n de 8 pines.<\/li>\n<li>Se requiere una PC basada en PCI Express\u00ae con una ranura de gr\u00e1ficos de carril X16 disponible en la placa base.<\/li>\n<li>M\u00ednimo 8 GB de memoria del sistema. Se recomiendan 16 GB.<\/li>\n<\/ul>\n<\/li>\n<\/ul>","protected":false},"excerpt":{"rendered":"<p>La tarjeta gr\u00e1fica Sapphire Pulse AMD Radeon RX 7900 XTX Gaming OC con 24GB de memoria GDDR6 es una verdadera bestia en t\u00e9rminos de rendimiento y capacidad de juego. Dise\u00f1ada para los jugadores m\u00e1s exigentes y los profesionales creativos, esta tarjeta gr\u00e1fica ofrece un nivel excepcional de poder y rendimiento visual. La RX 7900 XTX [&hellip;]<\/p>","protected":false},"featured_media":30383,"comment_status":"open","ping_status":"closed","template":"","meta":[],"product_brand":[],"product_cat":[20,18],"product_tag":[298],"class_list":{"0":"post-30736","1":"product","2":"type-product","3":"status-publish","4":"has-post-thumbnail","6":"product_cat-componentes","7":"product_cat-rigs-de-gpu","8":"product_tag-gpu","10":"first","11":"instock","12":"shipping-taxable","13":"purchasable","14":"product-type-simple"},"_links":{"self":[{"href":"https:\/\/bitcube.es\/en\/wp-json\/wp\/v2\/product\/30736","targetHints":{"allow":["GET"]}}],"collection":[{"href":"https:\/\/bitcube.es\/en\/wp-json\/wp\/v2\/product"}],"about":[{"href":"https:\/\/bitcube.es\/en\/wp-json\/wp\/v2\/types\/product"}],"replies":[{"embeddable":true,"href":"https:\/\/bitcube.es\/en\/wp-json\/wp\/v2\/comments?post=30736"}],"wp:featuredmedia":[{"embeddable":true,"href":"https:\/\/bitcube.es\/en\/wp-json\/wp\/v2\/media\/30383"}],"wp:attachment":[{"href":"https:\/\/bitcube.es\/en\/wp-json\/wp\/v2\/media?parent=30736"}],"wp:term":[{"taxonomy":"product_brand","embeddable":true,"href":"https:\/\/bitcube.es\/en\/wp-json\/wp\/v2\/product_brand?post=30736"},{"taxonomy":"product_cat","embeddable":true,"href":"https:\/\/bitcube.es\/en\/wp-json\/wp\/v2\/product_cat?post=30736"},{"taxonomy":"product_tag","embeddable":true,"href":"https:\/\/bitcube.es\/en\/wp-json\/wp\/v2\/product_tag?post=30736"}],"curies":[{"name":"wp","href":"https:\/\/api.w.org\/{rel}","templated":true}]}}