{"id":30753,"date":"2025-10-17T23:21:00","date_gmt":"2025-10-17T23:21:00","guid":{"rendered":"https:\/\/bitcube.es\/?post_type=product&#038;p=30753"},"modified":"2025-10-17T23:21:06","modified_gmt":"2025-10-17T23:21:06","slug":"antminer-e9-pro-3-580gh","status":"publish","type":"product","link":"https:\/\/bitcube.es\/en\/product\/antminer-e9-pro-3-580gh\/","title":{"rendered":"Antminer E9 PRO 3.580Gh"},"content":{"rendered":"<p>The <b>Antminer<\/b> E9 3.58Gh de <b>Bitmain<\/b>specialized in mining Ethereum Classic, has a higher throughput than any other <a href=\"https:\/\/www.minandovoy.com\/categoria\/rigs-de-gpu\/\" target=\"_blank\" rel=\"noopener\">GPU<\/a>.\u00a0<b>\u00a0<\/b>Este ASIC dedicado a la miner\u00eda de <a href=\"https:\/\/www.minandovoy.com\/categoria\/mineros\/?algoritmos=ethash\" target=\"_blank\" rel=\"noopener\">Ethash<\/a>, tiene una potencia de minado de 3580MHs y un consumo de 2200w\/h.<\/p>\n<p>&nbsp;<\/p>\n<div class=\"jnews_inline_related_post_wrapper right\">\n<div class=\"jnews_inline_related_post\">\n<div class=\"jeg_postblock_21 jeg_postblock jeg_module_hook jeg_pagination_disable jeg_col_2o3 jnews_module_337080_0_6385e584c0f23\" data-unique=\"jnews_module_337080_0_6385e584c0f23\">\n<div class=\"jeg_block_heading jeg_block_heading_5 jeg_subcat_right\"><\/div>\n<\/div>\n<\/div>\n<\/div>\n<h3><b>What is Bitmain?<\/b><\/h3>\n<p><em>Bitmain<\/em> es una compa\u00f1\u00eda con sede en Beijing, China. Se considera una de las compa\u00f1\u00edas m\u00e1s importantes en la industria de criptomonedas al generar hardware de miner\u00eda de alta calidad, con enormes capacidades mineras y por sus avances tecnol\u00f3gicos. Es la dise\u00f1adora m\u00e1s grande del mundo de equipos <em>ASIC<\/em>\u00a0for mining\u00a0<em>Bitcoin<\/em>.<\/p>\n<p>Bitmain, is mostly recognized for Bitcoin hardware, although it is interested in those projects that bring solidity to its company, as in this case Ethereum\/Ethereum Classic.<\/p>\n<p>&nbsp;<\/p>\n<p>&nbsp;<\/p>\n<h3><strong><a href=\"https:\/\/coinmarketcap.com\/es\/currencies\/ethereum-classic\/\" target=\"_blank\" rel=\"noopener\">Ethereum classic<\/a> vs Ethereum:<\/strong><\/h3>\n<p>This cryptocurrency was launched in July 2016, whose primary function is as a network of<br \/>\nsmart contracts, with the ability to store and support Dapps.<br \/>\nDesde que se lanz\u00f3 esta Cripto, ha intentado diferenciarse de su hermano mayor, ya<br \/>\nthat this set out to preserve the integrity of the existing ETH blockchain.<\/p>\n<p>&nbsp;<\/p>\n<p>Click here <a href=\"https:\/\/www.youtube.com\/watch?v=BtF49i6Glnc\" target=\"_blank\" rel=\"noopener\">here<\/a> to know the difference between an ASIC and a RIG.<\/p>","protected":false},"excerpt":{"rendered":"<p>El Antminer E9 3.58Gh de Bitmain, especializado en minar Ethereum Classic, tiene un rendimiento mayor que cualquier GPU.\u00a0\u00a0Este ASIC dedicado a la miner\u00eda de Ethash, tiene una potencia de minado de 3580MHs y un consumo de 2200w\/h. &nbsp; \u00bfQu\u00e9 es Bitmain? Bitmain es una compa\u00f1\u00eda con sede en Beijing, China. Se considera una de las [&hellip;]<\/p>","protected":false},"featured_media":30421,"comment_status":"open","ping_status":"closed","template":"","meta":[],"product_brand":[],"product_cat":[19],"product_tag":[52,29,282,138,48],"class_list":{"0":"post-30753","1":"product","2":"type-product","3":"status-publish","4":"has-post-thumbnail","6":"product_cat-mineros","7":"product_tag-asic","8":"product_tag-ethereum","9":"product_tag-gme","10":"product_tag-mineros-para-avanzados","11":"product_tag-nuevo","13":"first","14":"outofstock","15":"featured","16":"shipping-taxable","17":"purchasable","18":"product-type-simple"},"_links":{"self":[{"href":"https:\/\/bitcube.es\/en\/wp-json\/wp\/v2\/product\/30753","targetHints":{"allow":["GET"]}}],"collection":[{"href":"https:\/\/bitcube.es\/en\/wp-json\/wp\/v2\/product"}],"about":[{"href":"https:\/\/bitcube.es\/en\/wp-json\/wp\/v2\/types\/product"}],"replies":[{"embeddable":true,"href":"https:\/\/bitcube.es\/en\/wp-json\/wp\/v2\/comments?post=30753"}],"wp:featuredmedia":[{"embeddable":true,"href":"https:\/\/bitcube.es\/en\/wp-json\/wp\/v2\/media\/30421"}],"wp:attachment":[{"href":"https:\/\/bitcube.es\/en\/wp-json\/wp\/v2\/media?parent=30753"}],"wp:term":[{"taxonomy":"product_brand","embeddable":true,"href":"https:\/\/bitcube.es\/en\/wp-json\/wp\/v2\/product_brand?post=30753"},{"taxonomy":"product_cat","embeddable":true,"href":"https:\/\/bitcube.es\/en\/wp-json\/wp\/v2\/product_cat?post=30753"},{"taxonomy":"product_tag","embeddable":true,"href":"https:\/\/bitcube.es\/en\/wp-json\/wp\/v2\/product_tag?post=30753"}],"curies":[{"name":"wp","href":"https:\/\/api.w.org\/{rel}","templated":true}]}}