{"id":30798,"date":"2025-10-17T23:21:20","date_gmt":"2025-10-17T23:21:20","guid":{"rendered":"https:\/\/bitcube.es\/?post_type=product&#038;p=30798"},"modified":"2025-10-17T23:21:27","modified_gmt":"2025-10-17T23:21:27","slug":"iceriver-ks5l-minero-asic-de-alto-rendimiento-para-criptomonedas","status":"publish","type":"product","link":"https:\/\/bitcube.es\/en\/product\/iceriver-ks5l-minero-asic-de-alto-rendimiento-para-criptomonedas\/","title":{"rendered":"IceRiver KS5L: High Performance ASIC Miner for Cryptocurrencies"},"content":{"rendered":"<p>This new device achieves a hash rate of <strong>12\/11\/10 th\u00a0<\/strong> por segundo (Th\/s). La eficiencia energ\u00e9tica tambi\u00e9n es un aspecto destacado del KS5, con<strong> <b>3400<\/b>W<\/strong> .<\/p>\n<p>Esta el la maquina mas potente de Ice river hasta la fecha<\/p>\n<p>El lanzamiento del KS5L representa un hito importante tanto para Ice River como para Kaspa. Aunque Kaspa es una criptomoneda relativamente nueva, ha logrado una posici\u00f3n s\u00f3lida en la industria en muy poco tiempo. La tasa de hash de Kaspa se triplic\u00f3 en el primer trimestre de 2023. Hacia finales del a\u00f1o pasado, despu\u00e9s de la fusi\u00f3n de Ethereum, se convirti\u00f3 en una de las criptomonedas m\u00e1s rentables para minar con tarjetas gr\u00e1ficas (GPUs).<\/p>\n<p>[asicminer_widget miner=\u00bbiceriver\/ks5l\u00bb]<\/p>\n<h3>What is Kaspa?<\/h3>\n<p>Kaspa is a cryptocurrency that is based on blockchain technology, just like Bitcoin and other popular cryptocurrencies. As a beginner, it is important to understand that a cryptocurrency is a type of digital currency that uses cryptography to secure and verify transactions made on its network.<\/p>\n<p>Kaspa stands out as a network specifically designed to address some challenges and limitations that have been observed in other cryptocurrencies. One of Kaspa's main features is its consensus algorithm, called kPoW (Kaspa Proof of Work), which ensures the security and reliability of the network.<\/p>\n<p>One of the significant differences of Kaspa compared to other cryptocurrencies is its ability to scale efficiently. This means that Kaspa has the ability to handle a greater number of transactions per second and can grow more effectively as more users join the network. This scalability improves the speed and efficiency of transactions, which can be beneficial to the widespread adoption of cryptocurrency.<\/p>\n<p>In addition, Kaspa is considered a decentralized and open source network, which means that it is not controlled by a central authority and that anyone can access its source code and contribute to the development of the platform.<\/p>","protected":false},"excerpt":{"rendered":"<p>Este nuevo dispositivo alcanza una tasa de hash de 12\/11\/10 th\u00a0 por segundo (Th\/s). La eficiencia energ\u00e9tica tambi\u00e9n es un aspecto destacado del KS5, con 3400W . Esta el la maquina mas potente de Ice river hasta la fecha El lanzamiento del KS5L representa un hito importante tanto para Ice River como para Kaspa. Aunque [&hellip;]<\/p>","protected":false},"featured_media":30519,"comment_status":"open","ping_status":"closed","template":"","meta":[],"product_brand":[],"product_cat":[19],"product_tag":[282,138,139],"class_list":{"0":"post-30798","1":"product","2":"type-product","3":"status-publish","4":"has-post-thumbnail","6":"product_cat-mineros","7":"product_tag-gme","8":"product_tag-mineros-para-avanzados","9":"product_tag-mineros-para-expertos","11":"first","12":"outofstock","13":"shipping-taxable","14":"purchasable","15":"product-type-simple"},"_links":{"self":[{"href":"https:\/\/bitcube.es\/en\/wp-json\/wp\/v2\/product\/30798","targetHints":{"allow":["GET"]}}],"collection":[{"href":"https:\/\/bitcube.es\/en\/wp-json\/wp\/v2\/product"}],"about":[{"href":"https:\/\/bitcube.es\/en\/wp-json\/wp\/v2\/types\/product"}],"replies":[{"embeddable":true,"href":"https:\/\/bitcube.es\/en\/wp-json\/wp\/v2\/comments?post=30798"}],"wp:featuredmedia":[{"embeddable":true,"href":"https:\/\/bitcube.es\/en\/wp-json\/wp\/v2\/media\/30519"}],"wp:attachment":[{"href":"https:\/\/bitcube.es\/en\/wp-json\/wp\/v2\/media?parent=30798"}],"wp:term":[{"taxonomy":"product_brand","embeddable":true,"href":"https:\/\/bitcube.es\/en\/wp-json\/wp\/v2\/product_brand?post=30798"},{"taxonomy":"product_cat","embeddable":true,"href":"https:\/\/bitcube.es\/en\/wp-json\/wp\/v2\/product_cat?post=30798"},{"taxonomy":"product_tag","embeddable":true,"href":"https:\/\/bitcube.es\/en\/wp-json\/wp\/v2\/product_tag?post=30798"}],"curies":[{"name":"wp","href":"https:\/\/api.w.org\/{rel}","templated":true}]}}