{"id":30825,"date":"2025-10-17T23:21:35","date_gmt":"2025-10-17T23:21:35","guid":{"rendered":"https:\/\/bitcube.es\/?post_type=product&#038;p=30825"},"modified":"2025-10-17T23:23:15","modified_gmt":"2025-10-17T23:23:15","slug":"bitmain-antminer-al1-pro-16-6th-maximo-rendimiento-para-alph","status":"publish","type":"product","link":"https:\/\/bitcube.es\/en\/product\/bitmain-antminer-al1-pro-16-6th-maximo-rendimiento-para-alph\/","title":{"rendered":"BITMAIN ANTMINER AL1 PRO 16.6TH &#8211; M\u00e1ximo rendimiento para ALPH"},"content":{"rendered":"<p>The <strong>Antminer AL1 (16.6Th) de Bitmain<\/strong> es un minero ASIC de alta gama, dise\u00f1ado espec\u00edficamente para el algoritmo <strong>Blake3<\/strong>. Con un hashrate m\u00e1ximo de <strong>16.6Th\/s<\/strong> y un consumo de energ\u00eda de <strong>3730W<\/strong>, esta m\u00e1quina se posiciona como una de las m\u00e1s eficientes y rentables del mercado. Ideal para quienes buscan maximizar sus ingresos en la miner\u00eda de criptomonedas. Este modelo est\u00e1 disponible en stock.<\/p>\n<p>[asicminer_widget miner=\u00bbbitmain\/antminer-al1-pro-166th\u00bb]<\/p>\n<h4>Specifications<\/h4>\n<ul>\n<li><strong>Fabricante:<\/strong> Bitmain<\/li>\n<li><strong>Modelo:<\/strong> BITMAIN ANTMINER AL1 PRO 16.6TH<\/li>\n<li><strong>Tambi\u00e9n conocido como:<\/strong> ANTMINER AL1 PRO<\/li>\n<li><strong>Lanzamiento:<\/strong> Septiembre 2024<\/li>\n<li><strong>Tama\u00f1o:<\/strong> 195 x 290 x 370 mm<\/li>\n<li><strong>Peso:<\/strong> 13,200 g<\/li>\n<li><strong>Nivel de ruido:<\/strong> 75 db<\/li>\n<li><strong>Refrigeraci\u00f3n:<\/strong> Aire<\/li>\n<li><strong>Ventiladores:<\/strong> 4<\/li>\n<li><strong>Consumo de energ\u00eda:<\/strong> 3730W<\/li>\n<li><strong>Interfaz:<\/strong> Ethernet<\/li>\n<li><strong>Temperatura de operaci\u00f3n:<\/strong> 5 &#8211; 45 \u00b0C<\/li>\n<li><strong>Humedad:<\/strong> 5 &#8211; 95%<\/li>\n<\/ul>\n<h4>Monedas minables<\/h4>\n<p><strong>ALPH (Alephium)<\/strong><\/p>\n<p><strong>DCR (Decred)<\/strong><\/p>\n<p>\u00a1Optimiza tus operaciones mineras con el Antminer AL1\u00a0 Pro y aprovecha al m\u00e1ximo su potencia y eficiencia!<\/p>","protected":false},"excerpt":{"rendered":"<p>El Antminer AL1 (16.6Th) de Bitmain es un minero ASIC de alta gama, dise\u00f1ado espec\u00edficamente para el algoritmo Blake3. Con un hashrate m\u00e1ximo de 16.6Th\/s y un consumo de energ\u00eda de 3730W, esta m\u00e1quina se posiciona como una de las m\u00e1s eficientes y rentables del mercado. Ideal para quienes buscan maximizar sus ingresos en la [&hellip;]<\/p>","protected":false},"featured_media":30531,"comment_status":"open","ping_status":"closed","template":"","meta":[],"product_brand":[],"product_cat":[19],"product_tag":[282,138,139],"class_list":{"0":"post-30825","1":"product","2":"type-product","3":"status-publish","4":"has-post-thumbnail","6":"product_cat-mineros","7":"product_tag-gme","8":"product_tag-mineros-para-avanzados","9":"product_tag-mineros-para-expertos","11":"first","12":"instock","13":"featured","14":"shipping-taxable","15":"purchasable","16":"product-type-simple"},"_links":{"self":[{"href":"https:\/\/bitcube.es\/en\/wp-json\/wp\/v2\/product\/30825","targetHints":{"allow":["GET"]}}],"collection":[{"href":"https:\/\/bitcube.es\/en\/wp-json\/wp\/v2\/product"}],"about":[{"href":"https:\/\/bitcube.es\/en\/wp-json\/wp\/v2\/types\/product"}],"replies":[{"embeddable":true,"href":"https:\/\/bitcube.es\/en\/wp-json\/wp\/v2\/comments?post=30825"}],"wp:featuredmedia":[{"embeddable":true,"href":"https:\/\/bitcube.es\/en\/wp-json\/wp\/v2\/media\/30531"}],"wp:attachment":[{"href":"https:\/\/bitcube.es\/en\/wp-json\/wp\/v2\/media?parent=30825"}],"wp:term":[{"taxonomy":"product_brand","embeddable":true,"href":"https:\/\/bitcube.es\/en\/wp-json\/wp\/v2\/product_brand?post=30825"},{"taxonomy":"product_cat","embeddable":true,"href":"https:\/\/bitcube.es\/en\/wp-json\/wp\/v2\/product_cat?post=30825"},{"taxonomy":"product_tag","embeddable":true,"href":"https:\/\/bitcube.es\/en\/wp-json\/wp\/v2\/product_tag?post=30825"}],"curies":[{"name":"wp","href":"https:\/\/api.w.org\/{rel}","templated":true}]}}