{"id":30828,"date":"2025-10-17T23:21:36","date_gmt":"2025-10-17T23:21:36","guid":{"rendered":"https:\/\/bitcube.es\/?post_type=product&#038;p=30828"},"modified":"2025-10-17T23:23:17","modified_gmt":"2025-10-17T23:23:17","slug":"goldshell-al-box-ii-pro","status":"publish","type":"product","link":"https:\/\/bitcube.es\/en\/product\/goldshell-al-box-ii-pro\/","title":{"rendered":"Goldshell AL BOX II PRO"},"content":{"rendered":"<p>The<strong> Goldshell AL BOX II<\/strong> <strong>PRO<\/strong> representa una actualizaci\u00f3n de su predecesor, el <strong>Goldshell AL BOX<\/strong>, que cuenta con el doble de hashrate y, en consecuencia, duplica las ganancias. Dise\u00f1ado para la miner\u00eda de monedas<strong> ALPH<\/strong>, el minero ASIC Goldshell AL Box <strong>950 Gb\/s 460W<\/strong> destaca por su eficiencia para las operaciones mineras dom\u00e9sticas. Su combinaci\u00f3n de rendimiento potente y eficiencia energ\u00e9tica lo convierte en una opci\u00f3n excelente para quienes buscan mejorar la rentabilidad y al mismo tiempo reducir los gastos operativos.<\/p>\n<p>Specifications<br \/>\nFabricante: Goldshell<br \/>\nModelo: AL-BOX II Pro<br \/>\nTambi\u00e9n conocido como: Goldshell AL-BOX II PRO &#8211; ALPH (Alephium) Miner<br \/>\nFecha de lanzamiento: Septiembre 2024<br \/>\nTama\u00f1o: 300 x 200 x 142 mm<br \/>\nPeso: 3100 g<br \/>\nNivel de ruido: 55 db<br \/>\nVentiladores: 2<br \/>\nTasa de hash: 950 GH<br \/>\nConsumo: 460 W<br \/>\nConexi\u00f3n: Ethernet<br \/>\nTemperatura de operaci\u00f3n: 5 &#8211; 35 \u00b0C<\/p>","protected":false},"excerpt":{"rendered":"<p>El Goldshell AL BOX II PRO representa una actualizaci\u00f3n de su predecesor, el Goldshell AL BOX, que cuenta con el doble de hashrate y, en consecuencia, duplica las ganancias. Dise\u00f1ado para la miner\u00eda de monedas ALPH, el minero ASIC Goldshell AL Box 950 Gb\/s 460W destaca por su eficiencia para las operaciones mineras dom\u00e9sticas. Su [&hellip;]<\/p>","protected":false},"featured_media":30518,"comment_status":"open","ping_status":"closed","template":"","meta":[],"product_brand":[],"product_cat":[19],"product_tag":[282,53,138,137],"class_list":{"0":"post-30828","1":"product","2":"type-product","3":"status-publish","4":"has-post-thumbnail","6":"product_cat-mineros","7":"product_tag-gme","8":"product_tag-goldshell-miner","9":"product_tag-mineros-para-avanzados","10":"product_tag-mineros-para-principiantes","12":"first","13":"outofstock","14":"shipping-taxable","15":"purchasable","16":"product-type-simple"},"_links":{"self":[{"href":"https:\/\/bitcube.es\/en\/wp-json\/wp\/v2\/product\/30828","targetHints":{"allow":["GET"]}}],"collection":[{"href":"https:\/\/bitcube.es\/en\/wp-json\/wp\/v2\/product"}],"about":[{"href":"https:\/\/bitcube.es\/en\/wp-json\/wp\/v2\/types\/product"}],"replies":[{"embeddable":true,"href":"https:\/\/bitcube.es\/en\/wp-json\/wp\/v2\/comments?post=30828"}],"wp:featuredmedia":[{"embeddable":true,"href":"https:\/\/bitcube.es\/en\/wp-json\/wp\/v2\/media\/30518"}],"wp:attachment":[{"href":"https:\/\/bitcube.es\/en\/wp-json\/wp\/v2\/media?parent=30828"}],"wp:term":[{"taxonomy":"product_brand","embeddable":true,"href":"https:\/\/bitcube.es\/en\/wp-json\/wp\/v2\/product_brand?post=30828"},{"taxonomy":"product_cat","embeddable":true,"href":"https:\/\/bitcube.es\/en\/wp-json\/wp\/v2\/product_cat?post=30828"},{"taxonomy":"product_tag","embeddable":true,"href":"https:\/\/bitcube.es\/en\/wp-json\/wp\/v2\/product_tag?post=30828"}],"curies":[{"name":"wp","href":"https:\/\/api.w.org\/{rel}","templated":true}]}}