{"id":30965,"date":"2025-10-17T23:24:43","date_gmt":"2025-10-17T23:24:43","guid":{"rendered":"https:\/\/bitcube.es\/?post_type=product&#038;p=30965"},"modified":"2025-10-17T23:25:19","modified_gmt":"2025-10-17T23:25:19","slug":"bitaxe-gamma-601","status":"publish","type":"product","link":"https:\/\/bitcube.es\/en\/product\/bitaxe-gamma-601\/","title":{"rendered":"Bitaxe Gamma 601"},"content":{"rendered":"<p>\u200bEl Bitaxe Gamma 601 es un minero ASIC compacto y eficiente, dise\u00f1ado para la miner\u00eda de Bitcoin utilizando el algoritmo SHA-256. Con un rendimiento de hasta 1.2 TH\/s y un consumo energ\u00e9tico de aproximadamente 17W, es una opci\u00f3n ideal para entusiastas que desean participar en la miner\u00eda desde casa.\u200b<\/p>\n<p>Garant\u00eda total de 1 a\u00f1o del equipo. Protege tanto piezas como mano de obra y te da acceso a nuestro soporte t\u00e9cnico especializado.<\/p>\n<p>[asicminer_widget miner=\u00bbbitaxe\/gamma-601&#8243;]<\/p>\n<h2 class=\"\" data-start=\"202\" data-end=\"233\">\ud83d\udd27 Especificaciones T\u00e9cnicas<\/h2>\n<table class=\"w-full\">\n<tbody>\n<tr class=\"odd:bg-transparent even:bg-gray-1 odd:dark:bg-transparent even:dark:bg-black\/80\">\n<td class=\"min-w-40 py-1 pl-2\">Manufacturer<\/td>\n<td class=\"pr-2 text-right\">Bitaxe<\/td>\n<\/tr>\n<tr class=\"odd:bg-transparent even:bg-gray-1 odd:dark:bg-transparent even:dark:bg-black\/80\">\n<td class=\"min-w-40 py-1 pl-2\">Model<\/td>\n<td class=\"pr-2 text-right\">Gamma 601<\/td>\n<\/tr>\n<tr class=\"odd:bg-transparent even:bg-gray-1 odd:dark:bg-transparent even:dark:bg-black\/80\">\n<td class=\"min-w-40 py-1 pl-2\">Tambi\u00e9n conocido como<\/td>\n<td class=\"pr-2 text-right\">Bitaxe 601 Gamma<\/td>\n<\/tr>\n<tr class=\"odd:bg-transparent even:bg-gray-1 odd:dark:bg-transparent even:dark:bg-black\/80\">\n<td class=\"min-w-40 py-1 pl-2\">Launch<\/td>\n<td class=\"pr-2 text-right\">Aug 2024<\/td>\n<\/tr>\n<tr class=\"odd:bg-transparent even:bg-gray-1 odd:dark:bg-transparent even:dark:bg-black\/80\">\n<td class=\"min-w-40 py-1 pl-2\">Size<\/td>\n<td class=\"pr-2 text-right\">10 x 6 x 5mm<\/td>\n<\/tr>\n<tr class=\"odd:bg-transparent even:bg-gray-1 odd:dark:bg-transparent even:dark:bg-black\/80\">\n<td class=\"min-w-40 py-1 pl-2\">Weight<\/td>\n<td class=\"pr-2 text-right\">340g<\/td>\n<\/tr>\n<tr class=\"odd:bg-transparent even:bg-gray-1 odd:dark:bg-transparent even:dark:bg-black\/80\">\n<td class=\"min-w-40 py-1 pl-2\">Nombre del chip<\/td>\n<td class=\"pr-2 text-right\">BM1370<\/td>\n<\/tr>\n<tr class=\"odd:bg-transparent even:bg-gray-1 odd:dark:bg-transparent even:dark:bg-black\/80\">\n<td class=\"min-w-40 py-1 pl-2\">Cantidad de chips<\/td>\n<td class=\"pr-2 text-right\">1<\/td>\n<\/tr>\n<tr class=\"odd:bg-transparent even:bg-gray-1 odd:dark:bg-transparent even:dark:bg-black\/80\">\n<td class=\"min-w-40 py-1 pl-2\">Nivel de ruido<\/td>\n<td class=\"pr-2 text-right\">35dB<\/td>\n<\/tr>\n<tr class=\"odd:bg-transparent even:bg-gray-1 odd:dark:bg-transparent even:dark:bg-black\/80\">\n<td class=\"min-w-40 py-1 pl-2\">Ventilador(es)<\/td>\n<td class=\"pr-2 text-right\">1<\/td>\n<\/tr>\n<tr class=\"odd:bg-transparent even:bg-gray-1 odd:dark:bg-transparent even:dark:bg-black\/80\">\n<td class=\"min-w-40 py-1 pl-2\">Power<\/td>\n<td class=\"pr-2 text-right\">17W<\/td>\n<\/tr>\n<tr class=\"odd:bg-transparent even:bg-gray-1 odd:dark:bg-transparent even:dark:bg-black\/80\">\n<td class=\"min-w-40 py-1 pl-2\">Interface<\/td>\n<td class=\"pr-2 text-right\">WiFi<\/td>\n<\/tr>\n<tr class=\"odd:bg-transparent even:bg-gray-1 odd:dark:bg-transparent even:dark:bg-black\/80\">\n<td class=\"min-w-40 py-1 pl-2\">Temperature<\/td>\n<td class=\"pr-2 text-right\">5 &#8211; 45 \u00b0C<\/td>\n<\/tr>\n<tr class=\"odd:bg-transparent even:bg-gray-1 odd:dark:bg-transparent even:dark:bg-black\/80\">\n<td class=\"min-w-40 py-1 pl-2\">Humidity<\/td>\n<td class=\"pr-2 text-right\">5 &#8211; 95 %<\/td>\n<\/tr>\n<tr class=\"odd:bg-transparent even:bg-gray-1 odd:dark:bg-transparent even:dark:bg-black\/80\">\n<td class=\"min-w-40 py-1 pl-2\">Informaci\u00f3n adicional<\/td>\n<td class=\"pr-2 text-right\">Educational or Solo mining device.<\/td>\n<\/tr>\n<\/tbody>\n<\/table>","protected":false},"excerpt":{"rendered":"<p>\u200bEl Bitaxe Gamma 601 es un minero ASIC compacto y eficiente, dise\u00f1ado para la miner\u00eda de Bitcoin utilizando el algoritmo SHA-256. Con un rendimiento de hasta 1.2 TH\/s y un consumo energ\u00e9tico de aproximadamente 17W, es una opci\u00f3n ideal para entusiastas que desean participar en la miner\u00eda desde casa.\u200b Garant\u00eda total de 1 a\u00f1o del [&hellip;]<\/p>","protected":false},"featured_media":31003,"comment_status":"open","ping_status":"closed","template":"","meta":[],"product_brand":[],"product_cat":[19],"product_tag":[282,137],"class_list":{"0":"post-30965","1":"product","2":"type-product","3":"status-publish","4":"has-post-thumbnail","6":"product_cat-mineros","7":"product_tag-gme","8":"product_tag-mineros-para-principiantes","10":"first","11":"instock","12":"shipping-taxable","13":"purchasable","14":"product-type-simple"},"_links":{"self":[{"href":"https:\/\/bitcube.es\/en\/wp-json\/wp\/v2\/product\/30965","targetHints":{"allow":["GET"]}}],"collection":[{"href":"https:\/\/bitcube.es\/en\/wp-json\/wp\/v2\/product"}],"about":[{"href":"https:\/\/bitcube.es\/en\/wp-json\/wp\/v2\/types\/product"}],"replies":[{"embeddable":true,"href":"https:\/\/bitcube.es\/en\/wp-json\/wp\/v2\/comments?post=30965"}],"wp:featuredmedia":[{"embeddable":true,"href":"https:\/\/bitcube.es\/en\/wp-json\/wp\/v2\/media\/31003"}],"wp:attachment":[{"href":"https:\/\/bitcube.es\/en\/wp-json\/wp\/v2\/media?parent=30965"}],"wp:term":[{"taxonomy":"product_brand","embeddable":true,"href":"https:\/\/bitcube.es\/en\/wp-json\/wp\/v2\/product_brand?post=30965"},{"taxonomy":"product_cat","embeddable":true,"href":"https:\/\/bitcube.es\/en\/wp-json\/wp\/v2\/product_cat?post=30965"},{"taxonomy":"product_tag","embeddable":true,"href":"https:\/\/bitcube.es\/en\/wp-json\/wp\/v2\/product_tag?post=30965"}],"curies":[{"name":"wp","href":"https:\/\/api.w.org\/{rel}","templated":true}]}}