{"id":31013,"date":"2025-10-17T23:25:33","date_gmt":"2025-10-17T23:25:33","guid":{"rendered":"https:\/\/bitcube.es\/?post_type=product&#038;p=31013"},"modified":"2025-10-17T23:25:54","modified_gmt":"2025-10-17T23:25:54","slug":"bitdeer-sealminer-a2-hyd","status":"publish","type":"product","link":"https:\/\/bitcube.es\/en\/product\/bitdeer-sealminer-a2-hyd\/","title":{"rendered":"Bitdeer SealMiner A2 Hyd"},"content":{"rendered":"<p>El Bitdeer SealMiner A2 Hyd es un minero ASIC desarrollado para operar con el algoritmo SHA-256, orientado espec\u00edficamente a la miner\u00eda de Bitcoin (BTC). Alcanza una tasa de hash m\u00e1xima de 446Th\/s con un consumo de 7360W, lo que se traduce en una eficiencia energ\u00e9tica de 16.502J\/Th.<\/p>\n<p>[asicminer_widget miner=\u00bbbitdeer\/sealminer-a2-hyd\u00bb]<\/p>\n<div class=\"mb-4\">\n<h3 class=\"\" data-start=\"166\" data-end=\"198\">\ud83d\udd27 Especificaciones T\u00e9cnicas<\/h3>\n<\/div>\n<table class=\"w-full\">\n<tbody>\n<tr class=\"odd:bg-transparent even:bg-gray-1 odd:dark:bg-transparent even:dark:bg-black\/80\">\n<td class=\"min-w-40 py-1 pl-2\">Manufacturer<\/td>\n<td class=\"pr-2 text-right\">Bitdeer<\/td>\n<\/tr>\n<tr class=\"odd:bg-transparent even:bg-gray-1 odd:dark:bg-transparent even:dark:bg-black\/80\">\n<td class=\"min-w-40 py-1 pl-2\">Model<\/td>\n<td class=\"pr-2 text-right\">SealMiner A2 Hyd<\/td>\n<\/tr>\n<tr class=\"odd:bg-transparent even:bg-gray-1 odd:dark:bg-transparent even:dark:bg-black\/80\">\n<td class=\"min-w-40 py-1 pl-2\">Tambi\u00e9n conocido como<\/td>\n<td class=\"pr-2 text-right\">BitDeer SEALMINER A2 Hydro<\/td>\n<\/tr>\n<tr class=\"odd:bg-transparent even:bg-gray-1 odd:dark:bg-transparent even:dark:bg-black\/80\">\n<td class=\"min-w-40 py-1 pl-2\">Launch<\/td>\n<td class=\"pr-2 text-right\">Mar 2025<\/td>\n<\/tr>\n<tr class=\"odd:bg-transparent even:bg-gray-1 odd:dark:bg-transparent even:dark:bg-black\/80\">\n<td class=\"min-w-40 py-1 pl-2\">Nivel de ruido<\/td>\n<td class=\"pr-2 text-right\">50dB<\/td>\n<\/tr>\n<tr class=\"odd:bg-transparent even:bg-gray-1 odd:dark:bg-transparent even:dark:bg-black\/80\">\n<td class=\"min-w-40 py-1 pl-2\">Refrigeraci\u00f3n<\/td>\n<td class=\"pr-2 text-right\">Hydro cooling<\/td>\n<\/tr>\n<tr class=\"odd:bg-transparent even:bg-gray-1 odd:dark:bg-transparent even:dark:bg-black\/80\">\n<td class=\"min-w-40 py-1 pl-2\">Power<\/td>\n<td class=\"pr-2 text-right\">7360W<\/td>\n<\/tr>\n<tr class=\"odd:bg-transparent even:bg-gray-1 odd:dark:bg-transparent even:dark:bg-black\/80\">\n<td class=\"min-w-40 py-1 pl-2\">Interface<\/td>\n<td class=\"pr-2 text-right\">Ethernet<\/td>\n<\/tr>\n<\/tbody>\n<\/table>","protected":false},"excerpt":{"rendered":"<p>El Bitdeer SealMiner A2 Hyd es un minero ASIC desarrollado para operar con el algoritmo SHA-256, orientado espec\u00edficamente a la miner\u00eda de Bitcoin (BTC). Alcanza una tasa de hash m\u00e1xima de 446Th\/s con un consumo de 7360W, lo que se traduce en una eficiencia energ\u00e9tica de 16.502J\/Th. [asicminer_widget miner=\u00bbbitdeer\/sealminer-a2-hyd\u00bb] \ud83d\udd27 Especificaciones T\u00e9cnicas Fabricante Bitdeer Modelo [&hellip;]<\/p>","protected":false},"featured_media":31040,"comment_status":"open","ping_status":"closed","template":"","meta":[],"product_brand":[],"product_cat":[19],"product_tag":[282,139],"class_list":{"0":"post-31013","1":"product","2":"type-product","3":"status-publish","4":"has-post-thumbnail","6":"product_cat-mineros","7":"product_tag-gme","8":"product_tag-mineros-para-expertos","10":"first","11":"outofstock","12":"shipping-taxable","13":"purchasable","14":"product-type-simple"},"_links":{"self":[{"href":"https:\/\/bitcube.es\/en\/wp-json\/wp\/v2\/product\/31013","targetHints":{"allow":["GET"]}}],"collection":[{"href":"https:\/\/bitcube.es\/en\/wp-json\/wp\/v2\/product"}],"about":[{"href":"https:\/\/bitcube.es\/en\/wp-json\/wp\/v2\/types\/product"}],"replies":[{"embeddable":true,"href":"https:\/\/bitcube.es\/en\/wp-json\/wp\/v2\/comments?post=31013"}],"wp:featuredmedia":[{"embeddable":true,"href":"https:\/\/bitcube.es\/en\/wp-json\/wp\/v2\/media\/31040"}],"wp:attachment":[{"href":"https:\/\/bitcube.es\/en\/wp-json\/wp\/v2\/media?parent=31013"}],"wp:term":[{"taxonomy":"product_brand","embeddable":true,"href":"https:\/\/bitcube.es\/en\/wp-json\/wp\/v2\/product_brand?post=31013"},{"taxonomy":"product_cat","embeddable":true,"href":"https:\/\/bitcube.es\/en\/wp-json\/wp\/v2\/product_cat?post=31013"},{"taxonomy":"product_tag","embeddable":true,"href":"https:\/\/bitcube.es\/en\/wp-json\/wp\/v2\/product_tag?post=31013"}],"curies":[{"name":"wp","href":"https:\/\/api.w.org\/{rel}","templated":true}]}}