{"id":31025,"date":"2025-10-17T23:25:35","date_gmt":"2025-10-17T23:25:35","guid":{"rendered":"https:\/\/bitcube.es\/?post_type=product&#038;p=31025"},"modified":"2025-10-17T23:26:16","modified_gmt":"2025-10-17T23:26:16","slug":"volcminer-d1-lite-14gh","status":"publish","type":"product","link":"https:\/\/bitcube.es\/en\/product\/volcminer-d1-lite-14gh\/","title":{"rendered":"VolcMiner D1 Lite (14Gh)"},"content":{"rendered":"<p>El VolcMiner D1 Lite (14Gh) es un minero ASIC dise\u00f1ado para operar con el algoritmo Scrypt, orientado espec\u00edficamente a la miner\u00eda de Dogecoin (DOGE) y Litecoin (LTC). Ofrece una tasa de hash m\u00e1xima de 14Gh\/s y un consumo el\u00e9ctrico de 4150W, lo que se traduce en una eficiencia energ\u00e9tica de 0.296J\/Mh.<\/p>\n<p>Garant\u00eda total de 1 a\u00f1o. Protege tanto piezas como mano de obra y te da acceso a nuestro soporte t\u00e9cnico especializado. Ante cualquier incidencia, solo tienes que abrir un ticket en tu \u00e1rea de cliente: nos ocupamos de la reparaci\u00f3n o sustituci\u00f3n sin coste a\u00f1adido.<\/p>\n<p>[asicminer_widget miner=\u00bbvolcminer\/d1-lite-14gh\u00bb]<\/p>\n<div id=\"preventa\" style=\"background: #050756; border-left: 6px solid white; color: white; padding: 16px 20px; margin: 20px 0; border-radius: 8px; font-family: revert; box-shadow: 3px 1px 0px 5px rgb(0 69 255 \/ 33%); transition: transform 0.5s ease-in-out, box-shadow 0.5s ease-in-out;\"><center>\u00a1Reserva disponible! \ud83e\udd11<\/center><br \/>\n<center>Este producto se encuentra en <strong>precompra<\/strong> y tendremos las primeras unidades a <strong>inicios de Agosto<\/strong>. Las primeras entregas comenzar\u00e1n <strong>a mediados de Agosto<\/strong>. \u00a1Asegura el tuyo hoy y s\u00e9 de los primeros en recibirlo! \ud83d\ude0a<\/center><\/div>\n<p>&nbsp;<\/p>\n<div class=\"mb-4\">\n<h3 class=\"\" data-start=\"166\" data-end=\"198\">\ud83d\udd27 Especificaciones T\u00e9cnicas<\/h3>\n<\/div>\n<table class=\"w-full\">\n<tbody>\n<tr class=\"odd:bg-transparent even:bg-gray-1 odd:dark:bg-transparent even:dark:bg-black\/80\">\n<td class=\"min-w-40 py-1 pl-2\">Manufacturer<\/td>\n<td class=\"pr-2 text-right\">VolcMiner<\/td>\n<\/tr>\n<tr class=\"odd:bg-transparent even:bg-gray-1 odd:dark:bg-transparent even:dark:bg-black\/80\">\n<td class=\"min-w-40 py-1 pl-2\">Model<\/td>\n<td class=\"pr-2 text-right\">D1 Lite (14Gh)<\/td>\n<\/tr>\n<tr class=\"odd:bg-transparent even:bg-gray-1 odd:dark:bg-transparent even:dark:bg-black\/80\">\n<td class=\"min-w-40 py-1 pl-2\">Tambi\u00e9n conocido como<\/td>\n<td class=\"pr-2 text-right\">WolcMiner D1 Lite 14Gh<\/td>\n<\/tr>\n<tr class=\"odd:bg-transparent even:bg-gray-1 odd:dark:bg-transparent even:dark:bg-black\/80\">\n<td class=\"min-w-40 py-1 pl-2\">Launch<\/td>\n<td class=\"pr-2 text-right\">Feb 2025<\/td>\n<\/tr>\n<tr class=\"odd:bg-transparent even:bg-gray-1 odd:dark:bg-transparent even:dark:bg-black\/80\">\n<td class=\"min-w-40 py-1 pl-2\">Size<\/td>\n<td class=\"pr-2 text-right\">335 x 197 x 285mm<\/td>\n<\/tr>\n<tr class=\"odd:bg-transparent even:bg-gray-1 odd:dark:bg-transparent even:dark:bg-black\/80\">\n<td class=\"min-w-40 py-1 pl-2\">Weight<\/td>\n<td class=\"pr-2 text-right\">15600g<\/td>\n<\/tr>\n<tr class=\"odd:bg-transparent even:bg-gray-1 odd:dark:bg-transparent even:dark:bg-black\/80\">\n<td class=\"min-w-40 py-1 pl-2\">Nivel de ruido<\/td>\n<td class=\"pr-2 text-right\">70dB<\/td>\n<\/tr>\n<tr class=\"odd:bg-transparent even:bg-gray-1 odd:dark:bg-transparent even:dark:bg-black\/80\">\n<td class=\"min-w-40 py-1 pl-2\">Ventilador(es)<\/td>\n<td class=\"pr-2 text-right\">4<\/td>\n<\/tr>\n<tr class=\"odd:bg-transparent even:bg-gray-1 odd:dark:bg-transparent even:dark:bg-black\/80\">\n<td class=\"min-w-40 py-1 pl-2\">Power<\/td>\n<td class=\"pr-2 text-right\">4150W<\/td>\n<\/tr>\n<tr class=\"odd:bg-transparent even:bg-gray-1 odd:dark:bg-transparent even:dark:bg-black\/80\">\n<td class=\"min-w-40 py-1 pl-2\">Interface<\/td>\n<td class=\"pr-2 text-right\">Ethernet<\/td>\n<\/tr>\n<tr class=\"odd:bg-transparent even:bg-gray-1 odd:dark:bg-transparent even:dark:bg-black\/80\">\n<td class=\"min-w-40 py-1 pl-2\">Temperature<\/td>\n<td class=\"pr-2 text-right\">5 &#8211; 45 \u00b0C<\/td>\n<\/tr>\n<tr class=\"odd:bg-transparent even:bg-gray-1 odd:dark:bg-transparent even:dark:bg-black\/80\">\n<td class=\"min-w-40 py-1 pl-2\">Humidity<\/td>\n<td class=\"pr-2 text-right\">5 &#8211; 95 %<\/td>\n<\/tr>\n<\/tbody>\n<\/table>","protected":false},"excerpt":{"rendered":"<p>El VolcMiner D1 Lite (14Gh) es un minero ASIC dise\u00f1ado para operar con el algoritmo Scrypt, orientado espec\u00edficamente a la miner\u00eda de Dogecoin (DOGE) y Litecoin (LTC). Ofrece una tasa de hash m\u00e1xima de 14Gh\/s y un consumo el\u00e9ctrico de 4150W, lo que se traduce en una eficiencia energ\u00e9tica de 0.296J\/Mh. Garant\u00eda total de 1 [&hellip;]<\/p>","protected":false},"featured_media":31065,"comment_status":"open","ping_status":"closed","template":"","meta":[],"product_brand":[],"product_cat":[19],"product_tag":[282,138],"class_list":{"0":"post-31025","1":"product","2":"type-product","3":"status-publish","4":"has-post-thumbnail","6":"product_cat-mineros","7":"product_tag-gme","8":"product_tag-mineros-para-avanzados","10":"first","11":"onbackorder","12":"shipping-taxable","13":"purchasable","14":"product-type-simple"},"_links":{"self":[{"href":"https:\/\/bitcube.es\/en\/wp-json\/wp\/v2\/product\/31025","targetHints":{"allow":["GET"]}}],"collection":[{"href":"https:\/\/bitcube.es\/en\/wp-json\/wp\/v2\/product"}],"about":[{"href":"https:\/\/bitcube.es\/en\/wp-json\/wp\/v2\/types\/product"}],"replies":[{"embeddable":true,"href":"https:\/\/bitcube.es\/en\/wp-json\/wp\/v2\/comments?post=31025"}],"wp:featuredmedia":[{"embeddable":true,"href":"https:\/\/bitcube.es\/en\/wp-json\/wp\/v2\/media\/31065"}],"wp:attachment":[{"href":"https:\/\/bitcube.es\/en\/wp-json\/wp\/v2\/media?parent=31025"}],"wp:term":[{"taxonomy":"product_brand","embeddable":true,"href":"https:\/\/bitcube.es\/en\/wp-json\/wp\/v2\/product_brand?post=31025"},{"taxonomy":"product_cat","embeddable":true,"href":"https:\/\/bitcube.es\/en\/wp-json\/wp\/v2\/product_cat?post=31025"},{"taxonomy":"product_tag","embeddable":true,"href":"https:\/\/bitcube.es\/en\/wp-json\/wp\/v2\/product_tag?post=31025"}],"curies":[{"name":"wp","href":"https:\/\/api.w.org\/{rel}","templated":true}]}}