{"id":31106,"date":"2025-10-17T23:26:47","date_gmt":"2025-10-17T23:26:47","guid":{"rendered":"https:\/\/bitcube.es\/?post_type=product&#038;p=31106"},"modified":"2025-10-17T23:28:09","modified_gmt":"2025-10-17T23:28:09","slug":"canaan-avalon-a1566ha-2u-480-th","status":"publish","type":"product","link":"https:\/\/bitcube.es\/en\/product\/canaan-avalon-a1566ha-2u-480-th\/","title":{"rendered":"Canaan Avalon A1566HA 2U ( 480 Th )"},"content":{"rendered":"<p>El Canaan Avalon A1566HA 2U es un equipo ASIC optimizado para el algoritmo SHA-256, enfocado en la miner\u00eda de BTC (Bitcoin). Entrega una tasa de hash m\u00e1xima de 480Th\/s con un consumo el\u00e9ctrico de 8064W, alcanzando una eficiencia energ\u00e9tica de 16.8j\/Th.<\/p>\n<p>[asicminer_widget miner=\u00bbcanaan\/avalon-a1566ha\u00bb]<\/p>\n<p><strong>Reserva con pago parcial<br \/>\n<\/strong>\u00a0Realiza tu reserva abonando el <strong>precio de reserva<\/strong> que indicamos en la web para asegurar tu unidad de Asic. El <strong>resto del importe<\/strong> se deber\u00e1 abonar <strong>en su totalidad<\/strong> en el <strong>momento de la entrega<\/strong>, momento en el que procesaremos el env\u00edo y recibir\u00e1s tu producto.<\/p>\n<ul>\n<li><strong>Precio de reserva:<\/strong> el importe indicado como reserva.<\/li>\n<li><strong>Pago final:<\/strong> abono del resto del precio al confirmar la entrega.<\/li>\n<li><strong>Plazo de entrega:<\/strong> una vez completado el pago total, recibir\u00e1s tu producto en un plazo de <strong>15 a 20 d\u00edas laborables<\/strong>.<\/li>\n<li><strong>Responsabilidad en aduanas:<\/strong> los cargos aduaneros correr\u00e1n a nuestro cargo, pero no nos hacemos responsables de posibles <strong>retrasos<\/strong> derivados de los tr\u00e1mites de aduanas.<\/li>\n<li><strong>Nota:<\/strong> hasta que no se complete el pago total, el producto no ser\u00e1 expedido ni entregado.<\/li>\n<\/ul>\n<p><em>Reserva tu equipo hoy y garantiza tu Asic sin riesgo de quedarte sin stock.<\/em><\/p>\n<p><em>\u00a0<\/em><\/p>\n<p><em>Este producto cuenta con 1 a\u00f1o de garant\u00eda desde la fecha de compra. Durante este per\u00edodo, cubrimos cualquier defecto de fabricaci\u00f3n o funcionamiento an\u00f3malo bajo condiciones normales de uso.<\/em><\/p>\n<p><em>Para hacer efectiva la garant\u00eda, simplemente conserva tu comprobante de compra y contacta con nuestro servicio de atenci\u00f3n al cliente.<\/em><\/p>\n<div id=\"preventa\" style=\"background: #050756; border-left: 6px solid white; color: white; padding: 16px 20px; margin: 20px 0; border-radius: 8px; font-family: revert; box-shadow: 3px 1px 0px 5px rgb(0 69 255 \/ 33%); transition: transform 0.5s ease-in-out, box-shadow 0.5s ease-in-out;\"><center>\u00a1Preventa exclusiva disponible! \ud83e\udd11<\/center><br \/>\n<center>Este producto se encuentra en <strong>precompra<\/strong> y saldr\u00e1 de f\u00e1brica entre el <strong>15 y el 30 de Julio<\/strong>. Las primeras entregas comenzar\u00e1n en <strong>Agosto<\/strong>. \u00a1Asegura el tuyo hoy y s\u00e9 de los primeros en recibirlo! \ud83d\ude0a<\/center><\/div>\n<h3 class=\"\" data-start=\"166\" data-end=\"198\">\ud83d\udd27 Especificaciones T\u00e9cnicas<\/h3>\n<table class=\"w-full\">\n<tbody>\n<tr class=\"odd:bg-transparent even:bg-gray-1 odd:dark:bg-transparent even:dark:bg-black\/80\">\n<td class=\"min-w-40 py-1 pl-2\">Manufacturer<\/td>\n<td class=\"pr-2 text-right\">Canaan<\/td>\n<\/tr>\n<tr class=\"odd:bg-transparent even:bg-gray-1 odd:dark:bg-transparent even:dark:bg-black\/80\">\n<td class=\"min-w-40 py-1 pl-2\">Model<\/td>\n<td class=\"pr-2 text-right\">Avalon A1566HA 2U<\/td>\n<\/tr>\n<tr class=\"odd:bg-transparent even:bg-gray-1 odd:dark:bg-transparent even:dark:bg-black\/80\">\n<td class=\"min-w-40 py-1 pl-2\">Hashrate <\/td>\n<td class=\"pr-2 text-right\">489 Th<\/td>\n<\/tr>\n<tr class=\"odd:bg-transparent even:bg-gray-1 odd:dark:bg-transparent even:dark:bg-black\/80\">\n<td class=\"min-w-40 py-1 pl-2\">Tambi\u00e9n conocido como<\/td>\n<td class=\"pr-2 text-right\">Avalon 1566 HA 2U<\/td>\n<\/tr>\n<tr class=\"odd:bg-transparent even:bg-gray-1 odd:dark:bg-transparent even:dark:bg-black\/80\">\n<td class=\"min-w-40 py-1 pl-2\">Launch<\/td>\n<td class=\"pr-2 text-right\">Jun 2025<\/td>\n<\/tr>\n<tr class=\"odd:bg-transparent even:bg-gray-1 odd:dark:bg-transparent even:dark:bg-black\/80\">\n<td class=\"min-w-40 py-1 pl-2\">Size<\/td>\n<td class=\"pr-2 text-right\">680 x 560 x 200mm<\/td>\n<\/tr>\n<tr class=\"odd:bg-transparent even:bg-gray-1 odd:dark:bg-transparent even:dark:bg-black\/80\">\n<td class=\"min-w-40 py-1 pl-2\">Weight<\/td>\n<td class=\"pr-2 text-right\">20000g<\/td>\n<\/tr>\n<tr class=\"odd:bg-transparent even:bg-gray-1 odd:dark:bg-transparent even:dark:bg-black\/80\">\n<td class=\"min-w-40 py-1 pl-2\">Nivel de ruido<\/td>\n<td class=\"pr-2 text-right\">40dB<\/td>\n<\/tr>\n<tr class=\"odd:bg-transparent even:bg-gray-1 odd:dark:bg-transparent even:dark:bg-black\/80\">\n<td class=\"min-w-40 py-1 pl-2\">Refrigeraci\u00f3n<\/td>\n<td class=\"pr-2 text-right\">Hydro cooling (OD 14)<\/td>\n<\/tr>\n<tr class=\"odd:bg-transparent even:bg-gray-1 odd:dark:bg-transparent even:dark:bg-black\/80\">\n<td class=\"min-w-40 py-1 pl-2\">Power<\/td>\n<td class=\"pr-2 text-right\">8064W<\/td>\n<\/tr>\n<tr class=\"odd:bg-transparent even:bg-gray-1 odd:dark:bg-transparent even:dark:bg-black\/80\">\n<td class=\"min-w-40 py-1 pl-2\">Voltage<\/td>\n<td class=\"pr-2 text-right\">323-528V &#8211; 20A<\/td>\n<\/tr>\n<tr class=\"odd:bg-transparent even:bg-gray-1 odd:dark:bg-transparent even:dark:bg-black\/80\">\n<td class=\"min-w-40 py-1 pl-2\">Formato rack<\/td>\n<td class=\"pr-2 text-right\">2U<\/td>\n<\/tr>\n<tr class=\"odd:bg-transparent even:bg-gray-1 odd:dark:bg-transparent even:dark:bg-black\/80\">\n<td class=\"min-w-40 py-1 pl-2\">Interface<\/td>\n<td class=\"pr-2 text-right\">Ethernet<\/td>\n<\/tr>\n<tr class=\"odd:bg-transparent even:bg-gray-1 odd:dark:bg-transparent even:dark:bg-black\/80\">\n<td class=\"min-w-40 py-1 pl-2\">Temperature<\/td>\n<td class=\"pr-2 text-right\">10 &#8211; 50 \u00b0C<\/td>\n<\/tr>\n<tr class=\"odd:bg-transparent even:bg-gray-1 odd:dark:bg-transparent even:dark:bg-black\/80\">\n<td class=\"min-w-40 py-1 pl-2\">Humidity<\/td>\n<td class=\"pr-2 text-right\">10 &#8211; 90 %<\/td>\n<\/tr>\n<tr class=\"odd:bg-transparent even:bg-gray-1 odd:dark:bg-transparent even:dark:bg-black\/80\">\n<td class=\"min-w-40 py-1 pl-2\">Garantia<\/td>\n<td class=\"pr-2 text-right\">1 a\u00f1ol<\/td>\n<\/tr>\n<\/tbody>\n<\/table>","protected":false},"excerpt":{"rendered":"<p>El Canaan Avalon A1566HA 2U es un equipo ASIC optimizado para el algoritmo SHA-256, enfocado en la miner\u00eda de BTC (Bitcoin). Entrega una tasa de hash m\u00e1xima de 480Th\/s con un consumo el\u00e9ctrico de 8064W, alcanzando una eficiencia energ\u00e9tica de 16.8j\/Th. [asicminer_widget miner=\u00bbcanaan\/avalon-a1566ha\u00bb] Reserva con pago parcial \u00a0Realiza tu reserva abonando el precio de reserva [&hellip;]<\/p>","protected":false},"featured_media":31145,"comment_status":"open","ping_status":"closed","template":"","meta":[],"product_brand":[],"product_cat":[19],"product_tag":[282,138,139],"class_list":{"0":"post-31106","1":"product","2":"type-product","3":"status-publish","4":"has-post-thumbnail","6":"product_cat-mineros","7":"product_tag-gme","8":"product_tag-mineros-para-avanzados","9":"product_tag-mineros-para-expertos","11":"first","12":"instock","13":"shipping-taxable","14":"purchasable","15":"product-type-variable","16":"has-default-attributes"},"_links":{"self":[{"href":"https:\/\/bitcube.es\/en\/wp-json\/wp\/v2\/product\/31106","targetHints":{"allow":["GET"]}}],"collection":[{"href":"https:\/\/bitcube.es\/en\/wp-json\/wp\/v2\/product"}],"about":[{"href":"https:\/\/bitcube.es\/en\/wp-json\/wp\/v2\/types\/product"}],"replies":[{"embeddable":true,"href":"https:\/\/bitcube.es\/en\/wp-json\/wp\/v2\/comments?post=31106"}],"wp:featuredmedia":[{"embeddable":true,"href":"https:\/\/bitcube.es\/en\/wp-json\/wp\/v2\/media\/31145"}],"wp:attachment":[{"href":"https:\/\/bitcube.es\/en\/wp-json\/wp\/v2\/media?parent=31106"}],"wp:term":[{"taxonomy":"product_brand","embeddable":true,"href":"https:\/\/bitcube.es\/en\/wp-json\/wp\/v2\/product_brand?post=31106"},{"taxonomy":"product_cat","embeddable":true,"href":"https:\/\/bitcube.es\/en\/wp-json\/wp\/v2\/product_cat?post=31106"},{"taxonomy":"product_tag","embeddable":true,"href":"https:\/\/bitcube.es\/en\/wp-json\/wp\/v2\/product_tag?post=31106"}],"curies":[{"name":"wp","href":"https:\/\/api.w.org\/{rel}","templated":true}]}}