{"id":173,"date":"2022-10-14T06:23:03","date_gmt":"2022-10-14T10:23:03","guid":{"rendered":"https:\/\/pruebas.michollo.to\/?page_id=173"},"modified":"2022-10-14T06:23:04","modified_gmt":"2022-10-14T10:23:04","slug":"garantia-de-nuestros-productos","status":"publish","type":"page","link":"https:\/\/bitcube.es\/es_es\/garantia-de-nuestros-productos\/","title":{"rendered":"Garant\u00eda de nuestros productos"},"content":{"rendered":"\n<p>Todos nuestros productos est\u00e1n sujetos a garant\u00eda. Nuestros productos ( Asics est\u00e1n exentos) de la colecci\u00f3n componentes est\u00e1n sujetos a una garant\u00eda de 2 a\u00f1os.&nbsp;<\/p>\n\n\n\n<p>Garant\u00eda mineros Asic nuestros mineros Asic vendidos como \u00abreacondicionados\u00bb tienen 6 meses de garant\u00eda&nbsp;desde su compra.<\/p>\n\n\n\n<p>Garant\u00eda mineros Asic nuestros mineros Asic vendidos como nuevos tienen&nbsp;una garant\u00eda de 1 a\u00f1o desde su compra.<\/p>\n\n\n\n<p>Para enviarnos un problema con tu producto o cualquier otra consulta ponte en contacto con nosotros. Estaremos encantados de ayudarte!<\/p>\n\n\n\n<p>\ud83d\udce9 contacto@bitcube.es<\/p>\n\n\n\n<p>\ud83d\udcde +34 665995234<\/p>\n","protected":false},"excerpt":{"rendered":"<p>Todos nuestros productos est\u00e1n sujetos a garant\u00eda. Nuestros productos ( Asics est\u00e1n exentos) de la colecci\u00f3n componentes est\u00e1n sujetos a una garant\u00eda de 2 a\u00f1os.&nbsp; Garant\u00eda mineros Asic nuestros mineros Asic vendidos como \u00abreacondicionados\u00bb tienen 6 meses de garant\u00eda&nbsp;desde su compra. Garant\u00eda mineros Asic nuestros mineros Asic vendidos como nuevos tienen&nbsp;una garant\u00eda de 1 a\u00f1o [&hellip;]<\/p>\n","protected":false},"author":44,"featured_media":0,"parent":0,"menu_order":0,"comment_status":"closed","ping_status":"closed","template":"","meta":{"footnotes":""},"class_list":["post-173","page","type-page","status-publish","hentry"],"rttpg_featured_image_url":null,"rttpg_author":{"display_name":"BitCube","author_link":"https:\/\/bitcube.es\/es_es\/author\/omar\/"},"rttpg_comment":0,"rttpg_category":null,"rttpg_excerpt":"Todos nuestros productos est\u00e1n sujetos a garant\u00eda. Nuestros productos ( Asics est\u00e1n exentos) de la colecci\u00f3n componentes est\u00e1n sujetos a una garant\u00eda de 2 a\u00f1os.&nbsp; Garant\u00eda mineros Asic nuestros mineros Asic vendidos como \u00abreacondicionados\u00bb tienen 6 meses de garant\u00eda&nbsp;desde su compra. Garant\u00eda mineros Asic nuestros mineros Asic vendidos como nuevos tienen&nbsp;una garant\u00eda de 1 a\u00f1o&hellip;","_links":{"self":[{"href":"https:\/\/bitcube.es\/es_es\/wp-json\/wp\/v2\/pages\/173","targetHints":{"allow":["GET"]}}],"collection":[{"href":"https:\/\/bitcube.es\/es_es\/wp-json\/wp\/v2\/pages"}],"about":[{"href":"https:\/\/bitcube.es\/es_es\/wp-json\/wp\/v2\/types\/page"}],"author":[{"embeddable":true,"href":"https:\/\/bitcube.es\/es_es\/wp-json\/wp\/v2\/users\/44"}],"replies":[{"embeddable":true,"href":"https:\/\/bitcube.es\/es_es\/wp-json\/wp\/v2\/comments?post=173"}],"version-history":[{"count":0,"href":"https:\/\/bitcube.es\/es_es\/wp-json\/wp\/v2\/pages\/173\/revisions"}],"wp:attachment":[{"href":"https:\/\/bitcube.es\/es_es\/wp-json\/wp\/v2\/media?parent=173"}],"curies":[{"name":"wp","href":"https:\/\/api.w.org\/{rel}","templated":true}]}}