{"id":183,"date":"2022-10-14T06:31:27","date_gmt":"2022-10-14T10:31:27","guid":{"rendered":"https:\/\/pruebas.michollo.to\/?page_id=183"},"modified":"2022-10-14T06:31:28","modified_gmt":"2022-10-14T10:31:28","slug":"politica-de-cookies","status":"publish","type":"page","link":"https:\/\/bitcube.es\/es_es\/politica-de-cookies\/","title":{"rendered":"Pol\u00edtica de cookies"},"content":{"rendered":"\n<p>Pol\u00edtica de Cookies<\/p>\n\n\n\n<p>\u00daltima actualizaci\u00f3n: 3\/22\/2022<\/p>\n\n\n\n<p>Sumario<\/p>\n\n\n\n<p>\u2022 Cookies usadas: Propias y de Terceros<\/p>\n\n\n\n<p>\u2022 \u00bfSe usan para obtener estad\u00edsticas? S\u00ed<\/p>\n\n\n\n<p>\u2022 \u00bfSe usan para publicidad? No<\/p>\n\n\n\n<p>\u2022 Servicios de terceros que instalan cookies a trav\u00e9s de esta web: Google Analytics,<br>Shopify<\/p>\n\n\n\n<p>C\u00f3mo configurar y deshabilitar las cookies<\/p>\n\n\n\n<p>Puedes permitir, bloquear o eliminar las cookies instaladas en tu dispositivo desde tu navegador<br>web. Si no permites la instalaci\u00f3n de cookies en tu dispositivo, puede que la experiencia de<br>navegaci\u00f3n empeore. A continuaci\u00f3n puedes encontrar c\u00f3mo configurar las cookies en cada<br>navegador:<\/p>\n\n\n\n<p>&#8211; Edge<br>&#8211; Google Chrome<br>&#8211; Google Android<br>&#8211; Internet Explorer 7 y 8<br>&#8211; Internet Explorer 9<br>&#8211; Internet Explorer 10<br>&#8211; Internet Explorer 11<br>&#8211; Mozilla Firefox<br>&#8211; Opera<br>&#8211; Safari<br>&#8211; Safari Mobile<\/p>\n\n\n\n<p>1.- Tipos y usos<\/p>\n\n\n\n<p>El servicio usa cookies propias y de terceros para mejorar la navegaci\u00f3n, proporcionar el servicio y obtener estad\u00edsticas<br>sobre el uso de la p\u00e1gina web.<\/p>\n\n\n\n<p>2.- \u00bfQu\u00e9 es una cookie y para qu\u00e9 sirve?<\/p>\n\n\n\n<p>Una cookie es un fichero de texto que se env\u00eda al navegador web de tu ordenador, m\u00f3vil o tablet y que sirve para<br>almacenar y recuperar informaci\u00f3n sobre la navegaci\u00f3n realizada. Por ejemplo, recordar tu nombre de usuario y<br>contrase\u00f1a o las preferencias de tu perfil.<br><br>3.- \u00bfQu\u00e9 tipos de cookies hay?<\/p>\n\n\n\n<p>Seg\u00fan qui\u00e9n las gestiona:<\/p>\n\n\n\n<p>\u2022 Cookies propias; se env\u00edan a tu navegador desde nuestros equipos o dominios web.<\/p>\n\n\n\n<p>\u2022 Cookies de terceros; se env\u00edan a tu navegador desde un equipo o dominio web que no gestionamos nosotros<br>directamente, sino una tercera entidad como por ejemplo Google.<\/p>\n\n\n\n<p>En funci\u00f3n del tiempo que est\u00e1n activas, hay:<\/p>\n\n\n\n<p>\u2022 Cookies de sesi\u00f3n; permanecen en el archivo de cookies de tu navegador hasta que abandonas la p\u00e1gina web,<br>de modo que ninguna queda en tu dispositivo.<\/p>\n\n\n\n<p>\u2022 Cookies persistentes; permanecen en tu dispositivo y nuestra web las lee cada vez que realizas una nueva<br>visita. Estas cookies dejan de funcionar pasada una fecha concreta.<\/p>\n\n\n\n<p>Finalmente, y seg\u00fan su finalidad, tenemos:<\/p>\n\n\n\n<p>\u2022 Cookies t\u00e9cnicas; mejoran la navegaci\u00f3n y el buen funcionamiento de la web.<\/p>\n\n\n\n<p>\u2022 Cookies de personalizaci\u00f3n; permiten acceder al servicio con unas caracter\u00edsticas predefinidas en funci\u00f3n de<br>una serie de criterios.<\/p>\n\n\n\n<p>\u2022 Cookies de an\u00e1lisis; permiten medir y analizar estad\u00edsticamente el uso que se hace del servicio prestado.<\/p>\n\n\n\n<p>Nombre Origen Finalidad Tipo Caducidad<br>secure_customer_sig minandovoy.com funcional terceros 1 a\u00f1o<\/p>\n\n\n\n<p>localization minandovoy.com anal\u00edtica terceros 2 semanas<br>_y .minandovoy.com anal\u00edtica terceros 1 a\u00f1o<br>_shopify_y .minandovoy.com anal\u00edtica terceros 1 a\u00f1o<br>_shopify_sa_t .minandovoy.com anal\u00edtica terceros 1 minuto<br>_shopify_sa_p .minandovoy.com anal\u00edtica terceros 1 minuto<br>_shopify_s .minandovoy.com anal\u00edtica terceros 1 minuto<br>_s .minandovoy.com anal\u00edtica terceros 1 minuto<br>_orig_referrer .minandovoy.com anal\u00edtica terceros 2 semanas<br>_landing_page .minandovoy.com anal\u00edtica terceros 2 semanas<br>_gid .minandovoy.com anal\u00edtica terceros 1 d\u00eda<br>_ga .minandovoy.com anal\u00edtica terceros 7 d\u00edas<\/p>\n\n\n\n<p>Google Analytics: Su cookie \u201c_ga\u201d permite contabilizar las veces que un usuario visita una web,<br>c\u00f3mo, cu\u00e1ndo y desde d\u00f3nde lo hace y su cookie \u201c_gid\u201d se usa para distinguir a los usuarios.<br>En cualquier caso, puedes inhabilitar las cookies de Google Analytics desde aqu\u00ed.<br>Google: En cualquier caso, aqu\u00ed puedes encontrar m\u00e1s informaci\u00f3n sobre los tipos de cookies que<br>usa Google en sus m\u00faltiples servicios.<br>Puedes encontrar m\u00e1s informaci\u00f3n sobre las cookies de Shopify aqu\u00ed<\/p>\n","protected":false},"excerpt":{"rendered":"<p>Pol\u00edtica de Cookies \u00daltima actualizaci\u00f3n: 3\/22\/2022 Sumario \u2022 Cookies usadas: Propias y de Terceros \u2022 \u00bfSe usan para obtener estad\u00edsticas? S\u00ed \u2022 \u00bfSe usan para publicidad? No \u2022 Servicios de terceros que instalan cookies a trav\u00e9s de esta web: Google Analytics,Shopify C\u00f3mo configurar y deshabilitar las cookies Puedes permitir, bloquear o eliminar las cookies instaladas [&hellip;]<\/p>\n","protected":false},"author":44,"featured_media":0,"parent":0,"menu_order":0,"comment_status":"closed","ping_status":"closed","template":"","meta":{"footnotes":""},"class_list":["post-183","page","type-page","status-publish","hentry"],"rttpg_featured_image_url":null,"rttpg_author":{"display_name":"BitCube","author_link":"https:\/\/bitcube.es\/es_es\/author\/omar\/"},"rttpg_comment":0,"rttpg_category":null,"rttpg_excerpt":"Pol\u00edtica de Cookies \u00daltima actualizaci\u00f3n: 3\/22\/2022 Sumario \u2022 Cookies usadas: Propias y de Terceros \u2022 \u00bfSe usan para obtener estad\u00edsticas? S\u00ed \u2022 \u00bfSe usan para publicidad? No \u2022 Servicios de terceros que instalan cookies a trav\u00e9s de esta web: Google Analytics,Shopify C\u00f3mo configurar y deshabilitar las cookies Puedes permitir, bloquear o eliminar las cookies instaladas&hellip;","_links":{"self":[{"href":"https:\/\/bitcube.es\/es_es\/wp-json\/wp\/v2\/pages\/183","targetHints":{"allow":["GET"]}}],"collection":[{"href":"https:\/\/bitcube.es\/es_es\/wp-json\/wp\/v2\/pages"}],"about":[{"href":"https:\/\/bitcube.es\/es_es\/wp-json\/wp\/v2\/types\/page"}],"author":[{"embeddable":true,"href":"https:\/\/bitcube.es\/es_es\/wp-json\/wp\/v2\/users\/44"}],"replies":[{"embeddable":true,"href":"https:\/\/bitcube.es\/es_es\/wp-json\/wp\/v2\/comments?post=183"}],"version-history":[{"count":0,"href":"https:\/\/bitcube.es\/es_es\/wp-json\/wp\/v2\/pages\/183\/revisions"}],"wp:attachment":[{"href":"https:\/\/bitcube.es\/es_es\/wp-json\/wp\/v2\/media?parent=183"}],"curies":[{"name":"wp","href":"https:\/\/api.w.org\/{rel}","templated":true}]}}