{"id":186,"date":"2022-10-14T06:33:52","date_gmt":"2022-10-14T10:33:52","guid":{"rendered":"https:\/\/pruebas.michollo.to\/?page_id=186"},"modified":"2023-03-01T14:15:59","modified_gmt":"2023-03-01T13:15:59","slug":"terminos-y-condiciones","status":"publish","type":"page","link":"https:\/\/bitcube.es\/es_es\/terminos-y-condiciones\/","title":{"rendered":"T\u00e9rminos y condiciones"},"content":{"rendered":"\n<p>CONDICIONES LEGALES DE VENTA<br><br>Bitcube<br><br>1. INFORMACI\u00d3N GENERAL<br>La titularidad de este sitio web, Bitcube, corresponde a la empresa HREF DIGITAL SL, inscrita en el Registro Mercantil de La Coru\u00f1a, con CIF B70533013; con los siguientes datos de contacto:<br>Direcci\u00f3n: C. de Canarias, 40, Arganzuela, 28045 Madrid<br>Tel\u00e9fono de contacto: +34 665995234<br>Correo electr\u00f3nico: contacto@bitcube.es<br>En este documento se regulan las condiciones legales de venta por las que se rige<br>Bitcube.<br>Se respetar\u00e1 asimismo el cumplimiento de la pol\u00edtica de privacidad (disponible en la<br>web) y la pol\u00edtica de cookies (disponible en la web).<br>Puede que desde Bitcube se te redireccione a otras p\u00e1ginas web, Bitcube no<br>es responsable del funcionamiento, seguridad y disponibilidad de esos sitios web ya que<br>no tiene ning\u00fan tipo de control sobre ellos y se sujetan a sus propios t\u00e9rminos y<br>condiciones.<br>2. EL USUARIO<br>En adelante, toda referencia a \u201cusuario\u201d se referir\u00e1 a toda persona f\u00edsica o jur\u00eddica con<br>capacidad de contratar, que contrate o compre alguno de los servicios y suministros<br>ofertados por Bitcube.<br>Se considerar\u00e1n \u201cusuarios\u201d aquellos consumidores, mayores de 18 a\u00f1os (mayores de<br>edad), y personas jur\u00eddicas; y acepten las presentes condiciones legales de venta.<br>Dentro de los usuarios, existen dos modalidades diferenciadas para realizar el proceso<br>de compra.<br>El usuario registrado es aquel que ha creado una cuenta de cliente en la p\u00e1gina web<br>Bitcube.<br><br>Para ser un usuario registrado debe aportar los siguientes datos: nombre, apellido,<br>correo electr\u00f3nico y contrase\u00f1a. Una vez creada, posteriormente podr\u00e1 acceder y<br>realizar el proceso de compra como usuario registrado.<br>Por otro lado, puede realizarse la compra como usuario sin registrar, de modo que,<br>facilita el correo electr\u00f3nico y los datos en el momento de realizar la compra.<br>3. PROCESO DE COMPRA<br>Toda la informaci\u00f3n relativa a los productos ofertados por Bitcube se observar\u00e1n<br>en el sitio web (https:\/\/bitcube.es\/) indic\u00e1ndose en cada producto la informaci\u00f3n<br>necesaria:<br>\uf0a7 Marca del producto<br>\uf0a7 Modelo del producto<br>\uf0a7 Im\u00e1genes del producto<br>\uf0a7 Descripci\u00f3n del producto<br>\uf0a7 Precio del producto<br>\uf0a7 Especificaciones t\u00e9cnicas del producto<br>\uf0a7 Disponibilidad del producto<br>\uf0a7 Otros productos relacionados y recomendados<br>En caso de a\u00f1adir nuevos productos, estos se regir\u00e1n por las condiciones generales aqu\u00ed<br>expuestas.<br>El proceso de compra se divide en una serie de fases, que ser\u00edan las siguientes:<br>Paso 1: validaci\u00f3n de la cesta<br>Existen dos posibilidades para realizar la compra. O bien, se a\u00f1ade el producto al carrito<br>de compra, accediendo posteriormente al carrito y validando la cesta, clicando en el<br>bot\u00f3n de comprar, mostr\u00e1ndose en la cesta todos los productos seleccionados, la<br>cantidad de cada producto y el precio de cada producto y precio total. O bien se<br>selecciona directamente en el producto el bot\u00f3n comprar.<br>Paso 2: Facilitar datos de facturaci\u00f3n y env\u00edo<br>Tras pulsar el bot\u00f3n comprar, se facilitar\u00e1n los datos de identificaci\u00f3n, debiendo aportar<br>un correo electr\u00f3nico de identificaci\u00f3n (sino cuenta con un usuario registrado).<br><br>Tras facilitar los datos, deber\u00e1 seleccionarse el tipo de env\u00edo, en el que se se\u00f1alar\u00e1 el<br>tiempo estimado de entrega y el costo del servicio.<br>Paso 3: Seleccionar el m\u00e9todo de pago<br>El usuario deber\u00e1 seleccionar el m\u00e9todo de pago que desee. Los posibles m\u00e9todos de<br>pago actuales ser\u00e1n: a trav\u00e9s de tarjeta de cr\u00e9dito o d\u00e9bito, o trav\u00e9s de PayPal.<br>Una vez seleccionado este, para poder ejecutar el pago, se entender\u00e1n por aceptadas las<br>\u201cCondiciones legales de venta\u201d aqu\u00ed descritas.<br>Paso 4: Pago de la cantidad econ\u00f3mica<br>Una vez seleccionado el m\u00e9todo de pago, se proceder\u00e1 al pago de la cantidad econ\u00f3mica<br>comprada.<br>Paso 5: confirmaci\u00f3n de la compra<br>Se facilitar\u00e1 posteriormente en un breve plazo un correo electr\u00f3nico informativo, con la<br>confirmaci\u00f3n de la compra y el resumen de esta. Se considerar\u00e1 este correo como<br>\u201cjustificante de compra\u201d.<br>4. PRECIOS Y PAGOS<br>Todos los productos de Bitcube muestran el precio final del producto.<br>Dentro del precio de cada producto, se rese\u00f1a qu\u00e9 se incluye dentro de ese precio,<br>incluy\u00e9ndose, de manera general:<br>\uf0b7 La instalaci\u00f3n y configuraci\u00f3n del producto: esta se realizar\u00e1 solo mediante<br>demanda espec\u00edfica por parte del usuario hacia Bitcube y previa<br>aprobaci\u00f3n de la propuesta de costes remitida desde Bitcube.<br>\uf0b7 El soporte y seguimiento durante 6 meses, ante cualquier incidencia<br>\uf0b7 Todos los productos est\u00e1n sujetos a garant\u00eda (se especifican los plazos en el<br>apartado \u201cGARANT\u00cdAS\u201d)<br>\uf0b7 IVA<br>Los precios de los productos se muestran en euros.<br><br>Bitcube se reserva el derecho de modificaci\u00f3n de los precios en cualquier<br>momento, sin necesidad de previo aviso. Aun as\u00ed, se aplicar\u00e1n los precios en vigor<br>se\u00f1alados en el momento de la realizaci\u00f3n del pedido correspondiente.<br>Para proceder al pago, el cliente deber\u00e1 seguir los pasos indicados en el proceso de<br>compra, y utilizar uno de los m\u00e9todos de pago permitidos en Bitcube.<br>El cargo se realizar\u00e1 desde el momento que se formalice el pedido.<br>No se almacenar\u00e1n por parte de Bitcube los datos relativos a tarjetas de<br>cr\u00e9dito\/d\u00e9bito u otras formas de pago (PayPal). Se conservar\u00e1n estos datos \u00fanicamente<br>durante el proceso de compra y mientras dure el per\u00edodo de desistimiento.<br>5. ENV\u00cdO<br>Desde Bitcube se realizan env\u00edos a toda Espa\u00f1a (incluyendo zonas insulares y<br>ciudades aut\u00f3nomas).<br>Para calcular el coste del env\u00edo, se har\u00e1 en funci\u00f3n del precio del producto; y el tiempo<br>estimado de entrega ser\u00e1 el mismo para todos los env\u00edos, atendiendo a la siguiente tabla:<br>Peso del producto Tiempo de env\u00edo Precio del env\u00edo<br>0kg-5kg 10 d\u00edas h\u00e1biles 6,50\u20ac<br>5.1kg-10kg 10 d\u00edas h\u00e1biles 10,00\u20ac<br>10.1kg-15kg 10 d\u00edas h\u00e1biles 13,60\u20ac<br>El tiempo estimado de entrega se calcula desde la realizaci\u00f3n del env\u00edo, no<br>necesariamente tiene que coincidir con la realizaci\u00f3n del pedido.<br>Si se produce una devoluci\u00f3n del paquete por direcci\u00f3n incorrecta o incompleta, ser\u00e1 el<br>usuario el que deba asumir el coste de env\u00edo nuevamente del producto comprado.<br>Los tiempos estimados de env\u00edo pueden verse modificados atendiendo al stock del<br>producto y el pa\u00eds de origen desde el que se env\u00edan los productos.<br>Bitcube no se responsabiliza de los paquetes perdidos o robados una vez<br>confirmada la entrega por el mensajero.<br>6. DEVOLUCIONES<br>a. Derecho de desistimiento<br><br>El usuario tiene reconocido el derecho de desistimiento, por el cual podr\u00e1 devolver el<br>producto en un plazo m\u00e1ximo de 14 d\u00edas naturales desde que haya adquirido la posesi\u00f3n<br>del producto.<br>Puedes anular tu pedido en cualquier momento y sin ning\u00fan coste siempre que lo<br>comuniques antes de que el pedido haya sido puesto a disposici\u00f3n del transportista para<br>su env\u00edo. En caso contrario, deber\u00e1s esperar a recibir el pedido para ejercer el derecho<br>de desistimiento.<br>El canal a trav\u00e9s de los cuales podr\u00e1 ejercer el desistimiento es contactando con el<br>servicio al cliente, a trav\u00e9s del n\u00famero de tel\u00e9fono (+34 605 46 64 69) o trav\u00e9s del<br>correo electr\u00f3nico (contacto@bitcube.es).<br>En cualquier caso, debes indicarnos tu decisi\u00f3n expresa de desistir del contrato. Deber\u00e1s<br>devolver el pedido junto con el albar\u00e1n de entrega y, en su caso, la factura emitida por<br>HREF.<br>La devoluci\u00f3n incluir\u00e1 el coste final del producto y el coste de entrega. Se descontar\u00e1n<br>los costes de devoluci\u00f3n. La devoluci\u00f3n econ\u00f3mica se realizar\u00e1 en el m\u00e9todo de pago<br>empleado para realizar la compra.<br>El usuario queda obligado a la devoluci\u00f3n de los productos sin demora indebida y deben<br>estar los productos en el mismo estado en que se entregaron.<br>Si ejerces tu derecho de desistimiento, te devolveremos todos los pagos recibidos en<br>m\u00e1ximo 14 d\u00edas naturales a partir de la fecha en la que nos informes de tu decisi\u00f3n.<br>Efectuaremos dicho reembolso utilizando el mismo medio de pago que empleaste para<br>la transacci\u00f3n inicial, a no ser que indiques expresamente lo contrario.<br>Podr\u00e1s devolver cualquier art\u00edculo que hayas comprado en Bitcube siempre y<br>cuando los productos conserven su precinto o embalaje original y los manuales,<br>accesorios o regalos promocionales incluidos en su caso. Adem\u00e1s, siempre de acuerdo a<br>la lista de excepciones al derecho de desistimiento establecida en la normativa aplicable,<br>expuestas m\u00e1s abajo.<br>\u00danicamente responder\u00e1s de la disminuci\u00f3n de valor de los bienes que se derive de una<br>manipulaci\u00f3n de los mismos distinta a la necesaria para establecer su naturaleza, sus<br>caracter\u00edsticas o su funcionamiento.<br><br>Por otro lado, si por error te fuera entregado un producto distinto al solicitado, se te<br>entregar\u00e1 el producto correcto, recogiendo el primero, sin ning\u00fan cargo adicional para<br>ti.<br><br>Finalmente, si un producto te ha llegado roto, da\u00f1ado o en malas condiciones, HREF se<br>har\u00e1 cargo de recogerlo en tu domicilio, sustituy\u00e9ndolo por otro en buen estado y sin<br>cargos adicionales.<br>Son excepciones legales al derecho de desistimiento:<br>-El suministro de bienes o la prestaci\u00f3n de servicios cuyo precio dependa de<br>fluctuaciones del mercado financiero que el empresario no pueda controlar y que<br>puedan producirse durante el periodo de desistimiento.<br>-El suministro de bienes confeccionados conforme a las especificaciones del<br>consumidor y usuario o claramente personalizados.<br>-El suministro de bienes que puedan deteriorarse o caducar con rapidez.<br>-El suministro de bienes precintados que no sean aptos para ser devueltos por<br>razones de protecci\u00f3n de la salud o de higiene y que hayan sido desprecintados<br>tras la entrega.<br>-El suministro de bienes que despu\u00e9s de su entrega y teniendo en cuenta su<br>naturaleza se hayan mezclado de forma indisociable con otros bienes.<br>b. Devoluci\u00f3n de productos defectuosos o error en el env\u00edo<br><br>En cualquier caso, ser\u00e1 posible, dentro del plazo establecido, la devoluci\u00f3n de productos<br>defectuosos o enviados err\u00f3neamente.<br>7. GARANT\u00cdAS<br>Todos los productos de la web Bitcube cuentan con un per\u00edodo de garant\u00eda. A<br>excepci\u00f3n de los productos Asics, que est\u00e1n exentos, los dem\u00e1s productos contar\u00e1n con<br>una garant\u00eda de 2 a\u00f1os.<br>Para los productos Asics, los plazos aplicables ser\u00e1n los siguientes:<br>  &#8211; Los mineros Asics vendidos como \u201creacondicionados\u201d tendr\u00e1n un periodo de 6<br>meses de garant\u00eda.<br><br>  &#8211; Los mineros Asics vendidos como nuevos tendr\u00e1n un periodo de 1 a\u00f1o de<br>garant\u00eda.<br>Atendiendo a la Ley General para defensa de los Consumidores y Usuarios, si los<br>productos no se ajustasen a la descripci\u00f3n, tipo de bien, cantidad y calidad y poseer la<br>funcionalidad, compatibilidad, interoperabilidad y dem\u00e1s caracter\u00edsticas que se<br>establezcan en el contrato de venta, el usuario tendr\u00e1 derecho al saneamiento o<br>adecuaci\u00f3n del bien adquirido.<br>El usuario deber\u00e1 indicar el motivo por el que el producto necesita saneamiento.<br>Asimismo, siguiendo la legislaci\u00f3n aplicable, el usuario tiene derecho al saneamiento<br>del bien siguiendo las reglas del art\u00edculo 118 y siguientes del Texto Refundido de la Ley<br>General para la Defensa de los Consumidores y Usuarios.<br>8. PROPIEDAD INTELECTUAL<br>Con la venta de los productos de Bitcube, la empresa HREF DIGITAL SL no<br>transfiere ning\u00fan derecho de propiedad intelectual de sus productos y servicios. Toda<br>titularidad de los derechos de propiedad intelectual y otros derechos protegidos con<br>respecto a los productos y servicios siguen siendo propiedad exclusiva de HREF<br>DIGITAL SL.<br>9. ATENCI\u00d3N AL CLIENTE<br>Existe un apartado de preguntas frecuentes en nuestra web Bitcube, a trav\u00e9s del<br>cual puede resolver alguna de sus dudas. En caso de todav\u00eda necesitar ayuda, puede<br>ponerse en contacto a trav\u00e9s del servicio de Atenci\u00f3n al Cliente.<br>Cualquier consulta, sugerencia, queja o reclamaci\u00f3n relativa a la venta online de los<br>Productos de Bitcube, puede hacerse a trav\u00e9s del n\u00famero de tel\u00e9fono (+34 605 46<br>64 69) o trav\u00e9s del correo electr\u00f3nico (contacto@bitcube.es).<br>10. NORMAS DE USO Y LIMITACI\u00d3N DE RESPONSABILIDAD<br>Bitcube no se hace responsable de los fallos o interrupciones t\u00e9cnicas del servicio<br>web. Tampoco puede garantizar la ausencia de virus u otros componentes da\u00f1inos en el<br>Sitio Web o en el servidor desde el que se suministra.<br><br>Los usuarios regir\u00e1n su uso de la web Bitcube respetando las condiciones<br>generales de venta aqu\u00ed descritas, y la pol\u00edtica de privacidad y cookies, disponible en la<br>p\u00e1gina web.<br>11. LEGISLACI\u00d3N Y JURISDICCI\u00d3N APLICABLE<br>Con el fin de simplificar la resoluci\u00f3n de reclamaciones por la v\u00eda civil y reducir costes,<br>no excluimos la posibilidad de someternos ante un Arbitraje de Equidad de la Corte de<br>Arbitraje de las C\u00e1maras de Comercio e Industria.<br>En este sentido, y seg\u00fan la normativa aplicable, HREF informa de la existencia de una<br>plataforma europea de resoluci\u00f3n de litigios en l\u00ednea que facilita la resoluci\u00f3n<br>extrajudicial de dichos litigios para contratos celebrados igualmente en l\u00ednea entre<br>consumidores y prestadores de servicios de Internet. A dicha plataforma se podr\u00e1<br>acceder a trav\u00e9s de la siguiente p\u00e1gina web: http:\/\/ec.europa.eu\/odr<\/p>\n\n\n\n<p><strong>RECOMENDACIONES POR P\u00c9RDIDA DE GARANT\u00cdA<\/strong>:<\/p>\n\n\n\n<p>\u2022 El equipo no puede estar en un lugar con una temperatura ambiente de m\u00e1s de 16 grados Celsius, esto ocasionar\u00eda recalentamiento de la m\u00e1quina, lo cual perjudica el funcionamiento adecuado del equipo.<\/p>\n\n\n\n<p>\u2022 El lugar de funcionamiento del equipo no puede ser un lugar h\u00famedo, debido al bajo nivel de tolerancia de la placa al agua.<\/p>\n\n\n\n<p>\u2022 El amperaje con que se surte la energ\u00eda al equipo debe estar verificada debido a que puede ocasionar un corto en el ASIC lo cual conllevar\u00eda la aver\u00eda de la m\u00e1quina.<\/p>\n\n\n\n<p>\u2022 Cualquier configuraci\u00f3n o modificaci\u00f3n del ASIC debe estar verificado y aprobado por el servicio t\u00e9cnico de Bitcube, no nos haremos cargo de modificaciones hechas por otra empresa o por el cliente.<\/p>\n\n\n\n<p>\u2022 El equipo no puede recibir golpes ni ca\u00eddas, debido a que esto anular\u00eda la garant\u00eda por negligencia del cliente.<\/p>\n\n\n\n<p>\u2022 Al tener cualquier aver\u00eda el ASIC, debe contactar con el equipo de servicio t\u00e9cnico y no tomar la reparaci\u00f3n por su propia cuenta, debido a que, si desarma, manipula o quita el case del ASIC tendr\u00eda la p\u00e9rdida inmediata de la garant\u00eda.<\/p>\n\n\n\n<p>\u2022 En caso de que la m\u00e1quina, haya sufrido alg\u00fan da\u00f1o en el transporte, o alg\u00fan componente haya dejado de funcionar por fallo de f\u00e1brica de la m\u00e1quina, Bitcube se har\u00eda cargo de dicho arreglo (siempre dentro del per\u00edodo de garant\u00eda). El cliente deber\u00e1 enviar la m\u00e1quina en buenas condiciones de empaquetado, segura y con protecciones. Si la m\u00e1quina llega sin protecciones y con un mal embalaje, Bitcube no se har\u00e1 cargo de las reparaciones.<\/p>\n\n\n\n<p>\u2022 El equipo necesita un mantenimiento prolongado en el tiempo (recomendado de 2 a 3 veces al a\u00f1o). Si alg\u00fan componente se ve da\u00f1ado por no realizar dicho mantenimiento, se estipula como FUERA DE GARANT\u00cdA.&nbsp;<em><strong>Recuerda estamos para ayudarte cont\u00e1ctanos para tener una asesor\u00eda profesional y no cometer ninguno de los errores dichos anteriormente<\/strong><\/em><\/p>\n\n\n\n<ul class=\"wp-block-list\">\n<li>El amperaje con que se surte la energ\u00eda al equipo debe estar verificada debido a que puede ocasionar un corto en el RIG lo cual conllevar\u00eda la aver\u00eda de la m\u00e1quina.<\/li>\n\n\n\n<li>Cualquier configuraci\u00f3n o modificaci\u00f3n del RIG debe estar verificado y aprobado por el servicio t\u00e9cnico de Bitcube, no nos haremos cargo de modificaciones hechas por otra empresa o por el cliente.<\/li>\n\n\n\n<li>El equipo no puede recibir golpes ni ca\u00eddas, debido a que esto anular\u00eda la garant\u00eda por negligencia del cliente.<\/li>\n\n\n\n<li>Al tener cualquier aver\u00eda el RIG, debe contactar con el equipo de servicio t\u00e9cnico y no tomar la reparaci\u00f3n por su propia cuenta, debido a que, si desarma, manipula o edita los \u201coverclocks\u201d de las tarjetas o cualquier otro factor que afecte a su funcionamiento, tendr\u00eda la p\u00e9rdida inmediata de la garant\u00eda.<\/li>\n\n\n\n<li>En caso de que la m\u00e1quina, haya sufrido alg\u00fan da\u00f1o en el transporte, o alg\u00fan componente haya dejado de funcionar por fallo de f\u00e1brica de la m\u00e1quina, Bitcube se har\u00eda cargo de dicho arreglo (siempre dentro del per\u00edodo de garant\u00eda).<\/li>\n\n\n\n<li>El cliente deber\u00e1 enviar la m\u00e1quina en buenas condiciones de empaquetado, segura y con protecciones. Si la m\u00e1quina llega sin protecciones y con un mal embalaje, Bitcube no se har\u00e1 cargo de las reparaciones.<\/li>\n\n\n\n<li>El equipo necesita un mantenimiento prolongado en el tiempo, recomendado limpiar el polvo de los ventiladores 1 vez al mes y pasta t\u00e9rmica cuando fuese necesario (en caso de RIG). Si alg\u00fan componente se ve da\u00f1ado por no realizar dicha limpieza o mantenimiento, se estipula como FUERA DE GARANT\u00cdA. Mantenimiento no incluido en el precio.<\/li>\n<\/ul>\n","protected":false},"excerpt":{"rendered":"<p>CONDICIONES LEGALES DE VENTA Bitcube 1. INFORMACI\u00d3N GENERALLa titularidad de este sitio web, Bitcube, corresponde a la empresa HREF DIGITAL SL, inscrita en el Registro Mercantil de La Coru\u00f1a, con CIF B70533013; con los siguientes datos de contacto:Direcci\u00f3n: Tel\u00e9fono de contacto: Correo electr\u00f3nico: En este documento se regulan las condiciones legales de venta por las [&hellip;]<\/p>\n","protected":false},"author":44,"featured_media":0,"parent":0,"menu_order":0,"comment_status":"closed","ping_status":"closed","template":"","meta":{"footnotes":""},"class_list":["post-186","page","type-page","status-publish","hentry"],"rttpg_featured_image_url":null,"rttpg_author":{"display_name":"BitCube","author_link":"https:\/\/bitcube.es\/es_es\/author\/omar\/"},"rttpg_comment":0,"rttpg_category":null,"rttpg_excerpt":"CONDICIONES LEGALES DE VENTA Bitcube 1. INFORMACI\u00d3N GENERALLa titularidad de este sitio web, Bitcube, corresponde a la empresa HREF DIGITAL SL, inscrita en el Registro Mercantil de La Coru\u00f1a, con CIF B70533013; con los siguientes datos de contacto:Direcci\u00f3n: Tel\u00e9fono de contacto: Correo electr\u00f3nico: En este documento se regulan las condiciones legales de venta por las&hellip;","_links":{"self":[{"href":"https:\/\/bitcube.es\/es_es\/wp-json\/wp\/v2\/pages\/186","targetHints":{"allow":["GET"]}}],"collection":[{"href":"https:\/\/bitcube.es\/es_es\/wp-json\/wp\/v2\/pages"}],"about":[{"href":"https:\/\/bitcube.es\/es_es\/wp-json\/wp\/v2\/types\/page"}],"author":[{"embeddable":true,"href":"https:\/\/bitcube.es\/es_es\/wp-json\/wp\/v2\/users\/44"}],"replies":[{"embeddable":true,"href":"https:\/\/bitcube.es\/es_es\/wp-json\/wp\/v2\/comments?post=186"}],"version-history":[{"count":2,"href":"https:\/\/bitcube.es\/es_es\/wp-json\/wp\/v2\/pages\/186\/revisions"}],"predecessor-version":[{"id":1447,"href":"https:\/\/bitcube.es\/es_es\/wp-json\/wp\/v2\/pages\/186\/revisions\/1447"}],"wp:attachment":[{"href":"https:\/\/bitcube.es\/es_es\/wp-json\/wp\/v2\/media?parent=186"}],"curies":[{"name":"wp","href":"https:\/\/api.w.org\/{rel}","templated":true}]}}