{"id":189,"date":"2022-10-14T06:35:20","date_gmt":"2022-10-14T10:35:20","guid":{"rendered":"https:\/\/pruebas.michollo.to\/?page_id=189"},"modified":"2022-10-14T06:35:21","modified_gmt":"2022-10-14T10:35:21","slug":"normas-garantia-asic","status":"publish","type":"page","link":"https:\/\/bitcube.es\/es_es\/normas-garantia-asic\/","title":{"rendered":"Normas garant\u00eda ASIC"},"content":{"rendered":"\n<p>RECOMENDACIONES POR P\u00c9RDIDA DE GARANT\u00cdA:<\/p>\n\n\n\n<p>\u2022 El equipo no puede estar en un lugar con una temperatura ambiente de m\u00e1s de 16 grados Celsius, esto ocasionar\u00eda recalentamiento de la m\u00e1quina, lo cual perjudica el funcionamiento adecuado del equipo.<\/p>\n\n\n\n<p>\u2022 El lugar de funcionamiento del equipo no puede ser un lugar h\u00famedo, debido al bajo nivel de tolerancia de la placa al agua.<\/p>\n\n\n\n<p>\u2022 El amperaje con que se surte la energ\u00eda al equipo debe estar verificada debido a que puede ocasionar un corto en el ASIC lo cual conllevar\u00eda la aver\u00eda de la m\u00e1quina.<\/p>\n\n\n\n<p>\u2022 Cualquier configuraci\u00f3n o modificaci\u00f3n del ASIC debe estar verificado y aprobado por el servicio t\u00e9cnico de MINANDOVOY, no nos haremos cargo de modificaciones hechas por otra empresa o por el cliente.<\/p>\n\n\n\n<p>\u2022 El equipo no puede recibir golpes ni ca\u00eddas, debido a que esto anular\u00eda la garant\u00eda por negligencia del cliente.<\/p>\n\n\n\n<p>\u2022 Al tener cualquier aver\u00eda el ASIC, debe contactar con el equipo de servicio t\u00e9cnico y no tomar la reparaci\u00f3n por su propia cuenta, debido a que, si desarma, manipula o quita el case del ASIC tendr\u00eda la p\u00e9rdida inmediata de la garant\u00eda.<\/p>\n\n\n\n<p>\u2022 En caso de que la m\u00e1quina, haya sufrido alg\u00fan da\u00f1o en el transporte, o alg\u00fan componente haya dejado de funcionar por fallo de f\u00e1brica de la m\u00e1quina, MINANDO VOY se har\u00eda cargo de dicho arreglo (siempre dentro del per\u00edodo de garant\u00eda). El cliente deber\u00e1 enviar la m\u00e1quina en buenas condiciones de empaquetado, segura y con protecciones. Si la m\u00e1quina llega sin protecciones y con un mal embalaje, MINANDO VOY no se har\u00e1 cargo de las reparaciones.<\/p>\n\n\n\n<p>\u2022 El equipo necesita un mantenimiento prolongado en el tiempo (recomendado de 2 a 3 veces al a\u00f1o). Si alg\u00fan componente se ve da\u00f1ado por no realizar dicho mantenimiento, se estipula como FUERA DE GARANT\u00cdA. Recuerda estamos para ayudarte cont\u00e1ctanos para tener una asesor\u00eda profesional y no cometer ninguno de los errores dichos anteriormente<\/p>\n","protected":false},"excerpt":{"rendered":"<p>RECOMENDACIONES POR P\u00c9RDIDA DE GARANT\u00cdA: \u2022 El equipo no puede estar en un lugar con una temperatura ambiente de m\u00e1s de 16 grados Celsius, esto ocasionar\u00eda recalentamiento de la m\u00e1quina, lo cual perjudica el funcionamiento adecuado del equipo. \u2022 El lugar de funcionamiento del equipo no puede ser un lugar h\u00famedo, debido al bajo nivel [&hellip;]<\/p>\n","protected":false},"author":44,"featured_media":0,"parent":0,"menu_order":0,"comment_status":"closed","ping_status":"closed","template":"","meta":{"footnotes":""},"class_list":["post-189","page","type-page","status-publish","hentry"],"rttpg_featured_image_url":null,"rttpg_author":{"display_name":"BitCube","author_link":"https:\/\/bitcube.es\/es_es\/author\/omar\/"},"rttpg_comment":0,"rttpg_category":null,"rttpg_excerpt":"RECOMENDACIONES POR P\u00c9RDIDA DE GARANT\u00cdA: \u2022 El equipo no puede estar en un lugar con una temperatura ambiente de m\u00e1s de 16 grados Celsius, esto ocasionar\u00eda recalentamiento de la m\u00e1quina, lo cual perjudica el funcionamiento adecuado del equipo. \u2022 El lugar de funcionamiento del equipo no puede ser un lugar h\u00famedo, debido al bajo nivel&hellip;","_links":{"self":[{"href":"https:\/\/bitcube.es\/es_es\/wp-json\/wp\/v2\/pages\/189","targetHints":{"allow":["GET"]}}],"collection":[{"href":"https:\/\/bitcube.es\/es_es\/wp-json\/wp\/v2\/pages"}],"about":[{"href":"https:\/\/bitcube.es\/es_es\/wp-json\/wp\/v2\/types\/page"}],"author":[{"embeddable":true,"href":"https:\/\/bitcube.es\/es_es\/wp-json\/wp\/v2\/users\/44"}],"replies":[{"embeddable":true,"href":"https:\/\/bitcube.es\/es_es\/wp-json\/wp\/v2\/comments?post=189"}],"version-history":[{"count":0,"href":"https:\/\/bitcube.es\/es_es\/wp-json\/wp\/v2\/pages\/189\/revisions"}],"wp:attachment":[{"href":"https:\/\/bitcube.es\/es_es\/wp-json\/wp\/v2\/media?parent=189"}],"curies":[{"name":"wp","href":"https:\/\/api.w.org\/{rel}","templated":true}]}}