{"id":30628,"date":"2025-10-17T23:19:55","date_gmt":"2025-10-17T23:19:55","guid":{"rendered":"https:\/\/bitcube.es\/?post_type=product&#038;p=30628"},"modified":"2025-10-17T23:20:01","modified_gmt":"2025-10-17T23:20:01","slug":"antminer-s19-pro-hyd-198th","status":"publish","type":"product","link":"https:\/\/bitcube.es\/es_es\/producto\/antminer-s19-pro-hyd-198th\/","title":{"rendered":"Antminer S19 Pro+ Hyd (198Th)"},"content":{"rendered":"<p>Antminer S19 PRO+ HYD\u00a0 la nueva m\u00e1quina para la miner\u00eda de Bitcoin <a href=\"https:\/\/www.minandovoy.com\/es_es\/categoria\/mineros\/?algoritmos=sha-256\" target=\"_blank\" rel=\"noopener\">(SHA-256)<\/a> con un poder computacional de 198T y un consumo el\u00e9ctrico de\u00a0 5445W\/Hora.<\/p>\n<p>Este equipo est\u00e1 produciendo a d\u00eda de hoy (158T) (29\/11\/2022) <span class=\"money-symbol unit\">$<\/span>\u00a0<span class=\"price-val money-val\" data-usd-per=\"0.06931895\" data-usd=\"0.06931895\" data-rule=\"formatPriceWithoutSeparator\">11.45<\/span><span class=\"price-val money-val\" data-usd-per=\"0.06931895\" data-usd=\"0.06931895\" data-rule=\"formatPriceWithoutSeparator\">, lo que ser\u00eda igual a <\/span><span class=\"pl-1 profit-val info-value\" data-profit=\"0.00000341\">0.00067518<\/span>\u00a0<span class=\"pl-1 info-value\">BTC<\/span><\/p>\n<p>Si nos movemos de fecha, al pico m\u00e1s alto al que ha estado esta criptomoneda, nos ir\u00edamos a Octubre de 2021\u00a0cuando ten\u00eda un valor de 64.300$, lo que supone que esta<br \/>\nm\u00e1quina estar\u00eda dando 43,41$ al d\u00eda<\/p>\n<p>Tiene refrigeraci\u00f3n hidr\u00e1ulica, la gran ventaja es que evitas el sobrecalentamiento de la m\u00e1quina y el ruido que genera es casi nulo, ya que no monta ventiladores de alto flujo.<\/p>\n<p>[asicminer_widget miner=\u00bbbitmain\/antminer-s19-pro-hyd-198th\u00bb]<\/p>\n<h3><b>\u00bfQu\u00e9 es Bitmain?<\/b><\/h3>\n<p><em>Bitmain<\/em>\u00a0es una compa\u00f1\u00eda con sede en Beijing, China. Es considerada una de las compa\u00f1\u00edas m\u00e1s importantes en la industria de criptomonedas al generar hardware de miner\u00eda\u00a0de alta calidad, con enormes capacidades mineras y por sus avances tecnol\u00f3gicos. Es la dise\u00f1adora\u00a0m\u00e1s grande del mundo\u00a0de equipos\u00a0<em>ASIC<\/em>\u00a0para la miner\u00eda\u00a0<a href=\"https:\/\/coinmarketcap.com\/es\/currencies\/bitcoin\/\" target=\"_blank\" rel=\"noopener\"><em>Bitcoin<\/em><\/a>.<\/p>\n<p>Bitmain, es mayormente reconocido por el hardware de Bitcoin, aunque se interesa por aquellos proyectos que le aportan solidez a su empresa, como es en este caso Ethereum\/Ethereum Classic.<\/p>\n<p>En abril del 2021, el gran fabricante anunci\u00f3 el lanzamiento de una m\u00e1quina para la miner\u00eda de Ethreum cuyo nombre ser\u00eda, Antminer E9. Esta verdadera bestia tiene el poder equivalente de 25\u00a0 GPU\u2019s Nvidia RTX 3080.<\/p>\n<p>&nbsp;<\/p>\n<h3><strong>UN POCO SOBRE BITCOIN<\/strong><\/h3>\n<p>Es la primera criptomoneda desarrollada y por lo tanto, la que ha marcado camino a todas las dem\u00e1s que llegaron despu\u00e9s utilizando su tecnolog\u00eda llamada cadena de bloques o Blockchain.<\/p>\n<p>Hay una cantidad de Bitcoins que se emiten cada a\u00f1o y esta cantidad est\u00e1 determinada por su algoritmo, cada 4 a\u00f1os se reduce por dos su producci\u00f3n, para que solo se emitan un total de 21 millones de Bitcoins.<\/p>\n<p>Aqu\u00ed tenemos la gran diferencia con las monedas convencionales, ya que los bancos modifican el valor . Esto ofrece a que la criptomoneda, en este caso el Bitcoin pueda ofrecer m\u00e1s estabilidad mientras que la convencional se deval\u00faa.<\/p>\n<p>A d\u00eda de hoy, se utiliza como m\u00e9todo de pago en muchas plataformas, las criptomonedas, la moneda de cambio en la mayor\u00eda de casos es Bitcoin, ya que so seguros y privados.<\/p>\n<p>&nbsp;<\/p>\n<h3><strong>PRINCIPALES VENTAJAS DE BITCOIN<\/strong><\/h3>\n<ol>\n<li>Rapidez: Enviarse dinero sin importar la cantidad y el destino, en cuesti\u00f3n de minutos.<\/li>\n<li>Econ\u00f3mico: Al realizar una transferencia por tu banco puede costarte mucho dinero, a trav\u00e9s de Bitcoin el coste es gratuito o de pocos c\u00e9ntimos.<\/li>\n<li>Global: Puedes enviar a cualquier parte del mundo, no tiene fronteras.<\/li>\n<li>Descentralizada: Ning\u00fan gobierno\/banco puede controlarlo, ni en su creaci\u00f3n ni mucho menos en su distribuci\u00f3n.<\/li>\n<li>Propiedad: El dinero te pertenece al 100%, no puede ser intervenido por nadie, eres tu propio banco.<\/li>\n<li>Transparente:\u00a0 Todas las transacciones son p\u00fablicas, pero siempre bajo pseud\u00f3nimos.<\/li>\n<li>Emisi\u00f3n limitada: Nadie puede generar miles de Bitcoins porque le apetezca, estos van apareciendo gracias a la miner\u00eda.<\/li>\n<li>Privado: Bitcoin trata de preservar la privacidad, en un grado muy alto, aunque no es completamente an\u00f3nimo trabaja para serlo.<\/li>\n<\/ol>\n","protected":false},"excerpt":{"rendered":"<p>Antminer S19 PRO+ HYD\u00a0 la nueva m\u00e1quina para la miner\u00eda de Bitcoin (SHA-256) con un poder computacional de 198T y un consumo el\u00e9ctrico de\u00a0 5445W\/Hora. Este equipo est\u00e1 produciendo a d\u00eda de hoy (158T) (29\/11\/2022) $\u00a011.45, lo que ser\u00eda igual a 0.00067518\u00a0BTC Si nos movemos de fecha, al pico m\u00e1s alto al que ha estado [&hellip;]<\/p>\n","protected":false},"featured_media":30171,"comment_status":"open","ping_status":"closed","template":"","meta":[],"product_brand":[],"product_cat":[19],"product_tag":[52,282,138],"class_list":{"0":"post-30628","1":"product","2":"type-product","3":"status-publish","4":"has-post-thumbnail","6":"product_cat-mineros","7":"product_tag-asic","8":"product_tag-gme","9":"product_tag-mineros-para-avanzados","11":"first","12":"instock","13":"shipping-taxable","14":"purchasable","15":"product-type-simple"},"_links":{"self":[{"href":"https:\/\/bitcube.es\/es_es\/wp-json\/wp\/v2\/product\/30628","targetHints":{"allow":["GET"]}}],"collection":[{"href":"https:\/\/bitcube.es\/es_es\/wp-json\/wp\/v2\/product"}],"about":[{"href":"https:\/\/bitcube.es\/es_es\/wp-json\/wp\/v2\/types\/product"}],"replies":[{"embeddable":true,"href":"https:\/\/bitcube.es\/es_es\/wp-json\/wp\/v2\/comments?post=30628"}],"wp:featuredmedia":[{"embeddable":true,"href":"https:\/\/bitcube.es\/es_es\/wp-json\/wp\/v2\/media\/30171"}],"wp:attachment":[{"href":"https:\/\/bitcube.es\/es_es\/wp-json\/wp\/v2\/media?parent=30628"}],"wp:term":[{"taxonomy":"product_brand","embeddable":true,"href":"https:\/\/bitcube.es\/es_es\/wp-json\/wp\/v2\/product_brand?post=30628"},{"taxonomy":"product_cat","embeddable":true,"href":"https:\/\/bitcube.es\/es_es\/wp-json\/wp\/v2\/product_cat?post=30628"},{"taxonomy":"product_tag","embeddable":true,"href":"https:\/\/bitcube.es\/es_es\/wp-json\/wp\/v2\/product_tag?post=30628"}],"curies":[{"name":"wp","href":"https:\/\/api.w.org\/{rel}","templated":true}]}}