{"id":30651,"date":"2025-10-17T23:19:59","date_gmt":"2025-10-17T23:19:59","guid":{"rendered":"https:\/\/bitcube.es\/?post_type=product&#038;p=30651"},"modified":"2025-10-17T23:20:08","modified_gmt":"2025-10-17T23:20:08","slug":"rig-rooky-dual-mining-ethf-kas-neoxa-etc-flux","status":"publish","type":"product","link":"https:\/\/bitcube.es\/es_es\/producto\/rig-rooky-dual-mining-ethf-kas-neoxa-etc-flux\/","title":{"rendered":"Rig rooky\u2013 dual mining ETHF + KAS, NEOXA, ETC, FLUX"},"content":{"rendered":"<p data-sanitized-data-mce-fragment=\"1\"><em>*PRECIO SIN IVA, CONSULTAR CONDICIONES<\/em><\/p>\n<p data-sanitized-data-mce-fragment=\"1\">Nuestro plan consiste en dividir el montaje de la inversi\u00f3n entre los mejores algoritmos bas\u00e1ndonos en su rentabilidad actual para acortar el tiempo de recuperaci\u00f3n de la inversi\u00f3n.<\/p>\n<p data-sanitized-data-mce-fragment=\"1\">Tras el Merge surgieron nuevas oportunidades de minado como: Ravencoin, Beam, Flux, Ergo, Alephium, Conflux, Neoxa o Kaspa. Estas criptomonedas se puede combinar en miner\u00eda dual para maximizar el rendimiento de tu rig.<\/p>\n<p data-sanitized-data-mce-fragment=\"1\"><img decoding=\"async\" src=\"https:\/\/cdn.shopify.com\/s\/files\/1\/0531\/4877\/8652\/files\/Disenosintitulo_2_1024x1024.png?v=1666164826\" alt=\"\" \/><\/p>\n<p data-sanitized-data-mce-fragment=\"1\"><img loading=\"lazy\" decoding=\"async\" class=\"alignleft\" style=\"display: block; margin-left: auto; margin-right: auto;\" src=\"https:\/\/cdn.shopify.com\/s\/files\/1\/0531\/4877\/8652\/files\/Imagen1_480x480.png?v=1645536577\" alt=\"\" width=\"380\" height=\"114\" data-sanitized-data-mce-src=\"https:\/\/cdn.shopify.com\/s\/files\/1\/0531\/4877\/8652\/files\/Imagen1_480x480.png?v=1645536577\" data-sanitized-data-mce-style=\"display: block; margin-left: auto; margin-right: auto;\" \/><\/p>\n<p>&nbsp;<\/p>\n<p>&nbsp;<\/p>\n<p>&nbsp;<\/p>\n<p>&nbsp;<\/p>\n<ul>\n<li><strong>Rendimiento mensual 30$-50$\u00a0(DUAL MINING, ETHF+KAS, ETC+KAS NEOXA,RVN)<\/strong><\/li>\n<li><em>*Rentabilidades basadas en el mercado actual. Se prev\u00e9 una considerable subida a medio pazo.<\/em><\/li>\n<li><em data-sanitized-data-mce-fragment=\"1\">Consumo W\/Hora:<strong data-sanitized-data-mce-fragment=\"1\">\u00a0400w<\/strong><\/em><\/li>\n<li>Potencia de minado en\u00a0el algoritmo Ethash:<strong>\u00a0120 mhs<\/strong><\/li>\n<li data-sanitized-data-mce-fragment=\"1\">Posibilidad de montaje con:\u00a04 unidades de rx6600XT<\/li>\n<\/ul>\n<p data-sanitized-data-mce-fragment=\"1\">El objetivo actual\u00a0es acumular\u00a0el mayor n\u00famero de criptomonedas posibles para multiplicar la rentabilidad actual cuando suban de valor. Estas criptomonedas emergentes son muy interesantes de minar por su gran margen de subida de valor y proyectos muy interesantes con aplicaciones muy \u00fatiles para la\u00a0<span data-sanitized-data-mce-fragment=\"1\">Blockchain.<\/span><\/p>\n<p data-sanitized-data-mce-fragment=\"1\">En el precio se incluye:<\/p>\n<ul>\n<li><strong>Configuraci\u00f3n<\/strong>:\u00a0 Est\u00e1 incluido en el precio la configuraci\u00f3n y montaje de cada RIG.<\/li>\n<li><strong>Soporte y seguimiento<\/strong>:\u00a0Incluye durante\u00a0<strong>seis meses<\/strong>\u00a0soporte ante cualquier incidencia ocasionada (EXCEPTO lo que se detalla\u00a0 como fuera de GARANT\u00cdA).<\/li>\n<li><strong>Garant\u00eda<\/strong>: Todas las m\u00e1quinas tienen\u00a0<strong>TRES<\/strong>\u00a0a\u00f1os de garant\u00eda.<\/li>\n<\/ul>\n<p><img decoding=\"async\" style=\"display: block; margin-left: auto; margin-right: auto;\" src=\"https:\/\/cdn.shopify.com\/s\/files\/1\/0531\/4877\/8652\/files\/IMG_0567_480x480.gif?v=1643969114\" alt=\"\" \/><\/p>\n","protected":false},"excerpt":{"rendered":"<p>*PRECIO SIN IVA, CONSULTAR CONDICIONES Nuestro plan consiste en dividir el montaje de la inversi\u00f3n entre los mejores algoritmos bas\u00e1ndonos en su rentabilidad actual para acortar el tiempo de recuperaci\u00f3n de la inversi\u00f3n. Tras el Merge surgieron nuevas oportunidades de minado como: Ravencoin, Beam, Flux, Ergo, Alephium, Conflux, Neoxa o Kaspa. Estas criptomonedas se puede [&hellip;]<\/p>\n","protected":false},"featured_media":30219,"comment_status":"open","ping_status":"closed","template":"","meta":[],"product_brand":[],"product_cat":[18],"product_tag":[29,48,73],"class_list":{"0":"post-30651","1":"product","2":"type-product","3":"status-publish","4":"has-post-thumbnail","6":"product_cat-rigs-de-gpu","7":"product_tag-ethereum","8":"product_tag-nuevo","9":"product_tag-toncoin","11":"first","12":"outofstock","13":"shipping-taxable","14":"purchasable","15":"product-type-simple"},"_links":{"self":[{"href":"https:\/\/bitcube.es\/es_es\/wp-json\/wp\/v2\/product\/30651","targetHints":{"allow":["GET"]}}],"collection":[{"href":"https:\/\/bitcube.es\/es_es\/wp-json\/wp\/v2\/product"}],"about":[{"href":"https:\/\/bitcube.es\/es_es\/wp-json\/wp\/v2\/types\/product"}],"replies":[{"embeddable":true,"href":"https:\/\/bitcube.es\/es_es\/wp-json\/wp\/v2\/comments?post=30651"}],"wp:featuredmedia":[{"embeddable":true,"href":"https:\/\/bitcube.es\/es_es\/wp-json\/wp\/v2\/media\/30219"}],"wp:attachment":[{"href":"https:\/\/bitcube.es\/es_es\/wp-json\/wp\/v2\/media?parent=30651"}],"wp:term":[{"taxonomy":"product_brand","embeddable":true,"href":"https:\/\/bitcube.es\/es_es\/wp-json\/wp\/v2\/product_brand?post=30651"},{"taxonomy":"product_cat","embeddable":true,"href":"https:\/\/bitcube.es\/es_es\/wp-json\/wp\/v2\/product_cat?post=30651"},{"taxonomy":"product_tag","embeddable":true,"href":"https:\/\/bitcube.es\/es_es\/wp-json\/wp\/v2\/product_tag?post=30651"}],"curies":[{"name":"wp","href":"https:\/\/api.w.org\/{rel}","templated":true}]}}