{"id":30669,"date":"2025-10-17T23:20:14","date_gmt":"2025-10-17T23:20:14","guid":{"rendered":"https:\/\/bitcube.es\/?post_type=product&#038;p=30669"},"modified":"2025-10-17T23:20:23","modified_gmt":"2025-10-17T23:20:23","slug":"ventiladores-corsair-para-rig-de-mineria","status":"publish","type":"product","link":"https:\/\/bitcube.es\/es_es\/producto\/ventiladores-corsair-para-rig-de-mineria\/","title":{"rendered":"Ventiladores Corsair para RIG de miner\u00eda"},"content":{"rendered":"<p>Los ventiladores de la serie ML de CORSAIR ofrecen un rendimiento y una longevidad incre\u00edbles gracias a sus cojinetes de levitaci\u00f3n magn\u00e9tica y al dise\u00f1o de rotor personalizado, con control PWM para un ajuste preciso de las velocidades del ventilador.<\/p>\n<p>&nbsp;<\/p>\n<ul>\n<li>Dimensiones del producto: <em>largo x ancho x alto<\/em> <strong>2 x 5.6 x 15 cent\u00edmetros<\/strong><\/li>\n<li>Tensi\u00f3n: 12 Voltios<\/li>\n<li>Rodamiento magn\u00e9tico: aprovecha la tecnolog\u00eda de levitaci\u00f3n magn\u00e9tica para ofrecer un nivel de ruido bajo, un mayor rendimiento y una mayor vida \u00fatil.<\/li>\n<li>Ofrece el equilibrio perfecto entre un flujo de aire y una presi\u00f3n est\u00e1tica.<\/li>\n<li>Amplio rango de control: Un rango de control de 2000 RPM te permite tener un control total del equilibrio entre un rendimiento \u00f3ptimo y un bajo nivel de ruido.<\/li>\n<li>Tipo de conectividad: SATA<\/li>\n<\/ul>\n<p><strong>SE VENDEN EN PACKS DE DOS UNIDADES.<\/strong><\/p>\n","protected":false},"excerpt":{"rendered":"<p>Los ventiladores de la serie ML de CORSAIR ofrecen un rendimiento y una longevidad incre\u00edbles gracias a sus cojinetes de levitaci\u00f3n magn\u00e9tica y al dise\u00f1o de rotor personalizado, con control PWM para un ajuste preciso de las velocidades del ventilador. &nbsp; Dimensiones del producto: largo x ancho x alto 2 x 5.6 x 15 cent\u00edmetros [&hellip;]<\/p>\n","protected":false},"featured_media":30263,"comment_status":"open","ping_status":"closed","template":"","meta":[],"product_brand":[],"product_cat":[20],"product_tag":[],"class_list":{"0":"post-30669","1":"product","2":"type-product","3":"status-publish","4":"has-post-thumbnail","6":"product_cat-componentes","8":"first","9":"instock","10":"sale","11":"shipping-taxable","12":"purchasable","13":"product-type-simple"},"_links":{"self":[{"href":"https:\/\/bitcube.es\/es_es\/wp-json\/wp\/v2\/product\/30669","targetHints":{"allow":["GET"]}}],"collection":[{"href":"https:\/\/bitcube.es\/es_es\/wp-json\/wp\/v2\/product"}],"about":[{"href":"https:\/\/bitcube.es\/es_es\/wp-json\/wp\/v2\/types\/product"}],"replies":[{"embeddable":true,"href":"https:\/\/bitcube.es\/es_es\/wp-json\/wp\/v2\/comments?post=30669"}],"wp:featuredmedia":[{"embeddable":true,"href":"https:\/\/bitcube.es\/es_es\/wp-json\/wp\/v2\/media\/30263"}],"wp:attachment":[{"href":"https:\/\/bitcube.es\/es_es\/wp-json\/wp\/v2\/media?parent=30669"}],"wp:term":[{"taxonomy":"product_brand","embeddable":true,"href":"https:\/\/bitcube.es\/es_es\/wp-json\/wp\/v2\/product_brand?post=30669"},{"taxonomy":"product_cat","embeddable":true,"href":"https:\/\/bitcube.es\/es_es\/wp-json\/wp\/v2\/product_cat?post=30669"},{"taxonomy":"product_tag","embeddable":true,"href":"https:\/\/bitcube.es\/es_es\/wp-json\/wp\/v2\/product_tag?post=30669"}],"curies":[{"name":"wp","href":"https:\/\/api.w.org\/{rel}","templated":true}]}}