{"id":30746,"date":"2025-10-17T23:20:52","date_gmt":"2025-10-17T23:20:52","guid":{"rendered":"https:\/\/bitcube.es\/?post_type=product&#038;p=30746"},"modified":"2025-10-17T23:20:59","modified_gmt":"2025-10-17T23:20:59","slug":"nuevo-iceriver-miner-ks1-1th-600w-30-db-kas-mining","status":"publish","type":"product","link":"https:\/\/bitcube.es\/es_es\/producto\/nuevo-iceriver-miner-ks1-1th-600w-30-db-kas-mining\/","title":{"rendered":"Nuevo IceRiver Miner KS1 1TH 600W 30 db KAS Mining"},"content":{"rendered":"<p>El ASIC, IceRiver KS1 1T\/s, es un dispositivo especializado en la miner\u00eda de criptomonedas, dise\u00f1ado espec\u00edficamente para minar Kaspa u otras criptomonedas que utilizan el algoritmo kHeavyHash. El paquete incluye una fuente de alimentaci\u00f3n PSU IceRiver.<\/p>\n<p>A continuaci\u00f3n, se detallan algunas caracter\u00edsticas relevantes del ASIC:<\/p>\n<ul>\n<li>Nivel de ruido: Este ASIC de miner\u00eda de Kaspa ha sido dise\u00f1ado para uso dom\u00e9stico y no genera un ruido significativo, emitiendo solamente 30 dB.<\/li>\n<li>Consumo de energ\u00eda: El consumo de energ\u00eda de este ASIC es muy bajo, lo cual lo hace adecuado para el uso dom\u00e9stico. Se recomienda utilizar una tarifa el\u00e9ctrica de hogar.<\/li>\n<\/ul>\n<h3><strong>Caracter\u00edsticas del minero:<\/strong><\/h3>\n<table class=\"woocommerce-product-attributes shop_attributes\">\n<tbody>\n<tr class=\"woocommerce-product-attributes-item woocommerce-product-attributes-item--attribute_kas-hashrate\">\n<th class=\"woocommerce-product-attributes-item__label\">KAS Hashrate<\/th>\n<td class=\"woocommerce-product-attributes-item__value\">1TH\/S(\u00b110%)<\/td>\n<\/tr>\n<tr class=\"woocommerce-product-attributes-item woocommerce-product-attributes-item--attribute_wall-power\">\n<th class=\"woocommerce-product-attributes-item__label\">Potencia<\/th>\n<td class=\"woocommerce-product-attributes-item__value\">600W\/h(\u00b110%)<\/td>\n<\/tr>\n<tr class=\"woocommerce-product-attributes-item woocommerce-product-attributes-item--attribute_specifications\">\n<th class=\"woocommerce-product-attributes-item__label\">Relaci\u00f3n Hashrate &#8211; Potencia<\/th>\n<td class=\"woocommerce-product-attributes-item__value\">1TH 600W<\/td>\n<\/tr>\n<tr class=\"woocommerce-product-attributes-item woocommerce-product-attributes-item--attribute_dimensionwith-packaging\">\n<th class=\"woocommerce-product-attributes-item__label\">Dimensiones<\/th>\n<td class=\"woocommerce-product-attributes-item__value\">490\u00d7300\u00d7400(mm)<\/td>\n<\/tr>\n<tr class=\"woocommerce-product-attributes-item woocommerce-product-attributes-item--attribute_dimension\">\n<th class=\"woocommerce-product-attributes-item__label\">Dimensiones del minero<\/th>\n<td class=\"woocommerce-product-attributes-item__value\">370\u00d7195\u00d7290(mm)<\/td>\n<\/tr>\n<tr class=\"woocommerce-product-attributes-item woocommerce-product-attributes-item--attribute_gross-weight\">\n<th class=\"woocommerce-product-attributes-item__label\">Peso<\/th>\n<td class=\"woocommerce-product-attributes-item__value\">14.9kg<\/td>\n<\/tr>\n<tr class=\"woocommerce-product-attributes-item woocommerce-product-attributes-item--attribute_net-weight\">\n<th class=\"woocommerce-product-attributes-item__label\">Peso Neto<\/th>\n<td class=\"woocommerce-product-attributes-item__value\">12.5kg<\/td>\n<\/tr>\n<tr class=\"woocommerce-product-attributes-item woocommerce-product-attributes-item--attribute_connection\">\n<th class=\"woocommerce-product-attributes-item__label\">Conexi\u00f3n<\/th>\n<td class=\"woocommerce-product-attributes-item__value\">ethernet<\/td>\n<\/tr>\n<tr class=\"woocommerce-product-attributes-item woocommerce-product-attributes-item--attribute_voltage-input\">\n<th class=\"woocommerce-product-attributes-item__label\">Voltaje Input<\/th>\n<td class=\"woocommerce-product-attributes-item__value\">170-300V AC<\/td>\n<\/tr>\n<tr class=\"woocommerce-product-attributes-item woocommerce-product-attributes-item--attribute_operating-temp\">\n<th class=\"woocommerce-product-attributes-item__label\">Temperatura<\/th>\n<td class=\"woocommerce-product-attributes-item__value\">0~35 \u2103<\/td>\n<\/tr>\n<\/tbody>\n<\/table>\n<h3>\u00bfQu\u00e9 es Kaspa?<\/h3>\n<p>Kaspa es una criptomoneda que se basa en la tecnolog\u00eda blockchain, al igual que Bitcoin y otras criptomonedas populares. Como principiante, es importante entender que una criptomoneda es un tipo de moneda digital que utiliza criptograf\u00eda para asegurar y verificar las transacciones realizadas en su red.<\/p>\n<p>Kaspa se destaca por ser una red dise\u00f1ada espec\u00edficamente para abordar algunos desaf\u00edos y limitaciones que se han observado en otras criptomonedas. Una de las principales caracter\u00edsticas de Kaspa es su algoritmo de consenso, llamado kPoW (Prueba de Trabajo de Kaspa), que garantiza la seguridad y la confiabilidad de la red.<\/p>\n<p>Una de las diferencias significativas de Kaspa en comparaci\u00f3n con otras criptomonedas es su capacidad para escalar de manera eficiente. Esto significa que Kaspa tiene la capacidad de manejar un mayor n\u00famero de transacciones por segundo y puede crecer de manera m\u00e1s efectiva a medida que m\u00e1s usuarios se unen a la red. Esta escalabilidad mejora la velocidad y la eficiencia de las transacciones, lo que puede ser beneficioso para la adopci\u00f3n generalizada de la criptomoneda.<\/p>\n<p>Adem\u00e1s, Kaspa se considera una red descentralizada y de c\u00f3digo abierto, lo que significa que no est\u00e1 controlada por una autoridad central y que cualquier persona puede acceder a su c\u00f3digo fuente y contribuir al desarrollo de la plataforma.<\/p>\n<p>&nbsp;<\/p>\n<h6><\/h6>\n<h6><\/h6>\n","protected":false},"excerpt":{"rendered":"<p>El ASIC, IceRiver KS1 1T\/s, es un dispositivo especializado en la miner\u00eda de criptomonedas, dise\u00f1ado espec\u00edficamente para minar Kaspa u otras criptomonedas que utilizan el algoritmo kHeavyHash. El paquete incluye una fuente de alimentaci\u00f3n PSU IceRiver. A continuaci\u00f3n, se detallan algunas caracter\u00edsticas relevantes del ASIC: Nivel de ruido: Este ASIC de miner\u00eda de Kaspa ha [&hellip;]<\/p>\n","protected":false},"featured_media":30401,"comment_status":"open","ping_status":"closed","template":"","meta":[],"product_brand":[],"product_cat":[19],"product_tag":[282,138,137],"class_list":{"0":"post-30746","1":"product","2":"type-product","3":"status-publish","4":"has-post-thumbnail","6":"product_cat-mineros","7":"product_tag-gme","8":"product_tag-mineros-para-avanzados","9":"product_tag-mineros-para-principiantes","11":"first","12":"outofstock","13":"featured","14":"shipping-taxable","15":"purchasable","16":"product-type-simple"},"_links":{"self":[{"href":"https:\/\/bitcube.es\/es_es\/wp-json\/wp\/v2\/product\/30746","targetHints":{"allow":["GET"]}}],"collection":[{"href":"https:\/\/bitcube.es\/es_es\/wp-json\/wp\/v2\/product"}],"about":[{"href":"https:\/\/bitcube.es\/es_es\/wp-json\/wp\/v2\/types\/product"}],"replies":[{"embeddable":true,"href":"https:\/\/bitcube.es\/es_es\/wp-json\/wp\/v2\/comments?post=30746"}],"wp:featuredmedia":[{"embeddable":true,"href":"https:\/\/bitcube.es\/es_es\/wp-json\/wp\/v2\/media\/30401"}],"wp:attachment":[{"href":"https:\/\/bitcube.es\/es_es\/wp-json\/wp\/v2\/media?parent=30746"}],"wp:term":[{"taxonomy":"product_brand","embeddable":true,"href":"https:\/\/bitcube.es\/es_es\/wp-json\/wp\/v2\/product_brand?post=30746"},{"taxonomy":"product_cat","embeddable":true,"href":"https:\/\/bitcube.es\/es_es\/wp-json\/wp\/v2\/product_cat?post=30746"},{"taxonomy":"product_tag","embeddable":true,"href":"https:\/\/bitcube.es\/es_es\/wp-json\/wp\/v2\/product_tag?post=30746"}],"curies":[{"name":"wp","href":"https:\/\/api.w.org\/{rel}","templated":true}]}}