{"id":30771,"date":"2025-10-17T23:21:03","date_gmt":"2025-10-17T23:21:03","guid":{"rendered":"https:\/\/bitcube.es\/?post_type=product&#038;p=30771"},"modified":"2025-10-17T23:21:11","modified_gmt":"2025-10-17T23:21:11","slug":"iceriver-ks0-pro-200-gh-nuevo","status":"publish","type":"product","link":"https:\/\/bitcube.es\/es_es\/producto\/iceriver-ks0-pro-200-gh-nuevo\/","title":{"rendered":"Iceriver KS0 PRO 200 Gh Nuevo!"},"content":{"rendered":"<p><strong>KS0 Pro de Iceriver: La M\u00e1quina de Miner\u00eda de Alto Rendimiento<\/strong><\/p>\n<p>El KS0 Pro, la \u00faltima incorporaci\u00f3n de Iceriver a su destacada l\u00ednea de mineros, es una potencia de procesamiento como ninguna otra en el mundo de la miner\u00eda de criptomonedas. Dise\u00f1ado meticulosamente para brindar un rendimiento \u00f3ptimo, eficiencia energ\u00e9tica y confiabilidad sobresalientes, el KS0 Pro es la elecci\u00f3n definitiva para los mineros m\u00e1s exigentes.<\/p>\n<p><iframe loading=\"lazy\" title=\"Esta Peque\u00f1a M\u00e1quina Genera Ingresos Pasivos\" width=\"500\" height=\"281\" src=\"https:\/\/www.youtube.com\/embed\/o67Pwvaz90c?feature=oembed\" frameborder=\"0\" allow=\"accelerometer; autoplay; clipboard-write; encrypted-media; gyroscope; picture-in-picture; web-share\" referrerpolicy=\"strict-origin-when-cross-origin\" allowfullscreen><\/iframe><\/p>\n<p><strong>Especificaciones Impresionantes:<\/strong><\/p>\n<ul>\n<li>Hashrate de KAS: 200GH\/S (\u00b110%)<\/li>\n<li>Consumo de energ\u00eda: 100W\/h (\u00b110%)<\/li>\n<li>Dimensiones compactas: 200x194x74 (mil\u00edmetro)<\/li>\n<li>Peso neto: 2.5 kilos<\/li>\n<\/ul>\n<p><strong>Conectividad Sin Esfuerzo:<\/strong> El KS0 Pro se conecta f\u00e1cilmente a trav\u00e9s de Ethernet, lo que garantiza una comunicaci\u00f3n fluida y confiable con su sistema de miner\u00eda. Con opciones de entrada de voltaje vers\u00e1tiles, puede funcionar con una fuente de alimentaci\u00f3n de 100-240 V CA o, si lo prefiere, con 19-20 V CC, lo que le brinda la flexibilidad necesaria para adaptarse a sus necesidades.<\/p>\n<p><strong>Operaci\u00f3n Silenciosa y Eficiente:<\/strong> A pesar de su potencia, el KS0 Pro opera en silencio con un nivel de ruido de tan solo 10 dB. Adem\u00e1s, su eficiencia energ\u00e9tica de vanguardia asegura que pueda minar durante horas sin preocuparse por altos costos de energ\u00eda.<\/p>\n<p><strong>Rendimiento Inigualable:<\/strong> El KS0 Pro destaca con su hashrate de 200GH\/S (\u00b110%), lo que lo coloca a la vanguardia de la miner\u00eda de criptomonedas. Su dise\u00f1o compacto y peso ligero hacen que sea la elecci\u00f3n ideal para cualquier entorno de miner\u00eda.<\/p>\n<p><strong>Temperatura \u00d3ptima:<\/strong> Este minero puede funcionar en un rango de temperatura de 0~35 \u2103, siempre que se coloque en un ambiente con una buena circulaci\u00f3n de aire. Esto garantiza un rendimiento constante incluso en condiciones desafiantes.<\/p>\n<p>El KS0 Pro de Iceriver es la combinaci\u00f3n perfecta de potencia, eficiencia y facilidad de uso. Si est\u00e1 buscando una m\u00e1quina de miner\u00eda de alto rendimiento que supere sus expectativas, el KS0 Pro es la elecci\u00f3n indiscutible. Potencie su operaci\u00f3n de miner\u00eda de criptomonedas con la KS0 Pro de Iceriver y experimente un nuevo nivel de productividad.<\/p>\n","protected":false},"excerpt":{"rendered":"<p>KS0 Pro de Iceriver: La M\u00e1quina de Miner\u00eda de Alto Rendimiento El KS0 Pro, la \u00faltima incorporaci\u00f3n de Iceriver a su destacada l\u00ednea de mineros, es una potencia de procesamiento como ninguna otra en el mundo de la miner\u00eda de criptomonedas. Dise\u00f1ado meticulosamente para brindar un rendimiento \u00f3ptimo, eficiencia energ\u00e9tica y confiabilidad sobresalientes, el KS0 [&hellip;]<\/p>\n","protected":false},"featured_media":30455,"comment_status":"open","ping_status":"closed","template":"","meta":[],"product_brand":[],"product_cat":[19],"product_tag":[282,138,137],"class_list":{"0":"post-30771","1":"product","2":"type-product","3":"status-publish","4":"has-post-thumbnail","6":"product_cat-mineros","7":"product_tag-gme","8":"product_tag-mineros-para-avanzados","9":"product_tag-mineros-para-principiantes","11":"first","12":"outofstock","13":"featured","14":"shipping-taxable","15":"purchasable","16":"product-type-simple"},"_links":{"self":[{"href":"https:\/\/bitcube.es\/es_es\/wp-json\/wp\/v2\/product\/30771","targetHints":{"allow":["GET"]}}],"collection":[{"href":"https:\/\/bitcube.es\/es_es\/wp-json\/wp\/v2\/product"}],"about":[{"href":"https:\/\/bitcube.es\/es_es\/wp-json\/wp\/v2\/types\/product"}],"replies":[{"embeddable":true,"href":"https:\/\/bitcube.es\/es_es\/wp-json\/wp\/v2\/comments?post=30771"}],"wp:featuredmedia":[{"embeddable":true,"href":"https:\/\/bitcube.es\/es_es\/wp-json\/wp\/v2\/media\/30455"}],"wp:attachment":[{"href":"https:\/\/bitcube.es\/es_es\/wp-json\/wp\/v2\/media?parent=30771"}],"wp:term":[{"taxonomy":"product_brand","embeddable":true,"href":"https:\/\/bitcube.es\/es_es\/wp-json\/wp\/v2\/product_brand?post=30771"},{"taxonomy":"product_cat","embeddable":true,"href":"https:\/\/bitcube.es\/es_es\/wp-json\/wp\/v2\/product_cat?post=30771"},{"taxonomy":"product_tag","embeddable":true,"href":"https:\/\/bitcube.es\/es_es\/wp-json\/wp\/v2\/product_tag?post=30771"}],"curies":[{"name":"wp","href":"https:\/\/api.w.org\/{rel}","templated":true}]}}