{"id":30809,"date":"2025-10-17T23:21:32","date_gmt":"2025-10-17T23:21:32","guid":{"rendered":"https:\/\/bitcube.es\/?post_type=product&#038;p=30809"},"modified":"2025-10-17T23:21:38","modified_gmt":"2025-10-17T23:21:38","slug":"goldshell-ka-box-pro-kaspa-miner-1-6-th-600w-y-35-db","status":"publish","type":"product","link":"https:\/\/bitcube.es\/es_es\/producto\/goldshell-ka-box-pro-kaspa-miner-1-6-th-600w-y-35-db\/","title":{"rendered":"Goldshell KA Box-Pro Kaspa Miner 1.6 Th, 600W y  35 Db"},"content":{"rendered":"<p>El <strong>Goldshell KA BOX &#8211; Pro<\/strong> es la c\u00faspide de la miner\u00eda dom\u00e9stica para KASPA.<\/p>\n<p>Se trata de una soluci\u00f3n avanzada para los entusiastas de las criptomonedas de Kaspa. Con su impresionante eficiencia y funcionamiento silencioso, este minero es un complemento excelente para cualquier configuraci\u00f3n de miner\u00eda dom\u00e9stica. Experimenta la potencia de<strong> 1.6 TH\/s<\/strong> con tan solo<strong> 600 W<\/strong>, todo ello alojado en un formato compacto y elegante.<\/p>\n<p>[asicminer_widget miner=\u00bbgoldshell\/ka-box-pro\u00bb]<\/p>\n<p>Solo produce un ruido de 35 Db, esta caja sal\u00e9 en marzo y es el punto medio perfecto entre la ks0 Ultra\u00a0 y la ks3m<\/p>\n","protected":false},"excerpt":{"rendered":"<p>El Goldshell KA BOX &#8211; Pro es la c\u00faspide de la miner\u00eda dom\u00e9stica para KASPA. Se trata de una soluci\u00f3n avanzada para los entusiastas de las criptomonedas de Kaspa. Con su impresionante eficiencia y funcionamiento silencioso, este minero es un complemento excelente para cualquier configuraci\u00f3n de miner\u00eda dom\u00e9stica. Experimenta la potencia de 1.6 TH\/s con [&hellip;]<\/p>\n","protected":false},"featured_media":30518,"comment_status":"open","ping_status":"closed","template":"","meta":[],"product_brand":[],"product_cat":[19],"product_tag":[138,137],"class_list":{"0":"post-30809","1":"product","2":"type-product","3":"status-publish","4":"has-post-thumbnail","6":"product_cat-mineros","7":"product_tag-mineros-para-avanzados","8":"product_tag-mineros-para-principiantes","10":"first","11":"instock","12":"sale","13":"shipping-taxable","14":"purchasable","15":"product-type-simple"},"_links":{"self":[{"href":"https:\/\/bitcube.es\/es_es\/wp-json\/wp\/v2\/product\/30809","targetHints":{"allow":["GET"]}}],"collection":[{"href":"https:\/\/bitcube.es\/es_es\/wp-json\/wp\/v2\/product"}],"about":[{"href":"https:\/\/bitcube.es\/es_es\/wp-json\/wp\/v2\/types\/product"}],"replies":[{"embeddable":true,"href":"https:\/\/bitcube.es\/es_es\/wp-json\/wp\/v2\/comments?post=30809"}],"wp:featuredmedia":[{"embeddable":true,"href":"https:\/\/bitcube.es\/es_es\/wp-json\/wp\/v2\/media\/30518"}],"wp:attachment":[{"href":"https:\/\/bitcube.es\/es_es\/wp-json\/wp\/v2\/media?parent=30809"}],"wp:term":[{"taxonomy":"product_brand","embeddable":true,"href":"https:\/\/bitcube.es\/es_es\/wp-json\/wp\/v2\/product_brand?post=30809"},{"taxonomy":"product_cat","embeddable":true,"href":"https:\/\/bitcube.es\/es_es\/wp-json\/wp\/v2\/product_cat?post=30809"},{"taxonomy":"product_tag","embeddable":true,"href":"https:\/\/bitcube.es\/es_es\/wp-json\/wp\/v2\/product_tag?post=30809"}],"curies":[{"name":"wp","href":"https:\/\/api.w.org\/{rel}","templated":true}]}}