{"id":30812,"date":"2025-10-17T23:21:33","date_gmt":"2025-10-17T23:21:33","guid":{"rendered":"https:\/\/bitcube.es\/?post_type=product&#038;p=30812"},"modified":"2025-10-17T23:21:41","modified_gmt":"2025-10-17T23:21:41","slug":"canaan-avalon-miner-nano3-home-miner-4th-s","status":"publish","type":"product","link":"https:\/\/bitcube.es\/es_es\/producto\/canaan-avalon-miner-nano3-home-miner-4th-s\/","title":{"rendered":"Canaan Avalon\u00a0Miner\u00a0Nano3 Home Miner (4Th\/s)"},"content":{"rendered":"<p><strong>Avalon Nano 3 Miner<\/strong><br \/>\nLanzado por el reconocido fabricante de hardware de miner\u00eda Canaan, el <strong>Avalon Nano 3<\/strong> es una soluci\u00f3n potente y compacta para la miner\u00eda de Bitcoin. Con una tasa de hash m\u00e1xima de<strong> 4 Th\/s<\/strong> y un consumo de energ\u00eda de solo <strong>140W,<\/strong> es ideal para aquellos que desean una m\u00e1quina eficiente y efectiva para minar desde cualquier lugar.<\/p>\n<p>[asicminer_widget miner=\u00bbcanaan\/avalon-nano-3&#8243;]<\/p>\n<p><strong>Caracter\u00edsticas Clave:<\/strong><\/p>\n<ul>\n<li><strong>Tama\u00f1o Compacto:<\/strong> Con dimensiones de 205 x 115 x 57 mm y un peso de solo 725 g, el Avalon Nano 3 es f\u00e1cil de instalar y mover, permitiendo una experiencia de miner\u00eda flexible y port\u00e1til.<\/li>\n<li><strong>Bajo Consumo de Energ\u00eda:<\/strong> Solo consume 140W, haciendo que sea una opci\u00f3n econ\u00f3mica y eficiente.<\/li>\n<li><strong>Funcionamiento Silencioso:<\/strong> Con un nivel de ruido reducido de 33-36dB, es adecuado para operar en cualquier entorno sin causar molestias.<\/li>\n<li><strong>Disipaci\u00f3n de Calor Eficiente:<\/strong> Se recomienda colocar el minero en un \u00e1rea bien ventilada para asegurar una r\u00e1pida y efectiva disipaci\u00f3n del calor.<\/li>\n<\/ul>\n<p>El Avalon Nano 3 est\u00e1 programado para el algoritmo SHA-256, lo que le permite minar Bitcoin de manera eficiente. Es una excelente opci\u00f3n tanto para mineros principiantes como para aquellos m\u00e1s experimentados que buscan una soluci\u00f3n compacta y eficiente.<\/p>\n<p>\u00a1Empieza tu viaje en la miner\u00eda de Bitcoin con el Avalon Nano 3, una herramienta poderosa y eficiente que se adapta a tus necesidades!<\/p>\n<p>&nbsp;<\/p>\n<p>&nbsp;<\/p>\n","protected":false},"excerpt":{"rendered":"<p>Avalon Nano 3 Miner Lanzado por el reconocido fabricante de hardware de miner\u00eda Canaan, el Avalon Nano 3 es una soluci\u00f3n potente y compacta para la miner\u00eda de Bitcoin. Con una tasa de hash m\u00e1xima de 4 Th\/s y un consumo de energ\u00eda de solo 140W, es ideal para aquellos que desean una m\u00e1quina eficiente [&hellip;]<\/p>\n","protected":false},"featured_media":30836,"comment_status":"open","ping_status":"closed","template":"","meta":[],"product_brand":[],"product_cat":[19],"product_tag":[52,282,137],"class_list":{"0":"post-30812","1":"product","2":"type-product","3":"status-publish","4":"has-post-thumbnail","6":"product_cat-mineros","7":"product_tag-asic","8":"product_tag-gme","9":"product_tag-mineros-para-principiantes","11":"first","12":"instock","13":"featured","14":"shipping-taxable","15":"purchasable","16":"product-type-simple"},"_links":{"self":[{"href":"https:\/\/bitcube.es\/es_es\/wp-json\/wp\/v2\/product\/30812","targetHints":{"allow":["GET"]}}],"collection":[{"href":"https:\/\/bitcube.es\/es_es\/wp-json\/wp\/v2\/product"}],"about":[{"href":"https:\/\/bitcube.es\/es_es\/wp-json\/wp\/v2\/types\/product"}],"replies":[{"embeddable":true,"href":"https:\/\/bitcube.es\/es_es\/wp-json\/wp\/v2\/comments?post=30812"}],"wp:featuredmedia":[{"embeddable":true,"href":"https:\/\/bitcube.es\/es_es\/wp-json\/wp\/v2\/media\/30836"}],"wp:attachment":[{"href":"https:\/\/bitcube.es\/es_es\/wp-json\/wp\/v2\/media?parent=30812"}],"wp:term":[{"taxonomy":"product_brand","embeddable":true,"href":"https:\/\/bitcube.es\/es_es\/wp-json\/wp\/v2\/product_brand?post=30812"},{"taxonomy":"product_cat","embeddable":true,"href":"https:\/\/bitcube.es\/es_es\/wp-json\/wp\/v2\/product_cat?post=30812"},{"taxonomy":"product_tag","embeddable":true,"href":"https:\/\/bitcube.es\/es_es\/wp-json\/wp\/v2\/product_tag?post=30812"}],"curies":[{"name":"wp","href":"https:\/\/api.w.org\/{rel}","templated":true}]}}