{"id":30814,"date":"2025-10-17T23:21:33","date_gmt":"2025-10-17T23:21:33","guid":{"rendered":"https:\/\/bitcube.es\/?post_type=product&#038;p=30814"},"modified":"2025-10-17T23:21:41","modified_gmt":"2025-10-17T23:21:41","slug":"antminer-dr7-127-th","status":"publish","type":"product","link":"https:\/\/bitcube.es\/es_es\/producto\/antminer-dr7-127-th\/","title":{"rendered":"Antminer DR7 127 Th"},"content":{"rendered":"<p>El Antminer <strong>DR7<\/strong> es fabricado por Bitmain y utiliza el algoritmo <strong>Blake256R14<\/strong>, alcanzando un hashrate m\u00e1ximo de <strong>127Th<\/strong>\/s con un consumo de energ\u00eda de solo <strong>2730W<\/strong>.<\/p>\n<h4>Especificaciones<\/h4>\n<ul>\n<li><strong>Fabricante<\/strong>: Bitmain<\/li>\n<li><strong>Modelo<\/strong>: Antminer DR7<\/li>\n<li><strong>Tambi\u00e9n conocido como<\/strong>: Antminer DR7 SCP Miner<\/li>\n<li><strong>Lanzamiento<\/strong>: Julio 2024<\/li>\n<li><strong>Tama\u00f1o sin embalaje<\/strong>: 430 x 195 x 290 mm<\/li>\n<li><strong>Tama\u00f1o con embalaje<\/strong>: 570 x 316 x 430 mm<\/li>\n<li><strong>Peso neto<\/strong>: 16,100 g<\/li>\n<li><strong>Peso bruto<\/strong>: 17,700 g<\/li>\n<li><strong>Nivel de sonido<\/strong>: 75 dB<\/li>\n<li><strong>Ventiladores<\/strong>: 4<\/li>\n<li><strong>Potencia<\/strong>: 2730W<\/li>\n<li><strong>Tensi\u00f3n de entrada<\/strong>: 220-240V<\/li>\n<li><strong>Temperatura de almacenamiento<\/strong>: -20\u00b0C a 70\u00b0C<\/li>\n<li><strong>Interfaz<\/strong>: Ethernet<\/li>\n<li><strong>Temperatura de funcionamiento<\/strong>: 0\u00b0C a 40\u00b0C<\/li>\n<li><strong>Humedad de funcionamiento<\/strong>: 10% a 90%<\/li>\n<\/ul>\n<h4>Algoritmo<\/h4>\n<ul>\n<li><strong>Blake256R14<\/strong><\/li>\n<\/ul>\n<h4>Hashrate<\/h4>\n<ul>\n<li><strong>127Th\/s<\/strong><\/li>\n<\/ul>\n<h4>Consumo<\/h4>\n<ul>\n<li><strong>2730W<\/strong><\/li>\n<\/ul>\n","protected":false},"excerpt":{"rendered":"<p>El Antminer DR7 es fabricado por Bitmain y utiliza el algoritmo Blake256R14, alcanzando un hashrate m\u00e1ximo de 127Th\/s con un consumo de energ\u00eda de solo 2730W. Especificaciones Fabricante: Bitmain Modelo: Antminer DR7 Tambi\u00e9n conocido como: Antminer DR7 SCP Miner Lanzamiento: Julio 2024 Tama\u00f1o sin embalaje: 430 x 195 x 290 mm Tama\u00f1o con embalaje: 570 [&hellip;]<\/p>\n","protected":false},"featured_media":30531,"comment_status":"open","ping_status":"closed","template":"","meta":[],"product_brand":[],"product_cat":[19],"product_tag":[52,62],"class_list":{"0":"post-30814","1":"product","2":"type-product","3":"status-publish","4":"has-post-thumbnail","6":"product_cat-mineros","7":"product_tag-asic","8":"product_tag-mineria-de-blake-14r","10":"first","11":"outofstock","12":"purchasable","13":"product-type-simple"},"_links":{"self":[{"href":"https:\/\/bitcube.es\/es_es\/wp-json\/wp\/v2\/product\/30814","targetHints":{"allow":["GET"]}}],"collection":[{"href":"https:\/\/bitcube.es\/es_es\/wp-json\/wp\/v2\/product"}],"about":[{"href":"https:\/\/bitcube.es\/es_es\/wp-json\/wp\/v2\/types\/product"}],"replies":[{"embeddable":true,"href":"https:\/\/bitcube.es\/es_es\/wp-json\/wp\/v2\/comments?post=30814"}],"wp:featuredmedia":[{"embeddable":true,"href":"https:\/\/bitcube.es\/es_es\/wp-json\/wp\/v2\/media\/30531"}],"wp:attachment":[{"href":"https:\/\/bitcube.es\/es_es\/wp-json\/wp\/v2\/media?parent=30814"}],"wp:term":[{"taxonomy":"product_brand","embeddable":true,"href":"https:\/\/bitcube.es\/es_es\/wp-json\/wp\/v2\/product_brand?post=30814"},{"taxonomy":"product_cat","embeddable":true,"href":"https:\/\/bitcube.es\/es_es\/wp-json\/wp\/v2\/product_cat?post=30814"},{"taxonomy":"product_tag","embeddable":true,"href":"https:\/\/bitcube.es\/es_es\/wp-json\/wp\/v2\/product_tag?post=30814"}],"curies":[{"name":"wp","href":"https:\/\/api.w.org\/{rel}","templated":true}]}}