{"id":30830,"date":"2025-10-17T23:21:36","date_gmt":"2025-10-17T23:21:36","guid":{"rendered":"https:\/\/bitcube.es\/?post_type=product&#038;p=30830"},"modified":"2025-10-17T23:23:18","modified_gmt":"2025-10-17T23:23:18","slug":"dragonball-miner-a40","status":"publish","type":"product","link":"https:\/\/bitcube.es\/es_es\/producto\/dragonball-miner-a40\/","title":{"rendered":"Dragonball Miner A40"},"content":{"rendered":"<p>El modelo <strong>A40<\/strong>\u00a0se erige como una formidable potencia minera, que trabaja el algoritmo Blake 3 para minar\u00a0<strong>Alephium<\/strong>. Su tasa de hash es de <strong>3.3 TH\/s,<\/strong> asegurando eficiencia y rendimiento en el \u00e1mbito de la miner\u00eda de criptomonedas. Su dise\u00f1o robusto garantiza estabilidad y confiabilidad, convirti\u00e9ndolo en la opci\u00f3n preferida para mineros que buscan una producci\u00f3n \u00f3ptima. Equipado con un avanzado sistema de gesti\u00f3n de energ\u00eda, el A40 consume <strong>1600<\/strong> W de potencia a 40\u00b0C. Este modelo establece un nuevo est\u00e1ndar en la miner\u00eda consciente de la energ\u00eda, encontrando un equilibrio entre alto rendimiento y operaci\u00f3n sostenible.<\/p>\n<p>\u00a1Hazte con el a40 y lleva tu miner\u00eda al siguiente nivel! \ud83d\udcb0\ud83d\udcbb<\/p>\n","protected":false},"excerpt":{"rendered":"<p>El modelo A40\u00a0se erige como una formidable potencia minera, que trabaja el algoritmo Blake 3 para minar\u00a0Alephium. Su tasa de hash es de 3.3 TH\/s, asegurando eficiencia y rendimiento en el \u00e1mbito de la miner\u00eda de criptomonedas. Su dise\u00f1o robusto garantiza estabilidad y confiabilidad, convirti\u00e9ndolo en la opci\u00f3n preferida para mineros que buscan una producci\u00f3n [&hellip;]<\/p>\n","protected":false},"featured_media":30533,"comment_status":"open","ping_status":"closed","template":"","meta":[],"product_brand":[],"product_cat":[19],"product_tag":[52,282,138,139],"class_list":{"0":"post-30830","1":"product","2":"type-product","3":"status-publish","4":"has-post-thumbnail","6":"product_cat-mineros","7":"product_tag-asic","8":"product_tag-gme","9":"product_tag-mineros-para-avanzados","10":"product_tag-mineros-para-expertos","12":"first","13":"outofstock","14":"shipping-taxable","15":"purchasable","16":"product-type-simple"},"_links":{"self":[{"href":"https:\/\/bitcube.es\/es_es\/wp-json\/wp\/v2\/product\/30830","targetHints":{"allow":["GET"]}}],"collection":[{"href":"https:\/\/bitcube.es\/es_es\/wp-json\/wp\/v2\/product"}],"about":[{"href":"https:\/\/bitcube.es\/es_es\/wp-json\/wp\/v2\/types\/product"}],"replies":[{"embeddable":true,"href":"https:\/\/bitcube.es\/es_es\/wp-json\/wp\/v2\/comments?post=30830"}],"wp:featuredmedia":[{"embeddable":true,"href":"https:\/\/bitcube.es\/es_es\/wp-json\/wp\/v2\/media\/30533"}],"wp:attachment":[{"href":"https:\/\/bitcube.es\/es_es\/wp-json\/wp\/v2\/media?parent=30830"}],"wp:term":[{"taxonomy":"product_brand","embeddable":true,"href":"https:\/\/bitcube.es\/es_es\/wp-json\/wp\/v2\/product_brand?post=30830"},{"taxonomy":"product_cat","embeddable":true,"href":"https:\/\/bitcube.es\/es_es\/wp-json\/wp\/v2\/product_cat?post=30830"},{"taxonomy":"product_tag","embeddable":true,"href":"https:\/\/bitcube.es\/es_es\/wp-json\/wp\/v2\/product_tag?post=30830"}],"curies":[{"name":"wp","href":"https:\/\/api.w.org\/{rel}","templated":true}]}}