{"id":30893,"date":"2025-10-17T23:23:48","date_gmt":"2025-10-17T23:23:48","guid":{"rendered":"https:\/\/bitcube.es\/?post_type=product&#038;p=30893"},"modified":"2025-10-17T23:24:03","modified_gmt":"2025-10-17T23:24:03","slug":"ibelink-bm-l3-3-2gh","status":"publish","type":"product","link":"https:\/\/bitcube.es\/es_es\/producto\/ibelink-bm-l3-3-2gh\/","title":{"rendered":"IBELINK BM-L3 3.2GH"},"content":{"rendered":"<p style=\"text-align: left;\">El iBeLink BM-L3 es el \u00faltimo minero ASIC de iBeLink para el algoritmo Scrypt, y marca un hito significativo en su l\u00ednea de productos.<\/p>\n<p>[asicminer_widget miner=\u00bbibelink\/bm-l3&#8243;]<\/p>\n<p style=\"text-align: left;\">Dise\u00f1ado espec\u00edficamente para minar Dogecoin (DOGE) y Litecoin (LTC), iBeLink BM-L3 ofrece una impresionante tasa de hash de hasta 3.2 Gh\/s con un consumo de energ\u00eda de 3000 W en modo de alto rendimiento. Este modo es ideal para granjas mineras a gran escala, priorizando la m\u00e1xima producci\u00f3n. Para entornos m\u00e1s silenciosos, como hogares u oficinas, iBeLink BM-L3 tambi\u00e9n cuenta con un modo silencioso, que ofrece una tasa de hash de 2.8 Gh\/s con un consumo de energ\u00eda reducido de 2400 W y niveles de ruido significativamente m\u00e1s bajos.<\/p>\n<p style=\"text-align: left;\">Este dise\u00f1o de modo dual es una caracter\u00edstica destacada que permite a los usuarios equilibrar el rendimiento y el ruido seg\u00fan sus necesidades. Dise\u00f1ado tanto para operaciones a gran escala como para mineros individuales, iBeLink BM-L3 combina un rendimiento constante con confiabilidad. Su dise\u00f1o robusto y su sistema de enfriamiento optimizado garantizan un funcionamiento estable bajo cargas de trabajo intensivas.<\/p>\n","protected":false},"excerpt":{"rendered":"<p>El iBeLink BM-L3 es el \u00faltimo minero ASIC de iBeLink para el algoritmo Scrypt, y marca un hito significativo en su l\u00ednea de productos. [asicminer_widget miner=\u00bbibelink\/bm-l3&#8243;] Dise\u00f1ado espec\u00edficamente para minar Dogecoin (DOGE) y Litecoin (LTC), iBeLink BM-L3 ofrece una impresionante tasa de hash de hasta 3.2 Gh\/s con un consumo de energ\u00eda de 3000 W [&hellip;]<\/p>\n","protected":false},"featured_media":30920,"comment_status":"open","ping_status":"closed","template":"","meta":[],"product_brand":[],"product_cat":[19],"product_tag":[282,138,137],"class_list":{"0":"post-30893","1":"product","2":"type-product","3":"status-publish","4":"has-post-thumbnail","6":"product_cat-mineros","7":"product_tag-gme","8":"product_tag-mineros-para-avanzados","9":"product_tag-mineros-para-principiantes","11":"first","12":"outofstock","13":"shipping-taxable","14":"purchasable","15":"product-type-simple"},"_links":{"self":[{"href":"https:\/\/bitcube.es\/es_es\/wp-json\/wp\/v2\/product\/30893","targetHints":{"allow":["GET"]}}],"collection":[{"href":"https:\/\/bitcube.es\/es_es\/wp-json\/wp\/v2\/product"}],"about":[{"href":"https:\/\/bitcube.es\/es_es\/wp-json\/wp\/v2\/types\/product"}],"replies":[{"embeddable":true,"href":"https:\/\/bitcube.es\/es_es\/wp-json\/wp\/v2\/comments?post=30893"}],"wp:featuredmedia":[{"embeddable":true,"href":"https:\/\/bitcube.es\/es_es\/wp-json\/wp\/v2\/media\/30920"}],"wp:attachment":[{"href":"https:\/\/bitcube.es\/es_es\/wp-json\/wp\/v2\/media?parent=30893"}],"wp:term":[{"taxonomy":"product_brand","embeddable":true,"href":"https:\/\/bitcube.es\/es_es\/wp-json\/wp\/v2\/product_brand?post=30893"},{"taxonomy":"product_cat","embeddable":true,"href":"https:\/\/bitcube.es\/es_es\/wp-json\/wp\/v2\/product_cat?post=30893"},{"taxonomy":"product_tag","embeddable":true,"href":"https:\/\/bitcube.es\/es_es\/wp-json\/wp\/v2\/product_tag?post=30893"}],"curies":[{"name":"wp","href":"https:\/\/api.w.org\/{rel}","templated":true}]}}