{"id":30936,"date":"2025-10-17T23:24:18","date_gmt":"2025-10-17T23:24:18","guid":{"rendered":"https:\/\/bitcube.es\/?post_type=product&#038;p=30936"},"modified":"2025-10-17T23:24:51","modified_gmt":"2025-10-17T23:24:51","slug":"elphapex-dg-hydro-1","status":"publish","type":"product","link":"https:\/\/bitcube.es\/es_es\/producto\/elphapex-dg-hydro-1\/","title":{"rendered":"ElphaPex DG Hydro 1"},"content":{"rendered":"<p><span class=\"relative -mx-px my-[-0.2rem] rounded px-px py-[0.2rem] transition-colors duration-100 ease-in-out\">El <strong data-start=\"3\" data-end=\"26\">ElphaPex DG Hydro 1<\/strong> es una opci\u00f3n destacada para mineros profesionales que buscan maximizar su rendimiento en la miner\u00eda de criptomonedas basadas en el algoritmo Scrypt.<\/span> <span class=\"relative -mx-px my-[-0.2rem] rounded px-px py-[0.2rem] transition-colors duration-100 ease-in-out\">Su combinaci\u00f3n de alta tasa de hash, eficiencia energ\u00e9tica y sistema de refrigeraci\u00f3n l\u00edquida lo convierte en una herramienta poderosa para operaciones a gran escala.<\/span> <span class=\"relative -mx-px my-[-0.2rem] rounded px-px py-[0.2rem] transition-colors duration-100 ease-in-out\">Es recomendable considerar los costos operativos y la rentabilidad estimada antes de realizar una inversi\u00f3n.<\/span><\/p>\n<p>[asicminer_widget miner=\u00bbelphapex\/dg-hydro-1&#8243;]<\/p>\n","protected":false},"excerpt":{"rendered":"<p>El ElphaPex DG Hydro 1 es una opci\u00f3n destacada para mineros profesionales que buscan maximizar su rendimiento en la miner\u00eda de criptomonedas basadas en el algoritmo Scrypt. Su combinaci\u00f3n de alta tasa de hash, eficiencia energ\u00e9tica y sistema de refrigeraci\u00f3n l\u00edquida lo convierte en una herramienta poderosa para operaciones a gran escala. Es recomendable considerar [&hellip;]<\/p>\n","protected":false},"featured_media":30980,"comment_status":"open","ping_status":"closed","template":"","meta":[],"product_brand":[],"product_cat":[19],"product_tag":[282,138,137],"class_list":{"0":"post-30936","1":"product","2":"type-product","3":"status-publish","4":"has-post-thumbnail","6":"product_cat-mineros","7":"product_tag-gme","8":"product_tag-mineros-para-avanzados","9":"product_tag-mineros-para-principiantes","11":"first","12":"instock","13":"shipping-taxable","14":"purchasable","15":"product-type-simple"},"_links":{"self":[{"href":"https:\/\/bitcube.es\/es_es\/wp-json\/wp\/v2\/product\/30936","targetHints":{"allow":["GET"]}}],"collection":[{"href":"https:\/\/bitcube.es\/es_es\/wp-json\/wp\/v2\/product"}],"about":[{"href":"https:\/\/bitcube.es\/es_es\/wp-json\/wp\/v2\/types\/product"}],"replies":[{"embeddable":true,"href":"https:\/\/bitcube.es\/es_es\/wp-json\/wp\/v2\/comments?post=30936"}],"wp:featuredmedia":[{"embeddable":true,"href":"https:\/\/bitcube.es\/es_es\/wp-json\/wp\/v2\/media\/30980"}],"wp:attachment":[{"href":"https:\/\/bitcube.es\/es_es\/wp-json\/wp\/v2\/media?parent=30936"}],"wp:term":[{"taxonomy":"product_brand","embeddable":true,"href":"https:\/\/bitcube.es\/es_es\/wp-json\/wp\/v2\/product_brand?post=30936"},{"taxonomy":"product_cat","embeddable":true,"href":"https:\/\/bitcube.es\/es_es\/wp-json\/wp\/v2\/product_cat?post=30936"},{"taxonomy":"product_tag","embeddable":true,"href":"https:\/\/bitcube.es\/es_es\/wp-json\/wp\/v2\/product_tag?post=30936"}],"curies":[{"name":"wp","href":"https:\/\/api.w.org\/{rel}","templated":true}]}}