{"id":30961,"date":"2025-10-17T23:24:43","date_gmt":"2025-10-17T23:24:43","guid":{"rendered":"https:\/\/bitcube.es\/?post_type=product&#038;p=30961"},"modified":"2025-10-17T23:25:06","modified_gmt":"2025-10-17T23:25:06","slug":"goldshell-ae-box","status":"publish","type":"product","link":"https:\/\/bitcube.es\/es_es\/producto\/goldshell-ae-box\/","title":{"rendered":"Goldshell AE-BOX"},"content":{"rendered":"<p>La Goldshell AE-BOX es un minero compacto y eficiente dise\u00f1ado espec\u00edficamente para la miner\u00eda de Aeternity (AE). Con una tasa de hash de 37 MH\/s y un consumo de 360W, ofrece una soluci\u00f3n equilibrada para quienes buscan una opci\u00f3n de miner\u00eda con bajo consumo energ\u00e9tico y buen rendimiento. Su dise\u00f1o compacto y f\u00e1cil configuraci\u00f3n la hace ideal para usuarios dom\u00e9sticos o peque\u00f1as operaciones de miner\u00eda.<\/p>\n<p>[asicminer_widget miner=\u00bbgoldshell\/ae-box\u00bb]<\/p>\n<h2 class=\"\" data-start=\"202\" data-end=\"233\">\ud83d\udd27 Especificaciones T\u00e9cnicas<\/h2>\n<table class=\"w-full\">\n<tbody>\n<tr class=\"odd:bg-transparent even:bg-gray-1 odd:dark:bg-transparent even:dark:bg-black\/80\">\n<td class=\"min-w-40 py-1 pl-2\">Fabricante<\/td>\n<td class=\"pr-2 text-right\">Goldshell<\/td>\n<\/tr>\n<tr class=\"odd:bg-transparent even:bg-gray-1 odd:dark:bg-transparent even:dark:bg-black\/80\">\n<td class=\"min-w-40 py-1 pl-2\">Modelo<\/td>\n<td class=\"pr-2 text-right\">AE-BOX<\/td>\n<\/tr>\n<tr class=\"odd:bg-transparent even:bg-gray-1 odd:dark:bg-transparent even:dark:bg-black\/80\">\n<td class=\"min-w-40 py-1 pl-2\">Tambi\u00e9n conocido como<\/td>\n<td class=\"pr-2 text-right\">Goldshell AE-BOX ALEO Miner<\/td>\n<\/tr>\n<tr class=\"odd:bg-transparent even:bg-gray-1 odd:dark:bg-transparent even:dark:bg-black\/80\">\n<td class=\"min-w-40 py-1 pl-2\">Lanzamiento<\/td>\n<td class=\"pr-2 text-right\">Feb 2025<\/td>\n<\/tr>\n<tr class=\"odd:bg-transparent even:bg-gray-1 odd:dark:bg-transparent even:dark:bg-black\/80\">\n<td class=\"min-w-40 py-1 pl-2\">Tama\u00f1o<\/td>\n<td class=\"pr-2 text-right\">198 x 150 x 95mm<\/td>\n<\/tr>\n<tr class=\"odd:bg-transparent even:bg-gray-1 odd:dark:bg-transparent even:dark:bg-black\/80\">\n<td class=\"min-w-40 py-1 pl-2\">Peso<\/td>\n<td class=\"pr-2 text-right\">2300g<\/td>\n<\/tr>\n<tr class=\"odd:bg-transparent even:bg-gray-1 odd:dark:bg-transparent even:dark:bg-black\/80\">\n<td class=\"min-w-40 py-1 pl-2\">Nivel de ruido<\/td>\n<td class=\"pr-2 text-right\">35dB<\/td>\n<\/tr>\n<tr class=\"odd:bg-transparent even:bg-gray-1 odd:dark:bg-transparent even:dark:bg-black\/80\">\n<td class=\"min-w-40 py-1 pl-2\">Potencia<\/td>\n<td class=\"pr-2 text-right\">360W<\/td>\n<\/tr>\n<tr class=\"odd:bg-transparent even:bg-gray-1 odd:dark:bg-transparent even:dark:bg-black\/80\">\n<td class=\"min-w-40 py-1 pl-2\">Interfaz<\/td>\n<td class=\"pr-2 text-right\">Ethernet \/ Wifi<\/td>\n<\/tr>\n<tr class=\"odd:bg-transparent even:bg-gray-1 odd:dark:bg-transparent even:dark:bg-black\/80\">\n<td class=\"min-w-40 py-1 pl-2\">Temperatura<\/td>\n<td class=\"pr-2 text-right\">5 &#8211; 45 \u00b0C<\/td>\n<\/tr>\n<tr class=\"odd:bg-transparent even:bg-gray-1 odd:dark:bg-transparent even:dark:bg-black\/80\">\n<td class=\"min-w-40 py-1 pl-2\">Humedad<\/td>\n<td class=\"pr-2 text-right\">5 &#8211; 95 %<\/td>\n<\/tr>\n<\/tbody>\n<\/table>\n","protected":false},"excerpt":{"rendered":"<p>La Goldshell AE-BOX es un minero compacto y eficiente dise\u00f1ado espec\u00edficamente para la miner\u00eda de Aeternity (AE). Con una tasa de hash de 37 MH\/s y un consumo de 360W, ofrece una soluci\u00f3n equilibrada para quienes buscan una opci\u00f3n de miner\u00eda con bajo consumo energ\u00e9tico y buen rendimiento. Su dise\u00f1o compacto y f\u00e1cil configuraci\u00f3n la [&hellip;]<\/p>\n","protected":false},"featured_media":30987,"comment_status":"open","ping_status":"closed","template":"","meta":[],"product_brand":[],"product_cat":[19],"product_tag":[282,137],"class_list":{"0":"post-30961","1":"product","2":"type-product","3":"status-publish","4":"has-post-thumbnail","6":"product_cat-mineros","7":"product_tag-gme","8":"product_tag-mineros-para-principiantes","10":"first","11":"outofstock","12":"sale","13":"shipping-taxable","14":"purchasable","15":"product-type-simple"},"_links":{"self":[{"href":"https:\/\/bitcube.es\/es_es\/wp-json\/wp\/v2\/product\/30961","targetHints":{"allow":["GET"]}}],"collection":[{"href":"https:\/\/bitcube.es\/es_es\/wp-json\/wp\/v2\/product"}],"about":[{"href":"https:\/\/bitcube.es\/es_es\/wp-json\/wp\/v2\/types\/product"}],"replies":[{"embeddable":true,"href":"https:\/\/bitcube.es\/es_es\/wp-json\/wp\/v2\/comments?post=30961"}],"wp:featuredmedia":[{"embeddable":true,"href":"https:\/\/bitcube.es\/es_es\/wp-json\/wp\/v2\/media\/30987"}],"wp:attachment":[{"href":"https:\/\/bitcube.es\/es_es\/wp-json\/wp\/v2\/media?parent=30961"}],"wp:term":[{"taxonomy":"product_brand","embeddable":true,"href":"https:\/\/bitcube.es\/es_es\/wp-json\/wp\/v2\/product_brand?post=30961"},{"taxonomy":"product_cat","embeddable":true,"href":"https:\/\/bitcube.es\/es_es\/wp-json\/wp\/v2\/product_cat?post=30961"},{"taxonomy":"product_tag","embeddable":true,"href":"https:\/\/bitcube.es\/es_es\/wp-json\/wp\/v2\/product_tag?post=30961"}],"curies":[{"name":"wp","href":"https:\/\/api.w.org\/{rel}","templated":true}]}}