{"id":31026,"date":"2025-10-17T23:25:36","date_gmt":"2025-10-17T23:25:36","guid":{"rendered":"https:\/\/bitcube.es\/?post_type=product&#038;p=31026"},"modified":"2025-10-17T23:26:18","modified_gmt":"2025-10-17T23:26:18","slug":"bitmain-antminer-s19-xp-hyd-279th","status":"publish","type":"product","link":"https:\/\/bitcube.es\/es_es\/producto\/bitmain-antminer-s19-xp-hyd-279th\/","title":{"rendered":"Bitmain Antminer S19 XP+ Hyd 279Th"},"content":{"rendered":"<p>El Bitmain Antminer S19 XP+ Hyd (279Th) es un equipo ASIC desarrollado para la miner\u00eda con el algoritmo SHA-256, enfocado principalmente en Bitcoin (BTC). Alcanza una tasa de hash m\u00e1xima de 279Th\/s con un consumo energ\u00e9tico de 5301W, lo que se traduce en una eficiencia de 19J\/Th.<\/p>\n<p>Garant\u00eda total de 1 a\u00f1o. Protege tanto piezas como mano de obra y te da acceso a nuestro soporte t\u00e9cnico especializado. Ante cualquier incidencia, solo tienes que abrir un ticket en tu \u00e1rea de cliente: nos ocupamos de la reparaci\u00f3n o sustituci\u00f3n sin coste a\u00f1adido.<\/p>\n<p>[asicminer_widget miner=\u00bbbitmain\/antminer-s19-xp-plus-hyd-279th\u00bb]<\/p>\n<div class=\"mb-4\">\n<h3 class=\"\" data-start=\"166\" data-end=\"198\">\ud83d\udd27 Especificaciones T\u00e9cnicas<\/h3>\n<\/div>\n<table class=\"w-full\">\n<tbody>\n<tr class=\"odd:bg-transparent even:bg-gray-1 odd:dark:bg-transparent even:dark:bg-black\/80\">\n<td class=\"min-w-40 py-1 pl-2\">Fabricante<\/td>\n<td class=\"pr-2 text-right\">Bitmain<\/td>\n<\/tr>\n<tr class=\"odd:bg-transparent even:bg-gray-1 odd:dark:bg-transparent even:dark:bg-black\/80\">\n<td class=\"min-w-40 py-1 pl-2\">Modelo<\/td>\n<td class=\"pr-2 text-right\">Antminer S19 XP+ Hyd (279Th)<\/td>\n<\/tr>\n<tr class=\"odd:bg-transparent even:bg-gray-1 odd:dark:bg-transparent even:dark:bg-black\/80\">\n<td class=\"min-w-40 py-1 pl-2\">Tambi\u00e9n conocido como<\/td>\n<td class=\"pr-2 text-right\">Antminer S19 XP+ Hydro (279Th)<\/td>\n<\/tr>\n<tr class=\"odd:bg-transparent even:bg-gray-1 odd:dark:bg-transparent even:dark:bg-black\/80\">\n<td class=\"min-w-40 py-1 pl-2\">Lanzamiento<\/td>\n<td class=\"pr-2 text-right\">Jan 2025<\/td>\n<\/tr>\n<tr class=\"odd:bg-transparent even:bg-gray-1 odd:dark:bg-transparent even:dark:bg-black\/80\">\n<td class=\"min-w-40 py-1 pl-2\">Tama\u00f1o<\/td>\n<td class=\"pr-2 text-right\">410 x 170 x 209mm<\/td>\n<\/tr>\n<tr class=\"odd:bg-transparent even:bg-gray-1 odd:dark:bg-transparent even:dark:bg-black\/80\">\n<td class=\"min-w-40 py-1 pl-2\">Peso<\/td>\n<td class=\"pr-2 text-right\">13400g<\/td>\n<\/tr>\n<tr class=\"odd:bg-transparent even:bg-gray-1 odd:dark:bg-transparent even:dark:bg-black\/80\">\n<td class=\"min-w-40 py-1 pl-2\">Nivel de ruido<\/td>\n<td class=\"pr-2 text-right\">50dB<\/td>\n<\/tr>\n<tr class=\"odd:bg-transparent even:bg-gray-1 odd:dark:bg-transparent even:dark:bg-black\/80\">\n<td class=\"min-w-40 py-1 pl-2\">Refrigeraci\u00f3n<\/td>\n<td class=\"pr-2 text-right\">Hydro cooling<\/td>\n<\/tr>\n<tr class=\"odd:bg-transparent even:bg-gray-1 odd:dark:bg-transparent even:dark:bg-black\/80\">\n<td class=\"min-w-40 py-1 pl-2\">Potencia<\/td>\n<td class=\"pr-2 text-right\">5301W<\/td>\n<\/tr>\n<tr class=\"odd:bg-transparent even:bg-gray-1 odd:dark:bg-transparent even:dark:bg-black\/80\">\n<td class=\"min-w-40 py-1 pl-2\">Interfaz<\/td>\n<td class=\"pr-2 text-right\">Ethernet<\/td>\n<\/tr>\n<tr class=\"odd:bg-transparent even:bg-gray-1 odd:dark:bg-transparent even:dark:bg-black\/80\">\n<td class=\"min-w-40 py-1 pl-2\">Temperatura<\/td>\n<td class=\"pr-2 text-right\">5 &#8211; 40 \u00b0C<\/td>\n<\/tr>\n<tr class=\"odd:bg-transparent even:bg-gray-1 odd:dark:bg-transparent even:dark:bg-black\/80\">\n<td class=\"min-w-40 py-1 pl-2\">Humedad<\/td>\n<td class=\"pr-2 text-right\">10 &#8211; 90 %<\/td>\n<\/tr>\n<\/tbody>\n<\/table>\n<p>&nbsp;<\/p>\n<p>&nbsp;<\/p>\n<p>&nbsp;<\/p>\n<p>&nbsp;<\/p>\n<p>&nbsp;<\/p>\n","protected":false},"excerpt":{"rendered":"<p>El Bitmain Antminer S19 XP+ Hyd (279Th) es un equipo ASIC desarrollado para la miner\u00eda con el algoritmo SHA-256, enfocado principalmente en Bitcoin (BTC). Alcanza una tasa de hash m\u00e1xima de 279Th\/s con un consumo energ\u00e9tico de 5301W, lo que se traduce en una eficiencia de 19J\/Th. Garant\u00eda total de 1 a\u00f1o. Protege tanto piezas [&hellip;]<\/p>\n","protected":false},"featured_media":31066,"comment_status":"open","ping_status":"closed","template":"","meta":[],"product_brand":[],"product_cat":[19],"product_tag":[282,139],"class_list":{"0":"post-31026","1":"product","2":"type-product","3":"status-publish","4":"has-post-thumbnail","6":"product_cat-mineros","7":"product_tag-gme","8":"product_tag-mineros-para-expertos","10":"first","11":"instock","12":"shipping-taxable","13":"purchasable","14":"product-type-simple"},"_links":{"self":[{"href":"https:\/\/bitcube.es\/es_es\/wp-json\/wp\/v2\/product\/31026","targetHints":{"allow":["GET"]}}],"collection":[{"href":"https:\/\/bitcube.es\/es_es\/wp-json\/wp\/v2\/product"}],"about":[{"href":"https:\/\/bitcube.es\/es_es\/wp-json\/wp\/v2\/types\/product"}],"replies":[{"embeddable":true,"href":"https:\/\/bitcube.es\/es_es\/wp-json\/wp\/v2\/comments?post=31026"}],"wp:featuredmedia":[{"embeddable":true,"href":"https:\/\/bitcube.es\/es_es\/wp-json\/wp\/v2\/media\/31066"}],"wp:attachment":[{"href":"https:\/\/bitcube.es\/es_es\/wp-json\/wp\/v2\/media?parent=31026"}],"wp:term":[{"taxonomy":"product_brand","embeddable":true,"href":"https:\/\/bitcube.es\/es_es\/wp-json\/wp\/v2\/product_brand?post=31026"},{"taxonomy":"product_cat","embeddable":true,"href":"https:\/\/bitcube.es\/es_es\/wp-json\/wp\/v2\/product_cat?post=31026"},{"taxonomy":"product_tag","embeddable":true,"href":"https:\/\/bitcube.es\/es_es\/wp-json\/wp\/v2\/product_tag?post=31026"}],"curies":[{"name":"wp","href":"https:\/\/api.w.org\/{rel}","templated":true}]}}