{"id":31184,"date":"2025-10-17T23:27:56","date_gmt":"2025-10-17T23:27:56","guid":{"rendered":"https:\/\/bitcube.es\/?post_type=product&#038;p=31184"},"modified":"2025-10-17T23:28:02","modified_gmt":"2025-10-17T23:28:02","slug":"reserva-proto-rig-819-th-s-sha-256","status":"publish","type":"product","link":"https:\/\/bitcube.es\/es_es\/producto\/reserva-proto-rig-819-th-s-sha-256\/","title":{"rendered":"Reserva Proto Rig \u2013 819 TH\/s | SHA-256"},"content":{"rendered":"<h3 data-start=\"217\" data-end=\"266\">Potencia extrema para la miner\u00eda de Bitcoin<\/h3>\n<p data-start=\"267\" data-end=\"587\">El <strong data-start=\"270\" data-end=\"283\">Proto Rig<\/strong> es el minero de nueva generaci\u00f3n dise\u00f1ado para quienes buscan <strong data-start=\"346\" data-end=\"381\">m\u00e1ximo rendimiento y eficiencia<\/strong> en la miner\u00eda de <strong data-start=\"399\" data-end=\"434\">Bitcoin y criptomonedas SHA-256<\/strong>. Con un <strong data-start=\"443\" data-end=\"467\">hashrate de 819 TH\/s<\/strong>, este equipo se coloca en la cima de la potencia de c\u00f3mputo, ideal para <strong data-start=\"540\" data-end=\"565\">granjas profesionales<\/strong> y centros de datos.<\/p>\n<p data-start=\"589\" data-end=\"878\">Gracias a su dise\u00f1o <strong data-start=\"609\" data-end=\"620\">modular<\/strong> con <strong data-start=\"625\" data-end=\"641\">9 hashboards<\/strong>, el Proto Rig ofrece una arquitectura f\u00e1cil de mantener, reparar y escalar. Sus <strong data-start=\"722\" data-end=\"760\">6 ventiladores de alto rendimiento<\/strong> garantizan un flujo de aire constante, manteniendo temperaturas estables incluso en operaciones continuas las 24\/7.<\/p>\n<p data-start=\"880\" data-end=\"1090\">Con un <strong data-start=\"887\" data-end=\"921\">consumo energ\u00e9tico de 12 000 W<\/strong>, logra una <strong data-start=\"933\" data-end=\"961\">eficiencia de 14.65 J\/TH<\/strong>, optimizando el equilibrio entre <strong data-start=\"995\" data-end=\"1037\">potencia de minado y costes el\u00e9ctricos<\/strong>, un factor clave en la rentabilidad a gran escala.<\/p>\n<p data-start=\"1092\" data-end=\"1355\">Fabricado con los m\u00e1s altos est\u00e1ndares de calidad, el <strong data-start=\"1146\" data-end=\"1159\">Proto Rig<\/strong> es la soluci\u00f3n perfecta para quienes desean <strong data-start=\"1204\" data-end=\"1253\">llevar su operaci\u00f3n minera al siguiente nivel<\/strong>. Adem\u00e1s, cuenta con <strong data-start=\"1274\" data-end=\"1303\">1 a\u00f1o de garant\u00eda oficial<\/strong>, asegurando respaldo y confianza en tu inversi\u00f3n.<\/p>\n<h2 data-start=\"1362\" data-end=\"1393\">\ud83d\udcca Especificaciones t\u00e9cnicas<\/h2>\n<div class=\"_tableContainer_1rjym_1\">\n<div class=\"_tableWrapper_1rjym_13 group flex w-fit flex-col-reverse\" tabindex=\"-1\">\n<table class=\"w-fit min-w-(--thread-content-width)\" data-start=\"1395\" data-end=\"3165\">\n<thead data-start=\"1395\" data-end=\"1499\">\n<tr data-start=\"1395\" data-end=\"1499\">\n<th data-start=\"1395\" data-end=\"1423\" data-col-size=\"sm\"><strong data-start=\"1397\" data-end=\"1415\">Especificaci\u00f3n<\/strong><\/th>\n<th data-start=\"1423\" data-end=\"1499\" data-col-size=\"md\"><strong data-start=\"1425\" data-end=\"1436\">Detalle<\/strong><\/th>\n<\/tr>\n<\/thead>\n<tbody data-start=\"1606\" data-end=\"3165\">\n<tr data-start=\"1606\" data-end=\"1709\">\n<td data-start=\"1606\" data-end=\"1634\" data-col-size=\"sm\"><strong data-start=\"1608\" data-end=\"1621\">Algoritmo<\/strong><\/td>\n<td data-start=\"1634\" data-end=\"1709\" data-col-size=\"md\">SHA-256 (Bitcoin, Bitcoin Cash, entre otros)<\/td>\n<\/tr>\n<tr data-start=\"1710\" data-end=\"1813\">\n<td data-start=\"1710\" data-end=\"1738\" data-col-size=\"sm\"><strong data-start=\"1712\" data-end=\"1724\">Hashrate<\/strong><\/td>\n<td data-start=\"1738\" data-end=\"1813\" data-col-size=\"md\">819 TH\/s (\u00b15 %)<\/td>\n<\/tr>\n<tr data-start=\"1814\" data-end=\"1917\">\n<td data-start=\"1814\" data-end=\"1842\" data-col-size=\"sm\"><strong data-start=\"1816\" data-end=\"1838\">Consumo energ\u00e9tico<\/strong><\/td>\n<td data-start=\"1842\" data-end=\"1917\" data-col-size=\"md\">12 000 W (\u00b15 %)<\/td>\n<\/tr>\n<tr data-start=\"1918\" data-end=\"2021\">\n<td data-start=\"1918\" data-end=\"1946\" data-col-size=\"sm\"><strong data-start=\"1920\" data-end=\"1945\">Eficiencia energ\u00e9tica<\/strong><\/td>\n<td data-start=\"1946\" data-end=\"2021\" data-col-size=\"md\">\u2248 14.65 J\/TH<\/td>\n<\/tr>\n<tr data-start=\"2022\" data-end=\"2125\">\n<td data-start=\"2022\" data-end=\"2050\" data-col-size=\"sm\"><strong data-start=\"2024\" data-end=\"2044\">Dimensiones (mm)<\/strong><\/td>\n<td data-start=\"2050\" data-end=\"2125\" data-col-size=\"md\">390 \u00d7 290 \u00d7 500<\/td>\n<\/tr>\n<tr data-start=\"2126\" data-end=\"2229\">\n<td data-start=\"2126\" data-end=\"2154\" data-col-size=\"sm\"><strong data-start=\"2128\" data-end=\"2136\">Peso<\/strong><\/td>\n<td data-start=\"2154\" data-end=\"2229\" data-col-size=\"md\">50 kg<\/td>\n<\/tr>\n<tr data-start=\"2230\" data-end=\"2333\">\n<td data-start=\"2230\" data-end=\"2258\" data-col-size=\"sm\"><strong data-start=\"2232\" data-end=\"2251\">Placas de chips<\/strong><\/td>\n<td data-start=\"2258\" data-end=\"2333\" data-col-size=\"md\">9 hashboards<\/td>\n<\/tr>\n<tr data-start=\"2334\" data-end=\"2437\">\n<td data-start=\"2334\" data-end=\"2362\" data-col-size=\"sm\"><strong data-start=\"2336\" data-end=\"2354\">Nivel de ruido<\/strong><\/td>\n<td data-start=\"2362\" data-end=\"2437\" data-col-size=\"md\">80 dB<\/td>\n<\/tr>\n<tr data-start=\"2438\" data-end=\"2541\">\n<td data-start=\"2438\" data-end=\"2466\" data-col-size=\"sm\"><strong data-start=\"2440\" data-end=\"2456\">Ventiladores<\/strong><\/td>\n<td data-start=\"2466\" data-end=\"2541\" data-col-size=\"md\">6 unidades<\/td>\n<\/tr>\n<tr data-start=\"2542\" data-end=\"2645\">\n<td data-start=\"2542\" data-end=\"2570\" data-col-size=\"sm\"><strong data-start=\"2544\" data-end=\"2555\">Voltaje<\/strong><\/td>\n<td data-start=\"2570\" data-end=\"2645\" data-col-size=\"md\">208\u2013240 V<\/td>\n<\/tr>\n<tr data-start=\"2646\" data-end=\"2749\">\n<td data-start=\"2646\" data-end=\"2674\" data-col-size=\"sm\"><strong data-start=\"2648\" data-end=\"2664\">Conectividad<\/strong><\/td>\n<td data-start=\"2674\" data-end=\"2749\" data-col-size=\"md\">Ethernet<\/td>\n<\/tr>\n<tr data-start=\"2750\" data-end=\"2853\">\n<td data-start=\"2750\" data-end=\"2778\" data-col-size=\"sm\"><strong data-start=\"2752\" data-end=\"2777\">Temperatura operaci\u00f3n<\/strong><\/td>\n<td data-start=\"2778\" data-end=\"2853\" data-col-size=\"md\">5 \u00b0C \u2013 45 \u00b0C<\/td>\n<\/tr>\n<tr data-start=\"2854\" data-end=\"2957\">\n<td data-start=\"2854\" data-end=\"2882\" data-col-size=\"sm\"><strong data-start=\"2856\" data-end=\"2877\">Humedad operativa<\/strong><\/td>\n<td data-start=\"2882\" data-end=\"2957\" data-col-size=\"md\">10 % \u2013 90 % (sin condensaci\u00f3n)<\/td>\n<\/tr>\n<tr data-start=\"2958\" data-end=\"3061\">\n<td data-start=\"2958\" data-end=\"2986\" data-col-size=\"sm\"><strong data-start=\"2960\" data-end=\"2984\">Lanzamiento estimado<\/strong><\/td>\n<td data-start=\"2986\" data-end=\"3061\" data-col-size=\"md\">Septiembre 2025<\/td>\n<\/tr>\n<tr data-start=\"3062\" data-end=\"3165\">\n<td data-start=\"3062\" data-end=\"3090\" data-col-size=\"sm\"><strong data-start=\"3064\" data-end=\"3076\">Garant\u00eda<\/strong><\/td>\n<td data-start=\"3090\" data-end=\"3165\" data-col-size=\"md\">1 a\u00f1o<\/td>\n<\/tr>\n<tr data-start=\"3062\" data-end=\"3165\">\n<td data-start=\"3062\" data-end=\"3090\" data-col-size=\"sm\"><strong data-start=\"3064\" data-end=\"3076\">PSU<\/strong><\/td>\n<td data-start=\"3090\" data-end=\"3165\" data-col-size=\"md\">incluida<\/td>\n<\/tr>\n<tr data-start=\"3062\" data-end=\"3165\">\n<td data-start=\"3062\" data-end=\"3090\" data-col-size=\"sm\"><strong data-start=\"3064\" data-end=\"3076\">Hashrate<\/strong><\/td>\n<td data-start=\"3090\" data-end=\"3165\" data-col-size=\"md\">819 Th<\/td>\n<\/tr\n<\/tbody>\n<\/table>\n<\/div>\n<\/div>\n","protected":false},"excerpt":{"rendered":"<p>Potencia extrema para la miner\u00eda de Bitcoin El Proto Rig es el minero de nueva generaci\u00f3n dise\u00f1ado para quienes buscan m\u00e1ximo rendimiento y eficiencia en la miner\u00eda de Bitcoin y criptomonedas SHA-256. Con un hashrate de 819 TH\/s, este equipo se coloca en la cima de la potencia de c\u00f3mputo, ideal para granjas profesionales y [&hellip;]<\/p>\n","protected":false},"featured_media":31197,"comment_status":"open","ping_status":"closed","template":"","meta":[],"product_brand":[],"product_cat":[19],"product_tag":[282,138],"class_list":{"0":"post-31184","1":"product","2":"type-product","3":"status-publish","4":"has-post-thumbnail","6":"product_cat-mineros","7":"product_tag-gme","8":"product_tag-mineros-para-avanzados","10":"first","11":"instock","12":"shipping-taxable","13":"purchasable","14":"product-type-simple"},"_links":{"self":[{"href":"https:\/\/bitcube.es\/es_es\/wp-json\/wp\/v2\/product\/31184","targetHints":{"allow":["GET"]}}],"collection":[{"href":"https:\/\/bitcube.es\/es_es\/wp-json\/wp\/v2\/product"}],"about":[{"href":"https:\/\/bitcube.es\/es_es\/wp-json\/wp\/v2\/types\/product"}],"replies":[{"embeddable":true,"href":"https:\/\/bitcube.es\/es_es\/wp-json\/wp\/v2\/comments?post=31184"}],"wp:featuredmedia":[{"embeddable":true,"href":"https:\/\/bitcube.es\/es_es\/wp-json\/wp\/v2\/media\/31197"}],"wp:attachment":[{"href":"https:\/\/bitcube.es\/es_es\/wp-json\/wp\/v2\/media?parent=31184"}],"wp:term":[{"taxonomy":"product_brand","embeddable":true,"href":"https:\/\/bitcube.es\/es_es\/wp-json\/wp\/v2\/product_brand?post=31184"},{"taxonomy":"product_cat","embeddable":true,"href":"https:\/\/bitcube.es\/es_es\/wp-json\/wp\/v2\/product_cat?post=31184"},{"taxonomy":"product_tag","embeddable":true,"href":"https:\/\/bitcube.es\/es_es\/wp-json\/wp\/v2\/product_tag?post=31184"}],"curies":[{"name":"wp","href":"https:\/\/api.w.org\/{rel}","templated":true}]}}