{"id":30639,"date":"2025-10-17T23:19:57","date_gmt":"2025-10-17T23:19:57","guid":{"rendered":"https:\/\/bitcube.es\/?post_type=product&#038;p=30639"},"modified":"2025-10-17T23:20:04","modified_gmt":"2025-10-17T23:20:04","slug":"goldshell-lt5-pro-2-45g","status":"publish","type":"product","link":"https:\/\/bitcube.es\/fr\/produit\/goldshell-lt5-pro-2-45g\/","title":{"rendered":"Goldshell LT5 pro 2.45G"},"content":{"rendered":"<p>Esta m\u00e1quina fabricada por Goldshell tiene una potencia media de 2.450MHS, aunque tiene un consumo de 2.080\/H, lo que no est\u00e1 nada mal teniendo en cuenta los ingresos que genera. Se trata de la Goldshell LT5 PRO 2.45G<\/p>\n<p style=\"text-align: left;\"><em><strong>Nous connaissons tous le bitcoin, n'est-ce pas ? Eh bien, ceci pourrait vous int\u00e9resser.<\/strong><\/em><br \/>\nLiteCoin en un primer momento, fue una bifurcaci\u00f3n de Bitcoin, y es una de las criptomonedas que, a trav\u00e9s de la miner\u00eda con ASIC, puede garantizar rentabilidad al operador.<\/p>\n<h3 style=\"text-align: left;\"><strong>SCRYPT MINING :<\/strong><\/h3>\n<p style=\"text-align: left;\">Scrypt realiza un hash utilizado un clave y una serie de puntos marcados en el algoritmo, agregando mucho ruido. El ruido son n\u00fameros aleatorios generados por el propio<br \/>\nalgoritmo y almacenados en la memoria. El prop\u00f3sito de estos n\u00fameros es camuflar los datos claves para hacer m\u00e1s dif\u00edcil romper los bloques hash. En definitiva, es una medida protectora que evita que personas maliciosas puedan acceder a los datos protegidos con Scrypt.<\/p>\n<h3 style=\"text-align: left;\"><strong><a href=\"https:\/\/coinmarketcap.com\/es\/currencies\/litecoin\/\" target=\"_blank\" rel=\"noopener\">LITECOIN<\/a>:<\/strong><\/h3>\n<p style=\"text-align: left;\">LiteCoin es una cripto creada para proporcionar pagos seguros, baratos y r\u00e1pidos, gracias a la tecnolog\u00eda de cadena de bloques.<br \/>\nCuando decimos que es una bifurcaci\u00f3n de Bitcoin, es que literalmente fue pensada, as\u00ed como una versi\u00f3n \u201clite\u201d, peque\u00f1a, de la gran criptomoneda.<\/p>\n<p style=\"text-align: left;\">Esta red fue puesta en marcha el pasado 13 de octubre de 2011. Con 11 a\u00f1os de trayectoria ha conseguido tener la aceptaci\u00f3n entre los comerciantes y ha sido incluida entre las diez criptomonedas principales por capitalizaci\u00f3n de mercado para la mayor parte de su existencia.<\/p>\n<h3 style=\"text-align: left;\"><a href=\"https:\/\/coinmarketcap.com\/es\/currencies\/dogecoin\/\" target=\"_blank\" rel=\"noopener\"><strong>DOGECOIN :<\/strong><\/a><\/h3>\n<p style=\"text-align: left;\">Esta criptomoneda naci\u00f3 en el mercado como parte de un meme en 2013, pero m\u00e1s tarde su comunidad tom\u00f3 la decisi\u00f3n de cambiar la red al AUXPOW, fusion\u00e1ndose as\u00ed con la red de LTC en septiembre de 2014. Esta medida supuso que el valor de Dogecoin incrementara m\u00e1s de un 180% en tan s\u00f3lo unas pocas semanas. LiteCoin es la criptomoneda n\u00famero 7 m\u00e1s empleada por la capitalizaci\u00f3n de mercado, lo que ha permitido a Doge mejorar significativamente su seguridad, al contar con un poder de c\u00f3mputo mucho mayor.<\/p>\n<h3 style=\"text-align: left;\"><strong>GOLDSHELL:<\/strong><\/h3>\n<p style=\"text-align: left;\">Goldshell es reconocida como una de las empresas pioneras en el sector de la tecnolog\u00eda, especialmente de la red blockchain. Se ha centrado, especialmente, en la producci\u00f3n y venta de chips.<\/p>\n<p style=\"text-align: left;\">Esta empresa se distingue por haber producido y vendido servidores de potencia inform\u00e1tica de grandes proyectos como puede ser:<\/p>\n<p style=\"text-align: left;\">\u2013 LiteCoin: Goldshell LT5 PRO 2.45G<br \/>\n\u2013 Nervos Network: Goldshell\u00a0<a href=\"https:\/\/www.minandovoy.com\/es_es\/producto\/goldshell-ck6-19-3t\/\" target=\"_blank\" rel=\"noopener\">CK6 19.3T<\/a><br \/>\n\u2013 Handshake y SiaCoin: Goldshell HS6 4.3T<br \/>\nY obviamente Kadena, con el modelo KDMAX.<\/p>\n<p style=\"text-align: left;\">Goldshell destaca por su fuerte equipo central, que establece un sistema de operaci\u00f3n eficiente desde la investigaci\u00f3n de algoritmos, la implementaci\u00f3n de chips hasta la producci\u00f3n de lotes y su entrega, lleg\u00e1ndose a convertir as\u00ed en un excelente proveedor y un promovedor de la industria minera.<\/p>\n<p style=\"text-align: left;\">Es un excelente competidor, busca por ser el m\u00e1s pionero en nueva tecnolog\u00eda, mejora continuamente el rendimiento inform\u00e1tico y crea servicios eficientes para el desarrollo de la econom\u00eda digital.<\/p>\n<p>&nbsp;<\/p>","protected":false},"excerpt":{"rendered":"<p>Esta m\u00e1quina fabricada por Goldshell tiene una potencia media de 2.450MHS, aunque tiene un consumo de 2.080\/H, lo que no est\u00e1 nada mal teniendo en cuenta los ingresos que genera. Se trata de la Goldshell LT5 PRO 2.45G \u00bfA todos nos suena Bitcoin verdad? Pues quiz\u00e1s esto te interese. LiteCoin en un primer momento, fue [&hellip;]<\/p>","protected":false},"featured_media":30192,"comment_status":"open","ping_status":"closed","template":"","meta":[],"product_brand":[],"product_cat":[19],"product_tag":[52,138,137],"class_list":{"0":"post-30639","1":"product","2":"type-product","3":"status-publish","4":"has-post-thumbnail","6":"product_cat-mineros","7":"product_tag-asic","8":"product_tag-mineros-para-avanzados","9":"product_tag-mineros-para-principiantes","11":"first","12":"outofstock","13":"shipping-taxable","14":"purchasable","15":"product-type-simple"},"_links":{"self":[{"href":"https:\/\/bitcube.es\/fr\/wp-json\/wp\/v2\/product\/30639","targetHints":{"allow":["GET"]}}],"collection":[{"href":"https:\/\/bitcube.es\/fr\/wp-json\/wp\/v2\/product"}],"about":[{"href":"https:\/\/bitcube.es\/fr\/wp-json\/wp\/v2\/types\/product"}],"replies":[{"embeddable":true,"href":"https:\/\/bitcube.es\/fr\/wp-json\/wp\/v2\/comments?post=30639"}],"wp:featuredmedia":[{"embeddable":true,"href":"https:\/\/bitcube.es\/fr\/wp-json\/wp\/v2\/media\/30192"}],"wp:attachment":[{"href":"https:\/\/bitcube.es\/fr\/wp-json\/wp\/v2\/media?parent=30639"}],"wp:term":[{"taxonomy":"product_brand","embeddable":true,"href":"https:\/\/bitcube.es\/fr\/wp-json\/wp\/v2\/product_brand?post=30639"},{"taxonomy":"product_cat","embeddable":true,"href":"https:\/\/bitcube.es\/fr\/wp-json\/wp\/v2\/product_cat?post=30639"},{"taxonomy":"product_tag","embeddable":true,"href":"https:\/\/bitcube.es\/fr\/wp-json\/wp\/v2\/product_tag?post=30639"}],"curies":[{"name":"wp","href":"https:\/\/api.w.org\/{rel}","templated":true}]}}