{"id":30648,"date":"2025-10-17T23:19:58","date_gmt":"2025-10-17T23:19:58","guid":{"rendered":"https:\/\/bitcube.es\/?post_type=product&#038;p=30648"},"modified":"2025-10-17T23:20:07","modified_gmt":"2025-10-17T23:20:07","slug":"innosilicon-a11-pro-1500mhs","status":"publish","type":"product","link":"https:\/\/bitcube.es\/fr\/produit\/innosilicon-a11-pro-1500mhs\/","title":{"rendered":"Innosilicon A11 pro 1500mhs"},"content":{"rendered":"<div style=\"text-align: left;\">Innosilicon es uno de los mejores mineros ETH ASIC del mercado. El Innosilicon A11 pro 1500mhs 8G es el \u00faltimo y m\u00e1s avanzado minero ASIC. En comparaci\u00f3n con las plataformas de <a href=\"https:\/\/www.minandovoy.com\/es_es\/categoria\/mineros\/?algoritmos=ethash\" target=\"_blank\" rel=\"noopener\">miner\u00eda ETH<\/a> equipadas con GPU, Innosilicon A11 es m\u00e1s eficiente energ\u00e9ticamente y compacto.<\/div>\n<div style=\"text-align: left;\"><\/div>\n<div style=\"text-align: left;\">Con un Hashrate de 1500M lo convierte en uno de los modelos de miner\u00eda m\u00e1s rentables. Teniendo en cuenta el creciente tama\u00f1o de los archivos DAG de ETH, el Innosilicon A11 tiene una capacidad flash de 8\u202fGB.<\/div>\n<div style=\"text-align: left;\"><\/div>\n<div style=\"text-align: left;\">Los mineros principiantes deber\u00edan comprobar primero la existencia de ETH2.0 antes de comprar este equipo de mineria. El A11 podr\u00e1 minar ETC con actualizaciones de firmware. El firmware se lanzar\u00e1 despu\u00e9s de la publicaci\u00f3n de EPF 2.0.<\/div>\n<div style=\"text-align: center;\"><strong><img decoding=\"async\" src=\"https:\/\/c.tenor.com\/gON6g6pAbsgAAAAC\/ethereum.gif\" alt=\"Ethereum GIF - Ethereum - Descubre &amp; Comparte GIFs\" \/><\/strong><\/div>\n<div style=\"text-align: center;\"><\/div>\n<h2><b>Monedas que se pueden minar con Innosilicon A11 pro 1500mhs<\/b><\/h2>\n<p><span style=\"font-weight: 400;\">Lo ponemos de forma clara para que puedas entenderlo sin complicaciones. A continuaci\u00f3n se puede ver las monedas m\u00e1s importantes para el algoritmo EtHash del minero Innosilicon A11.<\/span><\/p>\n<ul>\n<li style=\"font-weight: 400;\"><a href=\"https:\/\/coinmarketcap.com\/es\/currencies\/ethereum-classic\/\" target=\"_blank\" rel=\"noopener\"><span style=\"font-weight: 400;\">Ethereum Classic (ETC)<\/span><\/a><\/li>\n<li style=\"font-weight: 400;\"><span style=\"font-weight: 400;\">Musicoin (MUSIC)<\/span><\/li>\n<li style=\"font-weight: 400;\"><span style=\"font-weight: 400;\">Ubiq (UBQ)<\/span><\/li>\n<\/ul>\n<h3><b><i>Caracter\u00edsticas\u00a0<\/i><\/b><\/h3>\n<ul>\n<li style=\"font-weight: 400;\"><span style=\"font-weight: 400;\">Fabricante Innosilicion<\/span><\/li>\n<li style=\"font-weight: 400;\"><span style=\"font-weight: 400;\">Modelo A11 Pro ETH (1500Mh)<\/span><\/li>\n<li style=\"font-weight: 400;\"><span style=\"font-weight: 400;\">Tambi\u00e9n conocido como A11 Pro ETHMiner 8G 1500Mh<\/span><\/li>\n<li style=\"font-weight: 400;\"><span style=\"font-weight: 400;\">Suelte<\/span> <span style=\"font-weight: 400;\">Noviembre de 2021<\/span><\/li>\n<li style=\"font-weight: 400;\"><span style=\"font-weight: 400;\">Nivel de ruido 75 db<\/span><\/li>\n<li style=\"font-weight: 400;\"><span style=\"font-weight: 400;\">Ventilador(es) 4<\/span><\/li>\n<li style=\"font-weight: 400;\"><span style=\"font-weight: 400;\">Potencia 2350\u202fW<\/span><\/li>\n<li style=\"font-weight: 400;\"><span style=\"font-weight: 400;\">Voltaje 12\u202fV<\/span><\/li>\n<li style=\"font-weight: 400;\"><span style=\"font-weight: 400;\">Interfaz Ethernet<\/span><\/li>\n<li style=\"font-weight: 400;\"><span style=\"font-weight: 400;\">Memoria 8\u202fGB<\/span><\/li>\n<li style=\"font-weight: 400;\"><span style=\"font-weight: 400;\">Temperatura 5 &#8211; 45 \u00b0C.<\/span><\/li>\n<li style=\"font-weight: 400;\"><span style=\"font-weight: 400;\">Humedad 5 &#8211; 95 %<\/span><\/li>\n<\/ul>\n<h3><b><i>Especificaciones de producto<\/i><\/b><\/h3>\n<ul>\n<li style=\"font-weight: 400;\"><span style=\"font-weight: 400;\">El nombre del producto A11 Pro ETH<\/span><\/li>\n<li style=\"font-weight: 400;\"><span style=\"font-weight: 400;\">Hashrate 1500MH\/s \u00b15% 25 \u00b0C.<\/span><\/li>\n<li style=\"font-weight: 400;\"><span style=\"font-weight: 400;\">2000MH\/s \u00b15% 25 \u00b0C.<\/span><\/li>\n<li style=\"font-weight: 400;\"><span style=\"font-weight: 400;\">La eficiencia energ\u00e9tica en la pared 1,25 J\/MH\u00a0 25 \u00b0C.<\/span><\/li>\n<li style=\"font-weight: 400;\"><span style=\"font-weight: 400;\">1.567\u202fJ\/MH 25 \u00b0C.<\/span><\/li>\n<li style=\"font-weight: 400;\"><span style=\"font-weight: 400;\">El poder en la pared 2000MH\/s \u00b15% 25 \u00b0C.<\/span><\/li>\n<li style=\"font-weight: 400;\"><span style=\"font-weight: 400;\">1500MH\/s \u00b15% 25 \u00b0C.<\/span><\/li>\n<li style=\"font-weight: 400;\"><span style=\"font-weight: 400;\">Tambi\u00e9n knoen como La minera ETH rey 11 Pro<\/span><\/li>\n<li style=\"font-weight: 400;\"><span style=\"font-weight: 400;\">La temperatura de trabajo<\/span> <span style=\"font-weight: 400;\">5-40 \u00b0C<\/span><\/li>\n<li style=\"font-weight: 400;\"><span style=\"font-weight: 400;\">8 GB de memoria 8 Gb<\/span><\/li>\n<li style=\"font-weight: 400;\"><span style=\"font-weight: 400;\">La interfaz de red RJ45 Ethernet 10\/100M<\/span><\/li>\n<li style=\"font-weight: 400;\"><span style=\"font-weight: 400;\">La temperatura de almacenamiento 5-45 \u00b0C<\/span><\/li>\n<li style=\"font-weight: 400;\"><span style=\"font-weight: 400;\">Humedad de funcionamiento(sin condensaci\u00f3n), DCH. El 5%~95%<\/span><\/li>\n<\/ul>\n<h3><b><i>\u00a0Nota<\/i><\/b> <b><i>\u00a0<\/i><\/b><\/h3>\n<ol>\n<li style=\"font-weight: 400;\"><span style=\"font-weight: 400;\">Incluyendo el tama\u00f1o de fuente de alimentaci\u00f3n<\/span><\/li>\n<li style=\"font-weight: 400;\"><span style=\"font-weight: 400;\">Incluyendo el peso de PSU<\/span><\/li>\n<\/ol>\n<h2><b>Acerca de Innosilicon<\/b><\/h2>\n<p><span style=\"font-weight: 400;\">Innosilicon es una empresa con 15 a\u00f1os de experiencia en el desarrollo de la propiedad intelectual, la computaci\u00f3n de alto rendimiento, la criptograf\u00eda, la IA de baja potencia y la nube IoT, la mejora de la banda ancha y, por supuesto, los productos ASIC de pr\u00f3xima generaci\u00f3n.<\/span><\/p>\n<p><span style=\"font-weight: 400;\">Es la \u00fanica empresa tecnol\u00f3gica china que tiene acceso a los procesadores de 5\u202fnm de Samsung y TMSC. Tambi\u00e9n han trabajado con empresas conocidas como Amazon, Google, Microchip, Micron, Microsoft y OnSemi.<\/span><\/p>\n<p><span style=\"font-weight: 400;\">La empresa, con visi\u00f3n de futuro, sigue trabajando en la mejora de las tecnolog\u00edas IP y ASIC. Lo que hace que la empresa sea experta en este campo son sus propios logros:<\/span><\/p>\n<ul>\n<li style=\"font-weight: 400;\"><span style=\"font-weight: 400;\">En 2018, Innosilicon fue la primera empresa en superar los obst\u00e1culos t\u00e9cnicos clave para la memoria GDDR6 de gran ancho de banda y lograr la producci\u00f3n en masa de GPU para la computaci\u00f3n de alto rendimiento.<\/span><\/li>\n<li style=\"font-weight: 400;\"><span style=\"font-weight: 400;\">En 2019, Innosilicon anunci\u00f3 la disponibilidad de la IP HDMI 2.1 con soporte para pantallas 4K\/8K y la IP SerDes con 32 Gbps de alta velocidad.<\/span><\/li>\n<li style=\"font-weight: 400;\"><span style=\"font-weight: 400;\">En 2020, introdujeron HBM2e e INNOLINK Chiplet, la plataforma est\u00e1ndar china para la computaci\u00f3n de alto rendimiento (CPU\/GPU\/NPU).<\/span><\/li>\n<li style=\"font-weight: 400;\"><span style=\"font-weight: 400;\">En 2021, Innosilicon lanzar\u00e1 el primer controlador IP GDDR6X y el primer PHY validado en silicio basado en los chips de memoria GDDR6X de Micron.<\/span><\/li>\n<\/ul>\n<p><span style=\"font-weight: 400;\">Sus a\u00f1os de experiencia han contribuido a capacitar a millones de personas utilizando tecnolog\u00edas de vanguardia.<\/span><\/p>","protected":false},"excerpt":{"rendered":"<p>Innosilicon es uno de los mejores mineros ETH ASIC del mercado. El Innosilicon A11 pro 1500mhs 8G es el \u00faltimo y m\u00e1s avanzado minero ASIC. En comparaci\u00f3n con las plataformas de miner\u00eda ETH equipadas con GPU, Innosilicon A11 es m\u00e1s eficiente energ\u00e9ticamente y compacto. Con un Hashrate de 1500M lo convierte en uno de los [&hellip;]<\/p>","protected":false},"featured_media":30215,"comment_status":"open","ping_status":"closed","template":"","meta":[],"product_brand":[],"product_cat":[19],"product_tag":[138,139],"class_list":{"0":"post-30648","1":"product","2":"type-product","3":"status-publish","4":"has-post-thumbnail","6":"product_cat-mineros","7":"product_tag-mineros-para-avanzados","8":"product_tag-mineros-para-expertos","10":"first","11":"outofstock","12":"shipping-taxable","13":"purchasable","14":"product-type-simple"},"_links":{"self":[{"href":"https:\/\/bitcube.es\/fr\/wp-json\/wp\/v2\/product\/30648","targetHints":{"allow":["GET"]}}],"collection":[{"href":"https:\/\/bitcube.es\/fr\/wp-json\/wp\/v2\/product"}],"about":[{"href":"https:\/\/bitcube.es\/fr\/wp-json\/wp\/v2\/types\/product"}],"replies":[{"embeddable":true,"href":"https:\/\/bitcube.es\/fr\/wp-json\/wp\/v2\/comments?post=30648"}],"wp:featuredmedia":[{"embeddable":true,"href":"https:\/\/bitcube.es\/fr\/wp-json\/wp\/v2\/media\/30215"}],"wp:attachment":[{"href":"https:\/\/bitcube.es\/fr\/wp-json\/wp\/v2\/media?parent=30648"}],"wp:term":[{"taxonomy":"product_brand","embeddable":true,"href":"https:\/\/bitcube.es\/fr\/wp-json\/wp\/v2\/product_brand?post=30648"},{"taxonomy":"product_cat","embeddable":true,"href":"https:\/\/bitcube.es\/fr\/wp-json\/wp\/v2\/product_cat?post=30648"},{"taxonomy":"product_tag","embeddable":true,"href":"https:\/\/bitcube.es\/fr\/wp-json\/wp\/v2\/product_tag?post=30648"}],"curies":[{"name":"wp","href":"https:\/\/api.w.org\/{rel}","templated":true}]}}