{"id":30663,"date":"2025-10-17T23:20:13","date_gmt":"2025-10-17T23:20:13","guid":{"rendered":"https:\/\/bitcube.es\/?post_type=product&#038;p=30663"},"modified":"2025-10-17T23:20:20","modified_gmt":"2025-10-17T23:20:20","slug":"avalon-1166-pro-72t","status":"publish","type":"product","link":"https:\/\/bitcube.es\/fr\/produit\/avalon-1166-pro-72t\/","title":{"rendered":"Avalon 1166 PRO 72T"},"content":{"rendered":"<p style=\"text-align: center;\"><em>EL PREDECESOR DE LA FAMOSA AVALON 1066, ESTE MODELO, EL AVALON 1166 PRO, CUENTA CON UN HASHRATE M\u00c1XIMO DE 72TH Y UN CONSUMO DE ENERG\u00cdA DE 3450W LA HORA.<\/em><\/p>\n<div>El minero de bitcoin\u00a0<strong>Avalon 1166 PRO 72T<\/strong>\u00a0de Canaan es uno de los ASIC de<a href=\"https:\/\/www.minandovoy.com\/tienda\/?algoritmos=sha-256\" target=\"_blank\" rel=\"noopener\">\u00a0miner\u00eda de bitcoin<\/a> m\u00e1s potentes y eficientes fabricados por Canaan. El bitcoinminer Avalon 1166 PRO 72T genera 72 TH\/s (0% a +3%) y consume solo 3450 W con un rango (-5% a +8%).<\/div>\n<div><\/div>\n<div><\/div>\n<h1><b>Caracter\u00edsticas principales del Avalon 1166 PRO 72T de Canaan<\/b><\/h1>\n<p>Es uno de los hashrates m\u00e1s altos de esta industria. El minero fue lanzado en septiembre de 2019 con numerosas mejoras. Ning\u00fan otro minero de Canaan se acercaba al hashrate producido por este minero. No es de extra\u00f1ar que los fabricantes quisieran superar a todas las dem\u00e1s unidades. Este ASIC fue l\u00edder en ventas 2019-2020.<\/p>\n<h3><b><i>El algoritmo\u00a0<\/i><\/b><\/h3>\n<p>Utiliza el algoritmo SHA-256, lo que significa que Bitcoin es la moneda m\u00e1s importante. El algoritmo es el mejor a la hora de minar esta moneda y otras relacionadas con el Bitcoin. Todas las monedas minadas con este algoritmo son rentables. El minero tambi\u00e9n utiliza un chip A3205. El tama\u00f1o del chip es de 16 nm, lo que es suficiente para una velocidad de 50th\/s.<\/p>\n<h3><b><i>Nivel de sonido y ruido<\/i><\/b><\/h3>\n<p>Debido a los cuatro ventiladores, la refrigeraci\u00f3n del minero es algo<a href=\"https:\/\/youtu.be\/wh7-SAeqDMU\" target=\"_blank\" rel=\"noopener\">\u00a0ruidosa<\/a>. El nivel m\u00e1ximo de ruido es de 75 dB, lo que significa que la m\u00e1quina puede utilizarse f\u00e1cilmente en casa (tomando las medidas necesarias) o en un entorno industrial. Los mineros proporcionan un entorno fresco para la miner\u00eda. Los mineros no tienen que preocuparse de las quejas de los vecinos por el ruido cuando trabajan con esta unidad.<\/p>","protected":false},"excerpt":{"rendered":"<p>EL PREDECESOR DE LA FAMOSA AVALON 1066, ESTE MODELO, EL AVALON 1166 PRO, CUENTA CON UN HASHRATE M\u00c1XIMO DE 72TH Y UN CONSUMO DE ENERG\u00cdA DE 3450W LA HORA. El minero de bitcoin\u00a0Avalon 1166 PRO 72T\u00a0de Canaan es uno de los ASIC de\u00a0miner\u00eda de bitcoin m\u00e1s potentes y eficientes fabricados por Canaan. El bitcoinminer Avalon [&hellip;]<\/p>","protected":false},"featured_media":30246,"comment_status":"open","ping_status":"closed","template":"","meta":[],"product_brand":[],"product_cat":[19],"product_tag":[52,282,138,137],"class_list":{"0":"post-30663","1":"product","2":"type-product","3":"status-publish","4":"has-post-thumbnail","6":"product_cat-mineros","7":"product_tag-asic","8":"product_tag-gme","9":"product_tag-mineros-para-avanzados","10":"product_tag-mineros-para-principiantes","12":"first","13":"outofstock","14":"shipping-taxable","15":"purchasable","16":"product-type-simple"},"_links":{"self":[{"href":"https:\/\/bitcube.es\/fr\/wp-json\/wp\/v2\/product\/30663","targetHints":{"allow":["GET"]}}],"collection":[{"href":"https:\/\/bitcube.es\/fr\/wp-json\/wp\/v2\/product"}],"about":[{"href":"https:\/\/bitcube.es\/fr\/wp-json\/wp\/v2\/types\/product"}],"replies":[{"embeddable":true,"href":"https:\/\/bitcube.es\/fr\/wp-json\/wp\/v2\/comments?post=30663"}],"wp:featuredmedia":[{"embeddable":true,"href":"https:\/\/bitcube.es\/fr\/wp-json\/wp\/v2\/media\/30246"}],"wp:attachment":[{"href":"https:\/\/bitcube.es\/fr\/wp-json\/wp\/v2\/media?parent=30663"}],"wp:term":[{"taxonomy":"product_brand","embeddable":true,"href":"https:\/\/bitcube.es\/fr\/wp-json\/wp\/v2\/product_brand?post=30663"},{"taxonomy":"product_cat","embeddable":true,"href":"https:\/\/bitcube.es\/fr\/wp-json\/wp\/v2\/product_cat?post=30663"},{"taxonomy":"product_tag","embeddable":true,"href":"https:\/\/bitcube.es\/fr\/wp-json\/wp\/v2\/product_tag?post=30663"}],"curies":[{"name":"wp","href":"https:\/\/api.w.org\/{rel}","templated":true}]}}