{"id":30664,"date":"2025-10-17T23:20:13","date_gmt":"2025-10-17T23:20:13","guid":{"rendered":"https:\/\/bitcube.es\/?post_type=product&#038;p=30664"},"modified":"2025-10-17T23:23:44","modified_gmt":"2025-10-17T23:23:44","slug":"antminer-s19-pro-96-104th","status":"publish","type":"product","link":"https:\/\/bitcube.es\/fr\/produit\/antminer-s19-pro-96-104th\/","title":{"rendered":"ANTMINER S19 PRO 96-104TH"},"content":{"rendered":"<h3>ANTMINER S19 PRO<\/h3>\n<h3><b>Qu'est-ce que Bitmain ?<\/b><\/h3>\n<p><em>Bitmain<\/em>\u00a0est une entreprise bas\u00e9e \u00e0 P\u00e9kin, en Chine. Elle est consid\u00e9r\u00e9e comme l'une des entreprises les plus importantes du secteur des crypto-monnaies pour sa production de mat\u00e9riel d'exploitation mini\u00e8re de haute qualit\u00e9 dot\u00e9 d'\u00e9normes capacit\u00e9s d'exploitation et pour ses avanc\u00e9es technologiques. Elle est le plus grand concepteur d'\u00e9quipements de minage de crypto-monnaies au monde.\u00a0<em>ASIC<\/em>\u00a0pour l'exploitation mini\u00e8re\u00a0<em>Bitcoin<\/em>.<\/p>\n<p>Bitmain, es mayormente reconocido por el hardware de Bitcoin..<\/p>\n<p>&nbsp;<\/p>\n<h3><strong>UN PEU DE BITCOIN<\/strong><\/h3>\n<p>C'est la premi\u00e8re crypto-monnaie \u00e0 avoir \u00e9t\u00e9 d\u00e9velopp\u00e9e et, par cons\u00e9quent, celle qui a ouvert la voie \u00e0 toutes les autres qui sont venues plus tard en utilisant sa technologie appel\u00e9e blockchain.<\/p>\n<p>Le nombre de bitcoins \u00e9mis chaque ann\u00e9e est d\u00e9termin\u00e9 par l'algorithme. Tous les quatre ans, la production est divis\u00e9e par deux, de sorte que seuls 21 millions de bitcoins sont \u00e9mis au total.<\/p>\n<p>C'est la grande diff\u00e9rence avec les monnaies conventionnelles, dont les banques modifient la valeur. Cela signifie que la crypto-monnaie, en l'occurrence le bitcoin, peut offrir une plus grande stabilit\u00e9 alors que les monnaies conventionnelles se d\u00e9pr\u00e9cient.<\/p>\n<p>Aujourd'hui, les crypto-monnaies sont utilis\u00e9es comme mode de paiement sur de nombreuses plateformes, la monnaie d'\u00e9change \u00e9tant dans la plupart des cas le bitcoin, car elles sont s\u00e9curis\u00e9es et priv\u00e9es.<\/p>\n<p>&nbsp;<\/p>\n<h3><strong>PRINCIPAUX AVANTAGES DE LA <a href=\"https:\/\/coinmarketcap.com\/es\/currencies\/bitcoin\/\" target=\"_blank\" rel=\"noopener\">BITCOIN<\/a><\/strong><\/h3>\n<ol>\n<li>Rapidit\u00e9 : envoyez de l'argent en quelques minutes, quels que soient le montant et la destination.<\/li>\n<li>Peu co\u00fbteux : lorsque vous effectuez un transfert par l'interm\u00e9diaire de votre banque, cela peut vous co\u00fbter beaucoup d'argent, alors qu'avec Bitcoin, le co\u00fbt est gratuit ou ne repr\u00e9sente que quelques centimes d'euros.<\/li>\n<li>Global : vous pouvez envoyer des messages partout dans le monde, il n'y a pas de fronti\u00e8res.<\/li>\n<li>D\u00e9centralis\u00e9 : aucun gouvernement\/banque ne peut le contr\u00f4ler, ni dans sa cr\u00e9ation, ni dans sa distribution.<\/li>\n<li>Propri\u00e9t\u00e9 : L'argent vous appartient 100%, il ne peut \u00eatre ponctionn\u00e9 par personne, vous \u00eates votre propre banque.<\/li>\n<li>Transparent :  Toutes les transactions sont publiques, mais toujours sous pseudonyme.<\/li>\n<li>\u00c9mission limit\u00e9e : personne ne peut g\u00e9n\u00e9rer des milliers de bitcoins juste parce qu'il en a envie, ils apparaissent gr\u00e2ce au minage.<\/li>\n<li>Priv\u00e9 : Bitcoin s'efforce de pr\u00e9server la vie priv\u00e9e, dans une tr\u00e8s large mesure, bien qu'il ne soit pas totalement anonyme et qu'il s'efforce de le devenir.<\/li>\n<\/ol>\n<p>&nbsp;<\/p>","protected":false},"excerpt":{"rendered":"<p>ANTMINER S19 PRO \u00bfQu\u00e9 es Bitmain? Bitmain\u00a0es una compa\u00f1\u00eda con sede en Beijing, China. Es considerada una de las compa\u00f1\u00edas m\u00e1s importantes en la industria de criptomonedas al generar hardware de miner\u00eda\u00a0de alta calidad, con enormes capacidades mineras y por sus avances tecnol\u00f3gicos. Es la dise\u00f1adora\u00a0m\u00e1s grande del mundo\u00a0de equipos\u00a0ASIC\u00a0para la miner\u00eda\u00a0Bitcoin. Bitmain, es mayormente [&hellip;]<\/p>","protected":false},"featured_media":30247,"comment_status":"open","ping_status":"closed","template":"","meta":[],"product_brand":[],"product_cat":[19],"product_tag":[282,138,137],"class_list":{"0":"post-30664","1":"product","2":"type-product","3":"status-publish","4":"has-post-thumbnail","6":"product_cat-mineros","7":"product_tag-gme","8":"product_tag-mineros-para-avanzados","9":"product_tag-mineros-para-principiantes","11":"first","12":"outofstock","13":"featured","14":"shipping-taxable","15":"purchasable","16":"product-type-variable","17":"has-default-attributes"},"_links":{"self":[{"href":"https:\/\/bitcube.es\/fr\/wp-json\/wp\/v2\/product\/30664","targetHints":{"allow":["GET"]}}],"collection":[{"href":"https:\/\/bitcube.es\/fr\/wp-json\/wp\/v2\/product"}],"about":[{"href":"https:\/\/bitcube.es\/fr\/wp-json\/wp\/v2\/types\/product"}],"replies":[{"embeddable":true,"href":"https:\/\/bitcube.es\/fr\/wp-json\/wp\/v2\/comments?post=30664"}],"wp:featuredmedia":[{"embeddable":true,"href":"https:\/\/bitcube.es\/fr\/wp-json\/wp\/v2\/media\/30247"}],"wp:attachment":[{"href":"https:\/\/bitcube.es\/fr\/wp-json\/wp\/v2\/media?parent=30664"}],"wp:term":[{"taxonomy":"product_brand","embeddable":true,"href":"https:\/\/bitcube.es\/fr\/wp-json\/wp\/v2\/product_brand?post=30664"},{"taxonomy":"product_cat","embeddable":true,"href":"https:\/\/bitcube.es\/fr\/wp-json\/wp\/v2\/product_cat?post=30664"},{"taxonomy":"product_tag","embeddable":true,"href":"https:\/\/bitcube.es\/fr\/wp-json\/wp\/v2\/product_tag?post=30664"}],"curies":[{"name":"wp","href":"https:\/\/api.w.org\/{rel}","templated":true}]}}