{"id":30670,"date":"2025-10-17T23:20:14","date_gmt":"2025-10-17T23:20:14","guid":{"rendered":"https:\/\/bitcube.es\/?post_type=product&#038;p=30670"},"modified":"2025-10-17T23:20:23","modified_gmt":"2025-10-17T23:20:23","slug":"ventilador-veddha-para-rig-de-mineria","status":"publish","type":"product","link":"https:\/\/bitcube.es\/fr\/produit\/ventilador-veddha-para-rig-de-mineria\/","title":{"rendered":"Veddha fan des IBC miniers"},"content":{"rendered":"<p>Ventilador de alto flujo de aire y sin ning\u00fan tipo de ruido, ideal para sitios donde hace calor y este no consigue disiparse de manera adecuada.<\/p>\n<ul>\n<li>Caracter\u00edsticas:\n<ul>\n<li>Tama\u00f1o: 12x12x2,5 cm<\/li>\n<li>Voltaje: 12V<\/li>\n<li>Velocidad: 2800RPM<\/li>\n<li>Volumen del aire: 76.5CFM (pies c\u00fabicos por minuto)<\/li>\n<li>Ruido: 19db(A)<\/li>\n<li>Potencia: m\u00e1s o menos 15% de potencia nominal<\/li>\n<li>Esperanza de vida: 600000 horas<\/li>\n<\/ul>\n<\/li>\n<\/ul>","protected":false},"excerpt":{"rendered":"<p>Ventilador de alto flujo de aire y sin ning\u00fan tipo de ruido, ideal para sitios donde hace calor y este no consigue disiparse de manera adecuada. Caracter\u00edsticas: Tama\u00f1o: 12x12x2,5 cm Voltaje: 12V Velocidad: 2800RPM Volumen del aire: 76.5CFM (pies c\u00fabicos por minuto) Ruido: 19db(A) Potencia: m\u00e1s o menos 15% de potencia nominal Esperanza de vida: [&hellip;]<\/p>","protected":false},"featured_media":30264,"comment_status":"open","ping_status":"closed","template":"","meta":[],"product_brand":[],"product_cat":[20],"product_tag":[],"class_list":{"0":"post-30670","1":"product","2":"type-product","3":"status-publish","4":"has-post-thumbnail","6":"product_cat-componentes","8":"first","9":"instock","10":"sale","11":"shipping-taxable","12":"purchasable","13":"product-type-simple"},"_links":{"self":[{"href":"https:\/\/bitcube.es\/fr\/wp-json\/wp\/v2\/product\/30670","targetHints":{"allow":["GET"]}}],"collection":[{"href":"https:\/\/bitcube.es\/fr\/wp-json\/wp\/v2\/product"}],"about":[{"href":"https:\/\/bitcube.es\/fr\/wp-json\/wp\/v2\/types\/product"}],"replies":[{"embeddable":true,"href":"https:\/\/bitcube.es\/fr\/wp-json\/wp\/v2\/comments?post=30670"}],"wp:featuredmedia":[{"embeddable":true,"href":"https:\/\/bitcube.es\/fr\/wp-json\/wp\/v2\/media\/30264"}],"wp:attachment":[{"href":"https:\/\/bitcube.es\/fr\/wp-json\/wp\/v2\/media?parent=30670"}],"wp:term":[{"taxonomy":"product_brand","embeddable":true,"href":"https:\/\/bitcube.es\/fr\/wp-json\/wp\/v2\/product_brand?post=30670"},{"taxonomy":"product_cat","embeddable":true,"href":"https:\/\/bitcube.es\/fr\/wp-json\/wp\/v2\/product_cat?post=30670"},{"taxonomy":"product_tag","embeddable":true,"href":"https:\/\/bitcube.es\/fr\/wp-json\/wp\/v2\/product_tag?post=30670"}],"curies":[{"name":"wp","href":"https:\/\/api.w.org\/{rel}","templated":true}]}}