{"id":30693,"date":"2025-10-17T23:20:30","date_gmt":"2025-10-17T23:20:30","guid":{"rendered":"https:\/\/bitcube.es\/?post_type=product&#038;p=30693"},"modified":"2025-10-17T23:20:40","modified_gmt":"2025-10-17T23:20:40","slug":"bluestar-blackminer-l1","status":"publish","type":"product","link":"https:\/\/bitcube.es\/fr\/produit\/bluestar-blackminer-l1\/","title":{"rendered":"Bluestar Blackminer L1"},"content":{"rendered":"<p>Esta m\u00e1quina, se encuentra dentro del <a href=\"https:\/\/www.asicminervalue.com\/\" target=\"_blank\" rel=\"noopener\">TOP 10<\/a> de m\u00e1quinas m\u00e1s rentables, ocupando de<br \/>\nel puesto n\u00famero 9 siendo este puesto correspondiente a la Blackminer L1\u00a0 de 4.3 Gh Por encima est\u00e1 la Antminer S19 Pro Hyd\u00a0 177Th de Bitcoin, por lo que podemos decir que<br \/>\ndentro del TOP 10 se encuentra esta m\u00e1quina.<br \/>\nVamos a hablar en general sobre las caracter\u00edsticas de la Blackminer L1.<br \/>\nPor ahora, es uno de los ASIC de miner\u00eda combinada m\u00e1s potentes del mercado, hablamos de<br \/>\nLITECOIN + DOGECOIN.<\/p>\n<h4><em><strong>Nous connaissons tous le bitcoin, n'est-ce pas ? Eh bien, ceci pourrait vous int\u00e9resser.<\/strong><\/em><\/h4>\n<p>LiteCoin \u00e9tait \u00e0 l'origine une fourche de Bitcoin, et est l'une des fourches de Bitcoin les plus utilis\u00e9es.<br \/>\ncrypto-monnaies qui, gr\u00e2ce \u00e0 l'exploitation mini\u00e8re avec des ASIC, peuvent garantir la rentabilit\u00e9 au<br \/>\nde l'op\u00e9rateur.<\/p>\n<h3><strong>SCRYPT MINING :<\/strong><\/h3>\n<p><a href=\"https:\/\/www.minandovoy.com\/categoria\/mineros\/?algoritmos=scrypt\" target=\"_blank\" rel=\"noopener\">Scrypt<\/a> realiza un hash utilizado un clave y una serie de puntos marcados en el algoritmo,<br \/>\nen ajoutant beaucoup de bruit. Le bruit est constitu\u00e9 de nombres al\u00e9atoires g\u00e9n\u00e9r\u00e9s par le<br \/>\net stock\u00e9 dans la m\u00e9moire.<br \/>\nL'objectif de ces chiffres est de camoufler des donn\u00e9es cl\u00e9s afin de rendre plus difficile leur ventilation.<br \/>\nblocs de hachage. En fin de compte, il s'agit d'une mesure de protection qui emp\u00eache les individus de<br \/>\nles attaquants malveillants peuvent acc\u00e9der aux donn\u00e9es prot\u00e9g\u00e9es par Scrypt.<\/p>\n<h3><strong>LITECOIN :<\/strong><\/h3>\n<p>LiteCoin est une crypto-monnaie cr\u00e9\u00e9e pour fournir des paiements s\u00e9curis\u00e9s, bon march\u00e9 et rapides,<br \/>\ngr\u00e2ce \u00e0 la technologie blockchain.<br \/>\nLorsque nous disons qu'il s'agit d'une fourchette de Bitcoin, c'est qu'il s'agit litt\u00e9ralement d'une fourchette, comme ceci<br \/>\ncomme une version \"all\u00e9g\u00e9e\" de la grande crypto-monnaie.<br \/>\nCe r\u00e9seau a \u00e9t\u00e9 lanc\u00e9 le 13 octobre 2011.<br \/>\nAvec 11 ans d'exp\u00e9rience, elle a r\u00e9ussi \u00e0 s'imposer aupr\u00e8s des commer\u00e7ants et des entreprises.<br \/>\na \u00e9t\u00e9 class\u00e9e parmi les dix premi\u00e8res crypto-monnaies en termes de capitalisation boursi\u00e8re<br \/>\npendant la majeure partie de son existence.<\/p>\n<h3><strong>DOGECOIN :<\/strong><\/h3>\n<p>Cette crypto-monnaie est apparue sur le march\u00e9 en 2013 dans le cadre d'un m\u00e8me, mais plus<br \/>\nPlus tard, sa communaut\u00e9 a pris la d\u00e9cision de changer le r\u00e9seau en AUXPOW, fusionnant ainsi le r\u00e9seau AUXPOW avec le r\u00e9seau AUXPOW.<br \/>\navec le r\u00e9seau LTC en septembre 2014. Cette mesure signifie que la valeur du Dogecoin<br \/>\nLe nombre de nouveaux emplois augmentera de plus de 180% en quelques semaines.<br \/>\nLe LiteCoin est la 7\u00e8me crypto-monnaie la plus utilis\u00e9e par la capitalisation du march\u00e9,<br \/>\nCela a permis \u00e0 Doge d'am\u00e9liorer consid\u00e9rablement sa s\u00e9curit\u00e9, puisqu'il dispose d'un syst\u00e8me de gestion de la s\u00e9curit\u00e9.<br \/>\nune puissance de calcul beaucoup plus \u00e9lev\u00e9e.<\/p>\n<p>BLACKMINER L1 4.3GH:<br \/>\nEl modelo de 4.3GH\u00a0 mina el algoritmo Scrypt, con un consumo de 3.450W\/Hora.<br \/>\nEn outre, il est consid\u00e9r\u00e9 comme appartenant \u00e0 la cat\u00e9gorie industrielle en raison de son niveau de bruit sup\u00e9rieur \u00e0 70 db.<br \/>\n18\/10\/22 Actualmente, genera al d\u00eda: 0.06443292 LTC + 112.6541 DOGE<\/p>\n<p><iframe loading=\"lazy\" title=\"YouTube video player\" src=\"https:\/\/www.youtube.com\/embed\/RbVABNdXT1c\" width=\"560\" height=\"315\" frameborder=\"0\" allowfullscreen=\"allowfullscreen\"><\/iframe><\/p>","protected":false},"excerpt":{"rendered":"<p>Esta m\u00e1quina, se encuentra dentro del TOP 10 de m\u00e1quinas m\u00e1s rentables, ocupando de el puesto n\u00famero 9 siendo este puesto correspondiente a la Blackminer L1\u00a0 de 4.3 Gh Por encima est\u00e1 la Antminer S19 Pro Hyd\u00a0 177Th de Bitcoin, por lo que podemos decir que dentro del TOP 10 se encuentra esta m\u00e1quina. Vamos [&hellip;]<\/p>","protected":false},"featured_media":30305,"comment_status":"open","ping_status":"closed","template":"","meta":[],"product_brand":[],"product_cat":[19],"product_tag":[138],"class_list":{"0":"post-30693","1":"product","2":"type-product","3":"status-publish","4":"has-post-thumbnail","6":"product_cat-mineros","7":"product_tag-mineros-para-avanzados","9":"first","10":"outofstock","11":"sold-individually","12":"shipping-taxable","13":"purchasable","14":"product-type-simple"},"_links":{"self":[{"href":"https:\/\/bitcube.es\/fr\/wp-json\/wp\/v2\/product\/30693","targetHints":{"allow":["GET"]}}],"collection":[{"href":"https:\/\/bitcube.es\/fr\/wp-json\/wp\/v2\/product"}],"about":[{"href":"https:\/\/bitcube.es\/fr\/wp-json\/wp\/v2\/types\/product"}],"replies":[{"embeddable":true,"href":"https:\/\/bitcube.es\/fr\/wp-json\/wp\/v2\/comments?post=30693"}],"wp:featuredmedia":[{"embeddable":true,"href":"https:\/\/bitcube.es\/fr\/wp-json\/wp\/v2\/media\/30305"}],"wp:attachment":[{"href":"https:\/\/bitcube.es\/fr\/wp-json\/wp\/v2\/media?parent=30693"}],"wp:term":[{"taxonomy":"product_brand","embeddable":true,"href":"https:\/\/bitcube.es\/fr\/wp-json\/wp\/v2\/product_brand?post=30693"},{"taxonomy":"product_cat","embeddable":true,"href":"https:\/\/bitcube.es\/fr\/wp-json\/wp\/v2\/product_cat?post=30693"},{"taxonomy":"product_tag","embeddable":true,"href":"https:\/\/bitcube.es\/fr\/wp-json\/wp\/v2\/product_tag?post=30693"}],"curies":[{"name":"wp","href":"https:\/\/api.w.org\/{rel}","templated":true}]}}