{"id":30695,"date":"2025-10-17T23:20:31","date_gmt":"2025-10-17T23:20:31","guid":{"rendered":"https:\/\/bitcube.es\/?post_type=product&#038;p=30695"},"modified":"2025-10-17T23:20:41","modified_gmt":"2025-10-17T23:20:41","slug":"fuente-de-alimentacion-2-000w","status":"publish","type":"product","link":"https:\/\/bitcube.es\/fr\/produit\/fuente-de-alimentacion-2-000w\/","title":{"rendered":"Fuente de alimentaci\u00f3n 2.000W"},"content":{"rendered":"<p><span class=\"a-list-item\">Esta fuente alimentaci\u00f3n a es adecuada para m\u00e1quinas mineras BTC ETH ETC ZEC ZEC ZCASH DGB XMR compatibles con Antminers S9, L3+ y otras m\u00e1quinas mineras de marca.<\/span><\/p>\n<ul>\n<li><span class=\"a-list-item\">La fuente de alimentaci\u00f3n de las m\u00e1quinas 2000W: 10 * 6PIN <\/span><\/li>\n<li><span class=\"a-list-item\">Tama\u00f1o de unidad \u00fanica: 240 mm * 110 m * 60 mm<\/span><\/li>\n<\/ul>\n<p><span class=\"a-list-item\">\u00a0La fuente de alimentaci\u00f3n de la m\u00e1quina minera tiene una potencia de salida nominal de 2000 W, un voltaje de 110-240 V y una eficiencia de conversi\u00f3n de hasta el 95 %. La velocidad del ventilador es de hasta 1500 RPM, compatible con el equilibrio de calidad, eficiencia y estabilidad para lograr una salida de potencia activa continua y ahorrar costos.<\/span><\/p>\n<p><span class=\"a-list-item\">Esta fuente de alimentaci\u00f3n para miner\u00eda tiene 18 tipos de l\u00edneas de salida de cobre s\u00f3lido y est\u00e1 equipada con m\u00faltiples protecciones de fuente de alimentaci\u00f3n. Cuando falla el circuito de alimentaci\u00f3n o la temperatura interna de la fuente de alimentaci\u00f3n es alta, se apagar\u00e1 autom\u00e1ticamente para proteger al minero.<\/span><\/p>","protected":false},"excerpt":{"rendered":"<p>Esta fuente alimentaci\u00f3n a es adecuada para m\u00e1quinas mineras BTC ETH ETC ZEC ZEC ZCASH DGB XMR compatibles con Antminers S9, L3+ y otras m\u00e1quinas mineras de marca. La fuente de alimentaci\u00f3n de las m\u00e1quinas 2000W: 10 * 6PIN Tama\u00f1o de unidad \u00fanica: 240 mm * 110 m * 60 mm \u00a0La fuente de alimentaci\u00f3n [&hellip;]<\/p>","protected":false},"featured_media":30307,"comment_status":"open","ping_status":"closed","template":"","meta":[],"product_brand":[],"product_cat":[20],"product_tag":[52,282,138],"class_list":{"0":"post-30695","1":"product","2":"type-product","3":"status-publish","4":"has-post-thumbnail","6":"product_cat-componentes","7":"product_tag-asic","8":"product_tag-gme","9":"product_tag-mineros-para-avanzados","11":"first","12":"instock","13":"shipping-taxable","14":"purchasable","15":"product-type-simple"},"_links":{"self":[{"href":"https:\/\/bitcube.es\/fr\/wp-json\/wp\/v2\/product\/30695","targetHints":{"allow":["GET"]}}],"collection":[{"href":"https:\/\/bitcube.es\/fr\/wp-json\/wp\/v2\/product"}],"about":[{"href":"https:\/\/bitcube.es\/fr\/wp-json\/wp\/v2\/types\/product"}],"replies":[{"embeddable":true,"href":"https:\/\/bitcube.es\/fr\/wp-json\/wp\/v2\/comments?post=30695"}],"wp:featuredmedia":[{"embeddable":true,"href":"https:\/\/bitcube.es\/fr\/wp-json\/wp\/v2\/media\/30307"}],"wp:attachment":[{"href":"https:\/\/bitcube.es\/fr\/wp-json\/wp\/v2\/media?parent=30695"}],"wp:term":[{"taxonomy":"product_brand","embeddable":true,"href":"https:\/\/bitcube.es\/fr\/wp-json\/wp\/v2\/product_brand?post=30695"},{"taxonomy":"product_cat","embeddable":true,"href":"https:\/\/bitcube.es\/fr\/wp-json\/wp\/v2\/product_cat?post=30695"},{"taxonomy":"product_tag","embeddable":true,"href":"https:\/\/bitcube.es\/fr\/wp-json\/wp\/v2\/product_tag?post=30695"}],"curies":[{"name":"wp","href":"https:\/\/api.w.org\/{rel}","templated":true}]}}