{"id":30710,"date":"2025-10-17T23:20:36","date_gmt":"2025-10-17T23:20:36","guid":{"rendered":"https:\/\/bitcube.es\/?post_type=product&#038;p=30710"},"modified":"2025-10-17T23:20:44","modified_gmt":"2025-10-17T23:20:44","slug":"whatsminer-m56-168t","status":"publish","type":"product","link":"https:\/\/bitcube.es\/fr\/produit\/whatsminer-m56-168t\/","title":{"rendered":"Whatsminer M56 168T"},"content":{"rendered":"<h2>Whatsminer M56<\/h2>\n<p>Whatsminer M56 la nueva m\u00e1quina para la<a href=\"https:\/\/www.minandovoy.com\/categoria\/mineros\/?algoritmos=sha-256\" target=\"_blank\" rel=\"noopener\"> Exploitation mini\u00e8re de Bitcoin<\/a> (SHA-256) con un poder computacional de 168T y un consumo el\u00e9ctrico de\u00a0 6554W\/Hora.<\/p>\n<p>Ce mat\u00e9riel est en cours de production \u00e0 partir d'aujourd'hui (31\/10\/2022).\u00a0<span class=\"money-symbol unit\">$<\/span>\u00a0<span class=\"price-val money-val\" data-usd-per=\"0.06931895\" data-usd=\"0.06931895\" data-rule=\"formatPriceWithoutSeparator\">9.41<\/span><span class=\"price-val money-val\" data-usd-per=\"0.06931895\" data-usd=\"0.06931895\" data-rule=\"formatPriceWithoutSeparator\">qui serait \u00e9gal \u00e0 <span class=\"pl-1 profit-val info-value\" data-profit=\"0.00000341\">0.00057288<\/span>\u00a0<span class=\"pl-1 info-value\">BTC<\/span><span class=\"pl-1 info-value\">.<\/span><\/span><\/p>\n<p>Si nous revenons au sommet le plus \u00e9lev\u00e9 que cette crypto-monnaie ait jamais atteint, nous irons jusqu'en octobre 2021, lorsqu'elle valait 64,300$, ce qui signifie que cette crypto-monnaie est en train de devenir une valeur de r\u00e9f\u00e9rence pour les investisseurs.<br \/>\nLa machine donnerait 36 831 TTP4T par jour.<\/p>\n<p>&nbsp;<\/p>\n<div class=\"currency-container d-inline-block\"><\/div>\n<p><strong>UN PEU D'HISTOIRE <a href=\"https:\/\/coinmarketcap.com\/es\/currencies\/bitcoin\/\" target=\"_blank\" rel=\"noopener\">BITCOIN<\/a><\/strong><\/p>\n<p>C'est la premi\u00e8re crypto-monnaie \u00e0 avoir \u00e9t\u00e9 d\u00e9velopp\u00e9e et, par cons\u00e9quent, celle qui a ouvert la voie \u00e0 toutes les autres qui sont venues plus tard en utilisant sa technologie appel\u00e9e blockchain.<\/p>\n<p>Le nombre de bitcoins \u00e9mis chaque ann\u00e9e est d\u00e9termin\u00e9 par l'algorithme. Tous les quatre ans, la production est divis\u00e9e par deux, de sorte que seuls 21 millions de bitcoins sont \u00e9mis au total.<\/p>\n<p>C'est la grande diff\u00e9rence avec les monnaies conventionnelles, dont les banques modifient la valeur. Cela signifie que la crypto-monnaie, en l'occurrence le bitcoin, peut offrir une plus grande stabilit\u00e9 alors que les monnaies conventionnelles se d\u00e9pr\u00e9cient.<\/p>\n<p>Aujourd'hui, les crypto-monnaies sont utilis\u00e9es comme mode de paiement sur de nombreuses plateformes, la monnaie d'\u00e9change \u00e9tant dans la plupart des cas le bitcoin, car elles sont s\u00e9curis\u00e9es et priv\u00e9es.<\/p>\n<p>&nbsp;<\/p>\n<p><strong>PRINCIPAUX AVANTAGES DU BITCOIN<\/strong><\/p>\n<ol>\n<li>Rapidit\u00e9 : envoyez de l'argent en quelques minutes, quels que soient le montant et la destination.<\/li>\n<li>Peu co\u00fbteux : lorsque vous effectuez un transfert par l'interm\u00e9diaire de votre banque, cela peut vous co\u00fbter beaucoup d'argent, alors qu'avec Bitcoin, le co\u00fbt est gratuit ou ne repr\u00e9sente que quelques centimes d'euros.<\/li>\n<li>Global : vous pouvez envoyer des messages partout dans le monde, il n'y a pas de fronti\u00e8res.<\/li>\n<li>D\u00e9centralis\u00e9 : aucun gouvernement\/banque ne peut le contr\u00f4ler, ni dans sa cr\u00e9ation, ni dans sa distribution.<\/li>\n<li>Propri\u00e9t\u00e9 : L'argent vous appartient 100%, il ne peut \u00eatre ponctionn\u00e9 par personne, vous \u00eates votre propre banque.<\/li>\n<li>Transparent :  Toutes les transactions sont publiques, mais toujours sous pseudonyme.<\/li>\n<li>\u00c9mission limit\u00e9e : personne ne peut g\u00e9n\u00e9rer des milliers de bitcoins juste parce qu'il en a envie, ils apparaissent gr\u00e2ce au minage.<\/li>\n<li>Priv\u00e9 : Bitcoin s'efforce de pr\u00e9server la vie priv\u00e9e, dans une tr\u00e8s large mesure, bien qu'il ne soit pas totalement anonyme et qu'il s'efforce de le devenir.<\/li>\n<\/ol>","protected":false},"excerpt":{"rendered":"<p>Whatsminer M56 Whatsminer M56 la nueva m\u00e1quina para la miner\u00eda de Bitcoin (SHA-256) con un poder computacional de 168T y un consumo el\u00e9ctrico de\u00a0 6554W\/Hora. Este equipo est\u00e1 produciendo a d\u00eda de hoy (31\/10\/2022)\u00a0$\u00a09.41, lo que ser\u00eda igual a 0.00057288\u00a0BTC. Si nos movemos de fecha, al pico m\u00e1s alto al que ha estado esta criptomoneda, [&hellip;]<\/p>","protected":false},"featured_media":30304,"comment_status":"open","ping_status":"closed","template":"","meta":[],"product_brand":[],"product_cat":[15],"product_tag":[],"class_list":{"0":"post-30710","1":"product","2":"type-product","3":"status-publish","4":"has-post-thumbnail","6":"product_cat-sin-categorizar","8":"first","9":"outofstock","10":"shipping-taxable","11":"purchasable","12":"product-type-simple"},"_links":{"self":[{"href":"https:\/\/bitcube.es\/fr\/wp-json\/wp\/v2\/product\/30710","targetHints":{"allow":["GET"]}}],"collection":[{"href":"https:\/\/bitcube.es\/fr\/wp-json\/wp\/v2\/product"}],"about":[{"href":"https:\/\/bitcube.es\/fr\/wp-json\/wp\/v2\/types\/product"}],"replies":[{"embeddable":true,"href":"https:\/\/bitcube.es\/fr\/wp-json\/wp\/v2\/comments?post=30710"}],"wp:featuredmedia":[{"embeddable":true,"href":"https:\/\/bitcube.es\/fr\/wp-json\/wp\/v2\/media\/30304"}],"wp:attachment":[{"href":"https:\/\/bitcube.es\/fr\/wp-json\/wp\/v2\/media?parent=30710"}],"wp:term":[{"taxonomy":"product_brand","embeddable":true,"href":"https:\/\/bitcube.es\/fr\/wp-json\/wp\/v2\/product_brand?post=30710"},{"taxonomy":"product_cat","embeddable":true,"href":"https:\/\/bitcube.es\/fr\/wp-json\/wp\/v2\/product_cat?post=30710"},{"taxonomy":"product_tag","embeddable":true,"href":"https:\/\/bitcube.es\/fr\/wp-json\/wp\/v2\/product_tag?post=30710"}],"curies":[{"name":"wp","href":"https:\/\/api.w.org\/{rel}","templated":true}]}}