{"id":30714,"date":"2025-10-17T23:20:37","date_gmt":"2025-10-17T23:20:37","guid":{"rendered":"https:\/\/bitcube.es\/?post_type=product&#038;p=30714"},"modified":"2025-10-17T23:20:44","modified_gmt":"2025-10-17T23:20:44","slug":"ibelink-bm-k3","status":"publish","type":"product","link":"https:\/\/bitcube.es\/fr\/produit\/ibelink-bm-k3\/","title":{"rendered":"Ibelink BM-K3"},"content":{"rendered":"<p>Le nouvel IBELINK BM-K3, le nouvel ASIC qui est positionn\u00e9 dans le syst\u00e8me de gestion de l'information de l'entreprise, a \u00e9t\u00e9 con\u00e7u pour r\u00e9pondre aux besoins de l'entreprise. <a href=\"https:\/\/www.asicminervalue.com\/\" target=\"_blank\" rel=\"noopener\">ASIC TOP 10<\/a> avec une rentabilit\u00e9 plus \u00e9lev\u00e9e.<\/p>\n<p>&nbsp;<\/p>\n<p>Ibelink a annonc\u00e9 en d\u00e9cembre dernier un nouveau dispositif de minage pour la crypto-monnaie Kadena avec une puissance de minage de 70Th et une consommation de 3 300w\/heure.<\/p>\n<p>Il a \u00e9t\u00e9 positionn\u00e9 dans le TOP 10 des machines rentables (IBELINK BM.K3), en dessous de l'Antminer L7, K7 et de son principal concurrent l'Antminer L7 et K7. <a href=\"https:\/\/www.minandovoy.com\/producto\/antminer-ka3\/\" target=\"_blank\" rel=\"noopener\">KA3<\/a>.<\/p>\n<p>&nbsp;<\/p>\n<p>Il convient \u00e9galement de noter que le mineur algorithmique Blake-2s Kadena est consid\u00e9r\u00e9 comme une machine industrielle, non seulement en raison de sa consommation d'\u00e9nergie, mais \u00e9galement en raison de son niveau de bruit \u00e9lev\u00e9, compris entre 70 et 80 db, facteurs qui doivent \u00eatre pris en compte si vous souhaitez vous en procurer un.<\/p>\n<h2><strong> EN SAVOIR PLUS SUR L'IBELINK BM-K3<\/strong><\/h2>\n<p><strong><br \/>\n<\/strong>Le fabricant Ibelink est n\u00e9 en avril 2018 avec l'objectif de devenir plus professionnel que n'importe lequel de ses concurrents, en commercialisant du mat\u00e9riel et des logiciels informatiques et d'autres \u00e9quipements.<br \/>\nIbelink se concentre \u00e9galement sur les puces ASIC et sur le d\u00e9veloppement et le d\u00e9ploiement de syst\u00e8mes sp\u00e9cialis\u00e9s sur les march\u00e9s mondiaux.<\/p>\n<h2><strong>Qu'est-ce que la KDA ?<\/strong><\/h2>\n<p>KDA est le jeton de la plateforme Kadena. Il est utilis\u00e9 pour payer l'ex\u00e9cution de contrats intelligents et de transactions sur la blockchain. Il est \u00e9galement utilis\u00e9 pour r\u00e9mun\u00e9rer les mineurs du r\u00e9seau pour l'extraction du prochain bloc valide.<\/p>\n<p>Cette r\u00e9compense diminue avec le temps. En d'autres termes, elle suit une proc\u00e9dure similaire \u00e0 celle du bitcoin. L'offre totale de KDA est d'un milliard de jetons, qui devraient \u00eatre min\u00e9s dans un d\u00e9lai estim\u00e9 de\u00a0<strong>120 ans.<\/strong><strong>\u00a0<\/strong><\/p>","protected":false},"excerpt":{"rendered":"<p>La nueva IBELINK BM-K3, el nuevo ASIC que se posiciona en el TOP 10 de ASIC con mayor rentabilidad. &nbsp; Ibelink anunci\u00f3 el pasado Diciembre un nuevo dispositivo de miner\u00eda para la criptomoneda Kadena con una potencia de minado de 70Th y con un consumo de 3.300w\/hora. Se ha posicionado en el TOP 10 de [&hellip;]<\/p>","protected":false},"featured_media":30329,"comment_status":"open","ping_status":"closed","template":"","meta":[],"product_brand":[],"product_cat":[19],"product_tag":[138],"class_list":{"0":"post-30714","1":"product","2":"type-product","3":"status-publish","4":"has-post-thumbnail","6":"product_cat-mineros","7":"product_tag-mineros-para-avanzados","9":"first","10":"outofstock","11":"sale","12":"shipping-taxable","13":"purchasable","14":"product-type-simple"},"_links":{"self":[{"href":"https:\/\/bitcube.es\/fr\/wp-json\/wp\/v2\/product\/30714","targetHints":{"allow":["GET"]}}],"collection":[{"href":"https:\/\/bitcube.es\/fr\/wp-json\/wp\/v2\/product"}],"about":[{"href":"https:\/\/bitcube.es\/fr\/wp-json\/wp\/v2\/types\/product"}],"replies":[{"embeddable":true,"href":"https:\/\/bitcube.es\/fr\/wp-json\/wp\/v2\/comments?post=30714"}],"wp:featuredmedia":[{"embeddable":true,"href":"https:\/\/bitcube.es\/fr\/wp-json\/wp\/v2\/media\/30329"}],"wp:attachment":[{"href":"https:\/\/bitcube.es\/fr\/wp-json\/wp\/v2\/media?parent=30714"}],"wp:term":[{"taxonomy":"product_brand","embeddable":true,"href":"https:\/\/bitcube.es\/fr\/wp-json\/wp\/v2\/product_brand?post=30714"},{"taxonomy":"product_cat","embeddable":true,"href":"https:\/\/bitcube.es\/fr\/wp-json\/wp\/v2\/product_cat?post=30714"},{"taxonomy":"product_tag","embeddable":true,"href":"https:\/\/bitcube.es\/fr\/wp-json\/wp\/v2\/product_tag?post=30714"}],"curies":[{"name":"wp","href":"https:\/\/api.w.org\/{rel}","templated":true}]}}