{"id":30715,"date":"2025-10-17T23:20:37","date_gmt":"2025-10-17T23:20:37","guid":{"rendered":"https:\/\/bitcube.es\/?post_type=product&#038;p=30715"},"modified":"2025-10-17T23:23:44","modified_gmt":"2025-10-17T23:23:44","slug":"antminer-s19j-xp-117-151-th","status":"publish","type":"product","link":"https:\/\/bitcube.es\/fr\/produit\/antminer-s19j-xp-117-151-th\/","title":{"rendered":"Antminer S19J XP 117-151 TH"},"content":{"rendered":"<p><b>Qu'est-ce que Bitmain ?<\/b><\/p>\n<p><em>Bitmain<\/em>\u00a0est une entreprise bas\u00e9e \u00e0 P\u00e9kin, en Chine. Elle est consid\u00e9r\u00e9e comme l'une des entreprises les plus importantes de l'industrie des crypto-monnaies pour sa production de mat\u00e9riel de minage de haute qualit\u00e9 avec d'\u00e9normes capacit\u00e9s de minage et pour ses avanc\u00e9es technologiques. Elle est le plus grand concepteur de <a href=\"https:\/\/www.minandovoy.com\/categoria\/mineros\/\" target=\"_blank\" rel=\"noopener\">\u00e9quipement\u00a0<em>ASIC<\/em><\/a>\u00a0pour l'exploitation mini\u00e8re\u00a0<em>Bitcoin<\/em>.<\/p>\n<p>Bitmain, es mayormente reconocido por el hardware de Bitcoin.<\/p>\n<p>[asicminer_widget miner=\u00bbbitmain\/antminer-s19j-xp-151th\u00bb]<\/p>\n<h4><b>Bitmain, empresa n\u00ba1 en chips.<\/b><\/h4>\n<p><em>Bitmain<\/em>\u00a0est une entreprise bas\u00e9e \u00e0 P\u00e9kin, en Chine. Elle est consid\u00e9r\u00e9e comme l'une des entreprises les plus importantes du secteur des crypto-monnaies pour sa production de mat\u00e9riel d'exploitation mini\u00e8re de haute qualit\u00e9 dot\u00e9 d'\u00e9normes capacit\u00e9s d'exploitation et pour ses avanc\u00e9es technologiques. Elle est le plus grand concepteur d'\u00e9quipements de minage de crypto-monnaies au monde.\u00a0<em>ASIC<\/em>\u00a0pour l'exploitation mini\u00e8re\u00a0<em>Bitcoin<\/em>.<\/p>\n<p>Bitmain est surtout connue pour son mat\u00e9riel Bitcoin, bien qu'elle s'int\u00e9resse \u00e0 des projets qui apportent de la solidit\u00e9 \u00e0 son activit\u00e9, comme Ethereum\/Ethereum Classic.<\/p>\n<p>En avril 2021, le grand constructeur a annonc\u00e9 le lancement d'une machine de minage d'Ethreum, Antminer E9. Cette v\u00e9ritable b\u00eate a une puissance \u00e9quivalente \u00e0 25 GPU Nvidia RTX 3080.<\/p>\n<p>&nbsp;<\/p>\n<h4>Miner\u00eda del algoritmo SHA-256 para la\u00a0ANTMINER S19J PRO+<\/h4>\n<p>La miner\u00eda del algoritmo SHA-256 se refiere al proceso de validar transacciones y asegurar la red utilizando este algoritmo de hash criptogr\u00e1fico. Aqu\u00ed tienes informaci\u00f3n sobre la miner\u00eda del algoritmo SHA-256:<\/p>\n<ol>\n<li><strong>Algoritmo de hash SHA-256<\/strong>: El SHA-256 (Secure Hash Algorithm 256-bit) es un algoritmo criptogr\u00e1fico ampliamente utilizado en la miner\u00eda de criptomonedas, incluyendo Bitcoin. Es un algoritmo que genera un hash de 256 bits, lo que garantiza una alta seguridad y resistencia a la manipulaci\u00f3n.<\/li>\n<li><strong>Proof-of-Work (Prueba de Trabajo)<\/strong>: La miner\u00eda de SHA-256 se basa en el consenso Proof-of-Work (PoW). Los mineros compiten para resolver un problema matem\u00e1tico complejo utilizando su poder de procesamiento y encontrar un valor hash v\u00e1lido que cumpla con ciertos requisitos establecidos por el algoritmo. Este proceso requiere una gran cantidad de energ\u00eda y poder de c\u00f3mputo.<\/li>\n<li><strong>Hardware de miner\u00eda<\/strong>: La miner\u00eda de SHA-256 requiere hardware especializado conocido como ASICs (Application-Specific Integrated Circuits). Estos dispositivos est\u00e1n dise\u00f1ados espec\u00edficamente para realizar c\u00e1lculos de hash de manera eficiente y tienen una alta capacidad de procesamiento en comparaci\u00f3n con las GPU o las CPU convencionales.<\/li>\n<li><strong>Pools miniers<\/strong>: Debido a la creciente dificultad de la miner\u00eda de SHA-256 y la competencia entre los mineros, muchos optan por unirse a pools de miner\u00eda. Estos pools permiten a los mineros combinar su poder de procesamiento y aumentar sus posibilidades de resolver bloques y recibir recompensas de manera m\u00e1s regular. Las recompensas se distribuyen entre los miembros del pool en funci\u00f3n de su contribuci\u00f3n al poder de hash total del pool.<\/li>\n<li><strong>Rentabilidad y consideraciones<\/strong>: La rentabilidad de la miner\u00eda de SHA-256 depende de varios factores, como el costo de la electricidad, el precio del token minado, la dificultad de la red y la eficiencia del hardware utilizado. La miner\u00eda de SHA-256 en redes como Bitcoin es altamente competitiva y requiere una inversi\u00f3n inicial significativa en hardware y electricidad. Es importante realizar c\u00e1lculos de rentabilidad y tener en cuenta los costos asociados antes de involucrarse en la miner\u00eda de SHA-256.<\/li>\n<\/ol>\n<p>&nbsp;<\/p>\n<h4><strong>PRINCIPAUX AVANTAGES DU BITCOIN<\/strong><\/h4>\n<ol>\n<li>Rapidit\u00e9 : envoyez de l'argent en quelques minutes, quels que soient le montant et la destination.<\/li>\n<li>Peu co\u00fbteux : lorsque vous effectuez un transfert par l'interm\u00e9diaire de votre banque, cela peut vous co\u00fbter beaucoup d'argent, alors qu'avec Bitcoin, le co\u00fbt est gratuit ou ne repr\u00e9sente que quelques centimes d'euros.<\/li>\n<li>Global : vous pouvez envoyer des messages partout dans le monde, il n'y a pas de fronti\u00e8res.<\/li>\n<li>D\u00e9centralis\u00e9 : aucun gouvernement\/banque ne peut le contr\u00f4ler, ni dans sa cr\u00e9ation, ni dans sa distribution.<\/li>\n<li>Propri\u00e9t\u00e9 : L'argent vous appartient 100%, il ne peut \u00eatre ponctionn\u00e9 par personne, vous \u00eates votre propre banque.<\/li>\n<li>Transparent :  Toutes les transactions sont publiques, mais toujours sous pseudonyme.<\/li>\n<li>\u00c9mission limit\u00e9e : personne ne peut g\u00e9n\u00e9rer des milliers de bitcoins juste parce qu'il en a envie, ils apparaissent gr\u00e2ce au minage.<\/li>\n<li>Priv\u00e9 : Bitcoin s'efforce de pr\u00e9server la vie priv\u00e9e, dans une tr\u00e8s large mesure, bien qu'il ne soit pas totalement anonyme et qu'il s'efforce de le devenir.<\/li>\n<\/ol>","protected":false},"excerpt":{"rendered":"<p>\u00bfQu\u00e9 es Bitmain? Bitmain\u00a0es una compa\u00f1\u00eda con sede en Beijing, China. Es considerada una de las compa\u00f1\u00edas m\u00e1s importantes en la industria de criptomonedas al generar hardware de miner\u00eda\u00a0de alta calidad, con enormes capacidades mineras y por sus avances tecnol\u00f3gicos. Es la dise\u00f1adora\u00a0m\u00e1s grande del mundo\u00a0de equipos\u00a0ASIC\u00a0para la miner\u00eda\u00a0Bitcoin. Bitmain, es mayormente reconocido por el [&hellip;]<\/p>","protected":false},"featured_media":30330,"comment_status":"open","ping_status":"closed","template":"","meta":[],"product_brand":[],"product_cat":[19],"product_tag":[138,137,49],"class_list":{"0":"post-30715","1":"product","2":"type-product","3":"status-publish","4":"has-post-thumbnail","6":"product_cat-mineros","7":"product_tag-mineros-para-avanzados","8":"product_tag-mineros-para-principiantes","9":"product_tag-preorder","11":"first","12":"instock","13":"featured","14":"shipping-taxable","15":"purchasable","16":"product-type-variable","17":"has-default-attributes"},"_links":{"self":[{"href":"https:\/\/bitcube.es\/fr\/wp-json\/wp\/v2\/product\/30715","targetHints":{"allow":["GET"]}}],"collection":[{"href":"https:\/\/bitcube.es\/fr\/wp-json\/wp\/v2\/product"}],"about":[{"href":"https:\/\/bitcube.es\/fr\/wp-json\/wp\/v2\/types\/product"}],"replies":[{"embeddable":true,"href":"https:\/\/bitcube.es\/fr\/wp-json\/wp\/v2\/comments?post=30715"}],"wp:featuredmedia":[{"embeddable":true,"href":"https:\/\/bitcube.es\/fr\/wp-json\/wp\/v2\/media\/30330"}],"wp:attachment":[{"href":"https:\/\/bitcube.es\/fr\/wp-json\/wp\/v2\/media?parent=30715"}],"wp:term":[{"taxonomy":"product_brand","embeddable":true,"href":"https:\/\/bitcube.es\/fr\/wp-json\/wp\/v2\/product_brand?post=30715"},{"taxonomy":"product_cat","embeddable":true,"href":"https:\/\/bitcube.es\/fr\/wp-json\/wp\/v2\/product_cat?post=30715"},{"taxonomy":"product_tag","embeddable":true,"href":"https:\/\/bitcube.es\/fr\/wp-json\/wp\/v2\/product_tag?post=30715"}],"curies":[{"name":"wp","href":"https:\/\/api.w.org\/{rel}","templated":true}]}}