{"id":30716,"date":"2025-10-17T23:20:37","date_gmt":"2025-10-17T23:20:37","guid":{"rendered":"https:\/\/bitcube.es\/?post_type=product&#038;p=30716"},"modified":"2025-10-17T23:20:45","modified_gmt":"2025-10-17T23:20:45","slug":"antminer-hs3-9th","status":"publish","type":"product","link":"https:\/\/bitcube.es\/fr\/produit\/antminer-hs3-9th\/","title":{"rendered":"Antminer HS3 9Th"},"content":{"rendered":"<p>\u00bfConoces la miner\u00eda de HANDSHAKE? Seguro que alguna vez has escuchado hablar de ella, el nuevo lanzamiento, Antminer HS3 9T te convencer\u00e1 de querer minar esta criptomoneda.<\/p>\n<p>Pues esta m\u00e1quina es la m\u00e1s rentable para la miner\u00eda del algoritmo <a href=\"https:\/\/coinmarketcap.com\/es\/currencies\/handshake\/\" target=\"_blank\" rel=\"noopener\"><b>Poign\u00e9e de main<\/b><\/a>, con una potencia de minado de 9TH por segundo y un consumo de 2.079W\/Hora.<\/p>\n<p>Se trata de la ANTMINER HS3 9T.<\/p>\n<p>[asicminer_widget miner=\u00bbbitmain\/antminer-hs3-9th\u00bb]<\/p>\n<h3><b>Qu'est-ce que Bitmain ?<\/b><\/h3>\n<p><em>Bitmain<\/em>\u00a0est une entreprise bas\u00e9e \u00e0 P\u00e9kin, en Chine. Elle est consid\u00e9r\u00e9e comme l'une des entreprises les plus importantes de l'industrie des crypto-monnaies pour sa production de mat\u00e9riel de minage de haute qualit\u00e9 avec d'\u00e9normes capacit\u00e9s de minage et pour ses avanc\u00e9es technologiques. Elle est le plus grand concepteur de\u00a0<a href=\"https:\/\/www.minandovoy.com\/categoria\/mineros\/\" target=\"_blank\" rel=\"noopener\">\u00e9quipement\u00a0<em>ASIC<\/em><\/a>\u00a0pour l'exploitation mini\u00e8re\u00a0<em>Bitcoin<\/em>.<\/p>\n<p>Bitmain est surtout connue pour son mat\u00e9riel Bitcoin, bien qu'elle s'int\u00e9resse \u00e0 des projets qui apportent de la solidit\u00e9 \u00e0 son activit\u00e9, comme Ethereum\/Ethereum Classic.<\/p>\n<p>En avril 2021, le grand constructeur a annonc\u00e9 le lancement d'une machine d'extraction d'Ethreum qui sera baptis\u00e9e,\u00a0<a href=\"https:\/\/www.asicminervalue.com\/miners\/bitmain\/antminer-e9-2-4gh\" target=\"_blank\" rel=\"noopener\">Antminer E9<\/a>. Cette v\u00e9ritable b\u00eate a une puissance \u00e9quivalente \u00e0 celle de 25 GPU Nvidia RTX 3080.<\/p>\n<p>&nbsp;<\/p>\n<h2>UN PEU D'HISTOIRE <a href=\"https:\/\/www.minandovoy.com\/tienda\/?algoritmos=handshake\" target=\"_blank\" rel=\"noopener\">HANDSHAKE<\/a> y la miner\u00eda con la nueva antminer HS3 9T:<\/h2>\n<p>Handshake es un proyecto blockchain al que el equipo define como un \u00ab<strong>protocolo de nomenclatura descentralizado y sin permiso compatible con DNS<\/strong>\u00a0donde cada par est\u00e1 validando y a cargo de administrar la zona ra\u00edz con el objetivo de crear una alternativa a las autoridades de certificaci\u00f3n existentes\u00bb.<\/p>\n<p>Lo que pretende Handshake es <strong>remplazar el archivo de la zona ra\u00edz y los servidores ra\u00edz con un bien p\u00fablico<\/strong>. De esta forma, su protocolo mantiene el archivo de la zona ra\u00edz de manera descentralizada.<\/p>\n<p>Handshake pretende <strong>reemplazar las entidades digitales que actualmente autentican los pagos web<\/strong>. Adem\u00e1s, pretende recompensar a aquellos que contribuyan a la infraestructura esencial para Internet.<\/p>\n<p>&nbsp;<\/p>","protected":false},"excerpt":{"rendered":"<p>\u00bfConoces la miner\u00eda de HANDSHAKE? Seguro que alguna vez has escuchado hablar de ella, el nuevo lanzamiento, Antminer HS3 9T te convencer\u00e1 de querer minar esta criptomoneda. Pues esta m\u00e1quina es la m\u00e1s rentable para la miner\u00eda del algoritmo Handshake, con una potencia de minado de 9TH por segundo y un consumo de 2.079W\/Hora. Se [&hellip;]<\/p>","protected":false},"featured_media":30345,"comment_status":"open","ping_status":"closed","template":"","meta":[],"product_brand":[],"product_cat":[19],"product_tag":[],"class_list":{"0":"post-30716","1":"product","2":"type-product","3":"status-publish","4":"has-post-thumbnail","6":"product_cat-mineros","8":"first","9":"outofstock","10":"shipping-taxable","11":"purchasable","12":"product-type-simple"},"_links":{"self":[{"href":"https:\/\/bitcube.es\/fr\/wp-json\/wp\/v2\/product\/30716","targetHints":{"allow":["GET"]}}],"collection":[{"href":"https:\/\/bitcube.es\/fr\/wp-json\/wp\/v2\/product"}],"about":[{"href":"https:\/\/bitcube.es\/fr\/wp-json\/wp\/v2\/types\/product"}],"replies":[{"embeddable":true,"href":"https:\/\/bitcube.es\/fr\/wp-json\/wp\/v2\/comments?post=30716"}],"wp:featuredmedia":[{"embeddable":true,"href":"https:\/\/bitcube.es\/fr\/wp-json\/wp\/v2\/media\/30345"}],"wp:attachment":[{"href":"https:\/\/bitcube.es\/fr\/wp-json\/wp\/v2\/media?parent=30716"}],"wp:term":[{"taxonomy":"product_brand","embeddable":true,"href":"https:\/\/bitcube.es\/fr\/wp-json\/wp\/v2\/product_brand?post=30716"},{"taxonomy":"product_cat","embeddable":true,"href":"https:\/\/bitcube.es\/fr\/wp-json\/wp\/v2\/product_cat?post=30716"},{"taxonomy":"product_tag","embeddable":true,"href":"https:\/\/bitcube.es\/fr\/wp-json\/wp\/v2\/product_tag?post=30716"}],"curies":[{"name":"wp","href":"https:\/\/api.w.org\/{rel}","templated":true}]}}